{"id":924,"date":"2023-02-02T18:31:14","date_gmt":"2023-02-02T18:31:14","guid":{"rendered":"https:\/\/www.detrailbikes.com\/product\/stig-135\/"},"modified":"2025-06-05T00:00:03","modified_gmt":"2025-06-04T22:00:03","slug":"stig-135","status":"publish","type":"product","link":"https:\/\/www.detrailbikes.com\/sv\/produkt\/stig-135\/","title":{"rendered":"Stig 135"},"content":{"rendered":"<p class=\"p1\">V\u00e4lj mellan noga utvalda komponentgrupper f\u00f6r att du skall kunna angripa stigen precis s\u00e5 som du \u00f6nskar. Efter det handbygger vi din cykel anpassat efter dina m\u00e5tt och preferenser. Efter din best\u00e4llning kontaktar vi dig f\u00f6r att samla in dina m\u00e5tt och optimera inst\u00e4llningarna p\u00e5 cykeln.<\/p>\n<ul>\n<li><strong>1-2 veckors byggtid<\/strong><\/li>\n<li>DHL Hemleverans i stor kartong med minimal montering.<\/li>\n<li>Support och direktkontakt med personen som byggt din cykel<\/li>\n<li>5 \u00e5rs ramgaranti<\/li>\n<li>Vad tycker kunder om v\u00e5ra cyklar? <a href=\"https:\/\/www.detrailbikes.com\/sv\/kunder\/\">L\u00e4s mer&gt;<\/a><\/li>\n<\/ul>\n","protected":false},"excerpt":{"rendered":"<p>V\u00e4lj mellan noga utvalda komponentgrupper f\u00f6r att du skall kunna angripa stigen precis s\u00e5 som du \u00f6nskar. Efter det handbygger vi din cykel anpassat efter dina m\u00e5tt och preferenser. Efter din best\u00e4llning kontaktar vi dig f\u00f6r att samla in dina m\u00e5tt och optimera inst\u00e4llningarna p\u00e5 cykeln. 1-2 veckors byggtid DHL Hemleverans i stor kartong med [&hellip;]<\/p>\n","protected":false},"featured_media":19398,"template":"","meta":{"_acf_changed":false},"product_brand":[],"product_cat":[59],"product_tag":[],"class_list":{"0":"post-924","1":"product","2":"type-product","3":"status-publish","4":"has-post-thumbnail","6":"product_cat-cyklar","7":"product_shipping_class-cykel","9":"first","10":"instock","11":"taxable","12":"shipping-taxable","13":"purchasable","14":"product-type-variable","15":"has-default-attributes"},"acf":[],"yoast_head":"<!-- This site is optimized with the Yoast SEO plugin v27.2 - https:\/\/yoast.com\/product\/yoast-seo-wordpress\/ -->\n<title>Konfigurera &amp; k\u00f6p Stig 135 - Detrail Bikes<\/title>\n<meta name=\"robots\" content=\"index, follow, max-snippet:-1, max-image-preview:large, max-video-preview:-1\" \/>\n<link rel=\"canonical\" href=\"https:\/\/www.detrailbikes.com\/sv\/produkt\/stig-135\/\" \/>\n<meta property=\"og:locale\" content=\"sv_SE\" \/>\n<meta property=\"og:type\" content=\"article\" \/>\n<meta property=\"og:title\" content=\"Konfigurera &amp; k\u00f6p Stig 135 - Detrail Bikes\" \/>\n<meta property=\"og:description\" content=\"V\u00e4lj mellan noga utvalda komponentgrupper f\u00f6r att du skall kunna angripa stigen precis s\u00e5 som du \u00f6nskar. Efter det handbygger vi din cykel anpassat efter dina m\u00e5tt och preferenser. Efter din best\u00e4llning kontaktar vi dig f\u00f6r att samla in dina m\u00e5tt och optimera inst\u00e4llningarna p\u00e5 cykeln. 1-2 veckors byggtid DHL Hemleverans i stor kartong med [&hellip;]\" \/>\n<meta property=\"og:url\" content=\"https:\/\/www.detrailbikes.com\/sv\/produkt\/stig-135\/\" \/>\n<meta property=\"og:site_name\" content=\"Detrail Bikes\" \/>\n<meta property=\"article:modified_time\" content=\"2025-06-04T22:00:03+00:00\" \/>\n<meta property=\"og:image\" content=\"https:\/\/www.detrailbikes.com\/wp-content\/uploads\/2024\/10\/S135-SMG-S3D3B2_25.jpg\" \/>\n\t<meta property=\"og:image:width\" content=\"1920\" \/>\n\t<meta property=\"og:image:height\" content=\"1080\" \/>\n\t<meta property=\"og:image:type\" content=\"image\/jpeg\" \/>\n<meta name=\"twitter:card\" content=\"summary_large_image\" \/>\n<meta name=\"twitter:label1\" content=\"Ber\u00e4knad l\u00e4stid\" \/>\n\t<meta name=\"twitter:data1\" content=\"1 minut\" \/>\n<script type=\"application\/ld+json\" class=\"yoast-schema-graph\">{\"@context\":\"https:\/\/schema.org\",\"@graph\":[{\"@type\":\"WebPage\",\"@id\":\"https:\/\/www.detrailbikes.com\/sv\/produkt\/stig-135\/\",\"url\":\"https:\/\/www.detrailbikes.com\/sv\/produkt\/stig-135\/\",\"name\":\"Konfigurera & k\u00f6p Stig 135 - Detrail Bikes\",\"isPartOf\":{\"@id\":\"https:\/\/www.detrailbikes.com\/sv\/#website\"},\"primaryImageOfPage\":{\"@id\":\"https:\/\/www.detrailbikes.com\/sv\/produkt\/stig-135\/#primaryimage\"},\"image\":{\"@id\":\"https:\/\/www.detrailbikes.com\/sv\/produkt\/stig-135\/#primaryimage\"},\"thumbnailUrl\":\"https:\/\/www.detrailbikes.com\/wp-content\/uploads\/2024\/10\/S135-SMG-S3D3B2_25.jpg\",\"datePublished\":\"2023-02-02T18:31:14+00:00\",\"dateModified\":\"2025-06-04T22:00:03+00:00\",\"breadcrumb\":{\"@id\":\"https:\/\/www.detrailbikes.com\/sv\/produkt\/stig-135\/#breadcrumb\"},\"inLanguage\":\"sv-SE\",\"potentialAction\":[{\"@type\":\"ReadAction\",\"target\":[\"https:\/\/www.detrailbikes.com\/sv\/produkt\/stig-135\/\"]}]},{\"@type\":\"ImageObject\",\"inLanguage\":\"sv-SE\",\"@id\":\"https:\/\/www.detrailbikes.com\/sv\/produkt\/stig-135\/#primaryimage\",\"url\":\"https:\/\/www.detrailbikes.com\/wp-content\/uploads\/2024\/10\/S135-SMG-S3D3B2_25.jpg\",\"contentUrl\":\"https:\/\/www.detrailbikes.com\/wp-content\/uploads\/2024\/10\/S135-SMG-S3D3B2_25.jpg\",\"width\":1920,\"height\":1080},{\"@type\":\"BreadcrumbList\",\"@id\":\"https:\/\/www.detrailbikes.com\/sv\/produkt\/stig-135\/#breadcrumb\",\"itemListElement\":[{\"@type\":\"ListItem\",\"position\":1,\"name\":\"Home\",\"item\":\"https:\/\/www.detrailbikes.com\/sv\/\"},{\"@type\":\"ListItem\",\"position\":2,\"name\":\"Butik\",\"item\":\"https:\/\/www.detrailbikes.com\/sv\/butik\/\"},{\"@type\":\"ListItem\",\"position\":3,\"name\":\"Stig 135\"}]},{\"@type\":\"WebSite\",\"@id\":\"https:\/\/www.detrailbikes.com\/sv\/#website\",\"url\":\"https:\/\/www.detrailbikes.com\/sv\/\",\"name\":\"Detrail Bikes\",\"description\":\"\",\"publisher\":{\"@id\":\"https:\/\/www.detrailbikes.com\/sv\/#organization\"},\"potentialAction\":[{\"@type\":\"SearchAction\",\"target\":{\"@type\":\"EntryPoint\",\"urlTemplate\":\"https:\/\/www.detrailbikes.com\/sv\/?s={search_term_string}\"},\"query-input\":{\"@type\":\"PropertyValueSpecification\",\"valueRequired\":true,\"valueName\":\"search_term_string\"}}],\"inLanguage\":\"sv-SE\"},{\"@type\":\"Organization\",\"@id\":\"https:\/\/www.detrailbikes.com\/sv\/#organization\",\"name\":\"Detrail\",\"url\":\"https:\/\/www.detrailbikes.com\/sv\/\",\"logo\":{\"@type\":\"ImageObject\",\"inLanguage\":\"sv-SE\",\"@id\":\"https:\/\/www.detrailbikes.com\/sv\/#\/schema\/logo\/image\/\",\"url\":\"https:\/\/www.detrailbikes.com\/wp-content\/uploads\/2022\/04\/detrail-logo-horizontal-black.png\",\"contentUrl\":\"https:\/\/www.detrailbikes.com\/wp-content\/uploads\/2022\/04\/detrail-logo-horizontal-black.png\",\"width\":1266,\"height\":135,\"caption\":\"Detrail\"},\"image\":{\"@id\":\"https:\/\/www.detrailbikes.com\/sv\/#\/schema\/logo\/image\/\"},\"sameAs\":[\"https:\/\/www.instagram.com\/detrailbikes\/\"]}]}<\/script>\n<!-- \/ Yoast SEO plugin. -->","yoast_head_json":{"title":"Konfigurera & k\u00f6p Stig 135 - Detrail Bikes","robots":{"index":"index","follow":"follow","max-snippet":"max-snippet:-1","max-image-preview":"max-image-preview:large","max-video-preview":"max-video-preview:-1"},"canonical":"https:\/\/www.detrailbikes.com\/sv\/produkt\/stig-135\/","og_locale":"sv_SE","og_type":"article","og_title":"Konfigurera & k\u00f6p Stig 135 - Detrail Bikes","og_description":"V\u00e4lj mellan noga utvalda komponentgrupper f\u00f6r att du skall kunna angripa stigen precis s\u00e5 som du \u00f6nskar. Efter det handbygger vi din cykel anpassat efter dina m\u00e5tt och preferenser. Efter din best\u00e4llning kontaktar vi dig f\u00f6r att samla in dina m\u00e5tt och optimera inst\u00e4llningarna p\u00e5 cykeln. 1-2 veckors byggtid DHL Hemleverans i stor kartong med [&hellip;]","og_url":"https:\/\/www.detrailbikes.com\/sv\/produkt\/stig-135\/","og_site_name":"Detrail Bikes","article_modified_time":"2025-06-04T22:00:03+00:00","og_image":[{"width":1920,"height":1080,"url":"https:\/\/www.detrailbikes.com\/wp-content\/uploads\/2024\/10\/S135-SMG-S3D3B2_25.jpg","type":"image\/jpeg"}],"twitter_card":"summary_large_image","twitter_misc":{"Ber\u00e4knad l\u00e4stid":"1 minut"},"schema":{"@context":"https:\/\/schema.org","@graph":[{"@type":"WebPage","@id":"https:\/\/www.detrailbikes.com\/sv\/produkt\/stig-135\/","url":"https:\/\/www.detrailbikes.com\/sv\/produkt\/stig-135\/","name":"Konfigurera & k\u00f6p Stig 135 - Detrail Bikes","isPartOf":{"@id":"https:\/\/www.detrailbikes.com\/sv\/#website"},"primaryImageOfPage":{"@id":"https:\/\/www.detrailbikes.com\/sv\/produkt\/stig-135\/#primaryimage"},"image":{"@id":"https:\/\/www.detrailbikes.com\/sv\/produkt\/stig-135\/#primaryimage"},"thumbnailUrl":"https:\/\/www.detrailbikes.com\/wp-content\/uploads\/2024\/10\/S135-SMG-S3D3B2_25.jpg","datePublished":"2023-02-02T18:31:14+00:00","dateModified":"2025-06-04T22:00:03+00:00","breadcrumb":{"@id":"https:\/\/www.detrailbikes.com\/sv\/produkt\/stig-135\/#breadcrumb"},"inLanguage":"sv-SE","potentialAction":[{"@type":"ReadAction","target":["https:\/\/www.detrailbikes.com\/sv\/produkt\/stig-135\/"]}]},{"@type":"ImageObject","inLanguage":"sv-SE","@id":"https:\/\/www.detrailbikes.com\/sv\/produkt\/stig-135\/#primaryimage","url":"https:\/\/www.detrailbikes.com\/wp-content\/uploads\/2024\/10\/S135-SMG-S3D3B2_25.jpg","contentUrl":"https:\/\/www.detrailbikes.com\/wp-content\/uploads\/2024\/10\/S135-SMG-S3D3B2_25.jpg","width":1920,"height":1080},{"@type":"BreadcrumbList","@id":"https:\/\/www.detrailbikes.com\/sv\/produkt\/stig-135\/#breadcrumb","itemListElement":[{"@type":"ListItem","position":1,"name":"Home","item":"https:\/\/www.detrailbikes.com\/sv\/"},{"@type":"ListItem","position":2,"name":"Butik","item":"https:\/\/www.detrailbikes.com\/sv\/butik\/"},{"@type":"ListItem","position":3,"name":"Stig 135"}]},{"@type":"WebSite","@id":"https:\/\/www.detrailbikes.com\/sv\/#website","url":"https:\/\/www.detrailbikes.com\/sv\/","name":"Detrail Bikes","description":"","publisher":{"@id":"https:\/\/www.detrailbikes.com\/sv\/#organization"},"potentialAction":[{"@type":"SearchAction","target":{"@type":"EntryPoint","urlTemplate":"https:\/\/www.detrailbikes.com\/sv\/?s={search_term_string}"},"query-input":{"@type":"PropertyValueSpecification","valueRequired":true,"valueName":"search_term_string"}}],"inLanguage":"sv-SE"},{"@type":"Organization","@id":"https:\/\/www.detrailbikes.com\/sv\/#organization","name":"Detrail","url":"https:\/\/www.detrailbikes.com\/sv\/","logo":{"@type":"ImageObject","inLanguage":"sv-SE","@id":"https:\/\/www.detrailbikes.com\/sv\/#\/schema\/logo\/image\/","url":"https:\/\/www.detrailbikes.com\/wp-content\/uploads\/2022\/04\/detrail-logo-horizontal-black.png","contentUrl":"https:\/\/www.detrailbikes.com\/wp-content\/uploads\/2022\/04\/detrail-logo-horizontal-black.png","width":1266,"height":135,"caption":"Detrail"},"image":{"@id":"https:\/\/www.detrailbikes.com\/sv\/#\/schema\/logo\/image\/"},"sameAs":["https:\/\/www.instagram.com\/detrailbikes\/"]}]}},"_links":{"self":[{"href":"https:\/\/www.detrailbikes.com\/sv\/wp-json\/wp\/v2\/product\/924","targetHints":{"allow":["GET"]}}],"collection":[{"href":"https:\/\/www.detrailbikes.com\/sv\/wp-json\/wp\/v2\/product"}],"about":[{"href":"https:\/\/www.detrailbikes.com\/sv\/wp-json\/wp\/v2\/types\/product"}],"wp:featuredmedia":[{"embeddable":true,"href":"https:\/\/www.detrailbikes.com\/sv\/wp-json\/wp\/v2\/media\/19398"}],"wp:attachment":[{"href":"https:\/\/www.detrailbikes.com\/sv\/wp-json\/wp\/v2\/media?parent=924"}],"wp:term":[{"taxonomy":"product_brand","embeddable":true,"href":"https:\/\/www.detrailbikes.com\/sv\/wp-json\/wp\/v2\/product_brand?post=924"},{"taxonomy":"product_cat","embeddable":true,"href":"https:\/\/www.detrailbikes.com\/sv\/wp-json\/wp\/v2\/product_cat?post=924"},{"taxonomy":"product_tag","embeddable":true,"href":"https:\/\/www.detrailbikes.com\/sv\/wp-json\/wp\/v2\/product_tag?post=924"}],"curies":[{"name":"wp","href":"https:\/\/api.w.org\/{rel}","templated":true}]}}