{"id":6583,"date":"2023-01-25T20:45:46","date_gmt":"2023-01-25T19:45:46","guid":{"rendered":"https:\/\/www.detrailbikes.com\/product\/sadelstolps-klamma\/"},"modified":"2024-08-25T20:59:37","modified_gmt":"2024-08-25T18:59:37","slug":"sadelstolps-klamma","status":"publish","type":"product","link":"https:\/\/www.detrailbikes.com\/sv\/produkt\/sadelstolps-klamma\/","title":{"rendered":"Sadelstolpskl\u00e4mma"},"content":{"rendered":"<p>Smart sadelstolpskl\u00e4mma som h\u00e5ller lera och smuts utanf\u00f6r ramen.<\/p>\n<p>Smuts vid sadelstolpen \u00e4r ofta en bidragande orsak till missljud som kan vara sv\u00e5ra att lokalisera.<\/p>\n<p>Sadelstolpskl\u00e4mman har en packning mellan sadelstolpen och kl\u00e4mman. Denna packning tillsammans med gummiskyddet p\u00e5 baksidan st\u00e4nger effektivt ute smutsen och skapar ett snyggt och prydligt intryck.<\/p>\n<p>Tillg\u00e4nglig i tv\u00e5 olika storlekar f\u00f6r att passa de flesta mountainbikes. Passar b\u00e5de 30,9mm och 31,6mm sadelstolpe.<\/p>\n","protected":false},"excerpt":{"rendered":"<p>Smart sadelstolpskl\u00e4mma som h\u00e5ller lera och smuts utanf\u00f6r ramen. Smuts vid sadelstolpen \u00e4r ofta en bidragande orsak till missljud som kan vara sv\u00e5ra att lokalisera. Sadelstolpskl\u00e4mman har en packning mellan sadelstolpen och kl\u00e4mman. Denna packning tillsammans med gummiskyddet p\u00e5 baksidan st\u00e4nger effektivt ute smutsen och skapar ett snyggt och prydligt intryck. Tillg\u00e4nglig i tv\u00e5 olika [&hellip;]<\/p>\n","protected":false},"featured_media":1026,"template":"","meta":{"_acf_changed":false},"product_brand":[],"product_cat":[60],"product_tag":[],"class_list":{"0":"post-6583","1":"product","2":"type-product","3":"status-publish","4":"has-post-thumbnail","6":"product_cat-utrustning","8":"first","9":"instock","10":"taxable","11":"shipping-taxable","12":"purchasable","13":"product-type-variable","14":"has-default-attributes"},"acf":[],"yoast_head":"<!-- This site is optimized with the Yoast SEO plugin v27.2 - https:\/\/yoast.com\/product\/yoast-seo-wordpress\/ -->\n<title>Sadelstolpskl\u00e4mma - Detrail Bikes<\/title>\n<meta name=\"robots\" content=\"index, follow, max-snippet:-1, max-image-preview:large, max-video-preview:-1\" \/>\n<link rel=\"canonical\" href=\"https:\/\/www.detrailbikes.com\/sv\/produkt\/sadelstolps-klamma\/\" \/>\n<meta property=\"og:locale\" content=\"sv_SE\" \/>\n<meta property=\"og:type\" content=\"article\" \/>\n<meta property=\"og:title\" content=\"Sadelstolpskl\u00e4mma - Detrail Bikes\" \/>\n<meta property=\"og:description\" content=\"Smart sadelstolpskl\u00e4mma som h\u00e5ller lera och smuts utanf\u00f6r ramen. Smuts vid sadelstolpen \u00e4r ofta en bidragande orsak till missljud som kan vara sv\u00e5ra att lokalisera. Sadelstolpskl\u00e4mman har en packning mellan sadelstolpen och kl\u00e4mman. Denna packning tillsammans med gummiskyddet p\u00e5 baksidan st\u00e4nger effektivt ute smutsen och skapar ett snyggt och prydligt intryck. Tillg\u00e4nglig i tv\u00e5 olika [&hellip;]\" \/>\n<meta property=\"og:url\" content=\"https:\/\/www.detrailbikes.com\/sv\/produkt\/sadelstolps-klamma\/\" \/>\n<meta property=\"og:site_name\" content=\"Detrail Bikes\" \/>\n<meta property=\"article:modified_time\" content=\"2024-08-25T18:59:37+00:00\" \/>\n<meta property=\"og:image\" content=\"https:\/\/www.detrailbikes.com\/wp-content\/uploads\/2023\/01\/Sadelklamma_1.jpg\" \/>\n\t<meta property=\"og:image:width\" content=\"1800\" \/>\n\t<meta property=\"og:image:height\" content=\"1013\" \/>\n\t<meta property=\"og:image:type\" content=\"image\/jpeg\" \/>\n<meta name=\"twitter:card\" content=\"summary_large_image\" \/>\n<script type=\"application\/ld+json\" class=\"yoast-schema-graph\">{\"@context\":\"https:\/\/schema.org\",\"@graph\":[{\"@type\":\"WebPage\",\"@id\":\"https:\/\/www.detrailbikes.com\/sv\/produkt\/sadelstolps-klamma\/\",\"url\":\"https:\/\/www.detrailbikes.com\/sv\/produkt\/sadelstolps-klamma\/\",\"name\":\"Sadelstolpskl\u00e4mma - Detrail Bikes\",\"isPartOf\":{\"@id\":\"https:\/\/www.detrailbikes.com\/sv\/#website\"},\"primaryImageOfPage\":{\"@id\":\"https:\/\/www.detrailbikes.com\/sv\/produkt\/sadelstolps-klamma\/#primaryimage\"},\"image\":{\"@id\":\"https:\/\/www.detrailbikes.com\/sv\/produkt\/sadelstolps-klamma\/#primaryimage\"},\"thumbnailUrl\":\"https:\/\/www.detrailbikes.com\/wp-content\/uploads\/2023\/01\/Sadelklamma_1.jpg\",\"datePublished\":\"2023-01-25T19:45:46+00:00\",\"dateModified\":\"2024-08-25T18:59:37+00:00\",\"breadcrumb\":{\"@id\":\"https:\/\/www.detrailbikes.com\/sv\/produkt\/sadelstolps-klamma\/#breadcrumb\"},\"inLanguage\":\"sv-SE\",\"potentialAction\":[{\"@type\":\"ReadAction\",\"target\":[\"https:\/\/www.detrailbikes.com\/sv\/produkt\/sadelstolps-klamma\/\"]}]},{\"@type\":\"ImageObject\",\"inLanguage\":\"sv-SE\",\"@id\":\"https:\/\/www.detrailbikes.com\/sv\/produkt\/sadelstolps-klamma\/#primaryimage\",\"url\":\"https:\/\/www.detrailbikes.com\/wp-content\/uploads\/2023\/01\/Sadelklamma_1.jpg\",\"contentUrl\":\"https:\/\/www.detrailbikes.com\/wp-content\/uploads\/2023\/01\/Sadelklamma_1.jpg\",\"width\":1800,\"height\":1013},{\"@type\":\"BreadcrumbList\",\"@id\":\"https:\/\/www.detrailbikes.com\/sv\/produkt\/sadelstolps-klamma\/#breadcrumb\",\"itemListElement\":[{\"@type\":\"ListItem\",\"position\":1,\"name\":\"Home\",\"item\":\"https:\/\/www.detrailbikes.com\/sv\/\"},{\"@type\":\"ListItem\",\"position\":2,\"name\":\"Butik\",\"item\":\"https:\/\/www.detrailbikes.com\/sv\/butik\/\"},{\"@type\":\"ListItem\",\"position\":3,\"name\":\"Sadelstolpskl\u00e4mma\"}]},{\"@type\":\"WebSite\",\"@id\":\"https:\/\/www.detrailbikes.com\/sv\/#website\",\"url\":\"https:\/\/www.detrailbikes.com\/sv\/\",\"name\":\"Detrail Bikes\",\"description\":\"\",\"publisher\":{\"@id\":\"https:\/\/www.detrailbikes.com\/sv\/#organization\"},\"potentialAction\":[{\"@type\":\"SearchAction\",\"target\":{\"@type\":\"EntryPoint\",\"urlTemplate\":\"https:\/\/www.detrailbikes.com\/sv\/?s={search_term_string}\"},\"query-input\":{\"@type\":\"PropertyValueSpecification\",\"valueRequired\":true,\"valueName\":\"search_term_string\"}}],\"inLanguage\":\"sv-SE\"},{\"@type\":\"Organization\",\"@id\":\"https:\/\/www.detrailbikes.com\/sv\/#organization\",\"name\":\"Detrail\",\"url\":\"https:\/\/www.detrailbikes.com\/sv\/\",\"logo\":{\"@type\":\"ImageObject\",\"inLanguage\":\"sv-SE\",\"@id\":\"https:\/\/www.detrailbikes.com\/sv\/#\/schema\/logo\/image\/\",\"url\":\"https:\/\/www.detrailbikes.com\/wp-content\/uploads\/2022\/04\/detrail-logo-horizontal-black.png\",\"contentUrl\":\"https:\/\/www.detrailbikes.com\/wp-content\/uploads\/2022\/04\/detrail-logo-horizontal-black.png\",\"width\":1266,\"height\":135,\"caption\":\"Detrail\"},\"image\":{\"@id\":\"https:\/\/www.detrailbikes.com\/sv\/#\/schema\/logo\/image\/\"},\"sameAs\":[\"https:\/\/www.instagram.com\/detrailbikes\/\"]}]}<\/script>\n<!-- \/ Yoast SEO plugin. -->","yoast_head_json":{"title":"Sadelstolpskl\u00e4mma - Detrail Bikes","robots":{"index":"index","follow":"follow","max-snippet":"max-snippet:-1","max-image-preview":"max-image-preview:large","max-video-preview":"max-video-preview:-1"},"canonical":"https:\/\/www.detrailbikes.com\/sv\/produkt\/sadelstolps-klamma\/","og_locale":"sv_SE","og_type":"article","og_title":"Sadelstolpskl\u00e4mma - Detrail Bikes","og_description":"Smart sadelstolpskl\u00e4mma som h\u00e5ller lera och smuts utanf\u00f6r ramen. Smuts vid sadelstolpen \u00e4r ofta en bidragande orsak till missljud som kan vara sv\u00e5ra att lokalisera. Sadelstolpskl\u00e4mman har en packning mellan sadelstolpen och kl\u00e4mman. Denna packning tillsammans med gummiskyddet p\u00e5 baksidan st\u00e4nger effektivt ute smutsen och skapar ett snyggt och prydligt intryck. Tillg\u00e4nglig i tv\u00e5 olika [&hellip;]","og_url":"https:\/\/www.detrailbikes.com\/sv\/produkt\/sadelstolps-klamma\/","og_site_name":"Detrail Bikes","article_modified_time":"2024-08-25T18:59:37+00:00","og_image":[{"width":1800,"height":1013,"url":"https:\/\/www.detrailbikes.com\/wp-content\/uploads\/2023\/01\/Sadelklamma_1.jpg","type":"image\/jpeg"}],"twitter_card":"summary_large_image","schema":{"@context":"https:\/\/schema.org","@graph":[{"@type":"WebPage","@id":"https:\/\/www.detrailbikes.com\/sv\/produkt\/sadelstolps-klamma\/","url":"https:\/\/www.detrailbikes.com\/sv\/produkt\/sadelstolps-klamma\/","name":"Sadelstolpskl\u00e4mma - Detrail Bikes","isPartOf":{"@id":"https:\/\/www.detrailbikes.com\/sv\/#website"},"primaryImageOfPage":{"@id":"https:\/\/www.detrailbikes.com\/sv\/produkt\/sadelstolps-klamma\/#primaryimage"},"image":{"@id":"https:\/\/www.detrailbikes.com\/sv\/produkt\/sadelstolps-klamma\/#primaryimage"},"thumbnailUrl":"https:\/\/www.detrailbikes.com\/wp-content\/uploads\/2023\/01\/Sadelklamma_1.jpg","datePublished":"2023-01-25T19:45:46+00:00","dateModified":"2024-08-25T18:59:37+00:00","breadcrumb":{"@id":"https:\/\/www.detrailbikes.com\/sv\/produkt\/sadelstolps-klamma\/#breadcrumb"},"inLanguage":"sv-SE","potentialAction":[{"@type":"ReadAction","target":["https:\/\/www.detrailbikes.com\/sv\/produkt\/sadelstolps-klamma\/"]}]},{"@type":"ImageObject","inLanguage":"sv-SE","@id":"https:\/\/www.detrailbikes.com\/sv\/produkt\/sadelstolps-klamma\/#primaryimage","url":"https:\/\/www.detrailbikes.com\/wp-content\/uploads\/2023\/01\/Sadelklamma_1.jpg","contentUrl":"https:\/\/www.detrailbikes.com\/wp-content\/uploads\/2023\/01\/Sadelklamma_1.jpg","width":1800,"height":1013},{"@type":"BreadcrumbList","@id":"https:\/\/www.detrailbikes.com\/sv\/produkt\/sadelstolps-klamma\/#breadcrumb","itemListElement":[{"@type":"ListItem","position":1,"name":"Home","item":"https:\/\/www.detrailbikes.com\/sv\/"},{"@type":"ListItem","position":2,"name":"Butik","item":"https:\/\/www.detrailbikes.com\/sv\/butik\/"},{"@type":"ListItem","position":3,"name":"Sadelstolpskl\u00e4mma"}]},{"@type":"WebSite","@id":"https:\/\/www.detrailbikes.com\/sv\/#website","url":"https:\/\/www.detrailbikes.com\/sv\/","name":"Detrail Bikes","description":"","publisher":{"@id":"https:\/\/www.detrailbikes.com\/sv\/#organization"},"potentialAction":[{"@type":"SearchAction","target":{"@type":"EntryPoint","urlTemplate":"https:\/\/www.detrailbikes.com\/sv\/?s={search_term_string}"},"query-input":{"@type":"PropertyValueSpecification","valueRequired":true,"valueName":"search_term_string"}}],"inLanguage":"sv-SE"},{"@type":"Organization","@id":"https:\/\/www.detrailbikes.com\/sv\/#organization","name":"Detrail","url":"https:\/\/www.detrailbikes.com\/sv\/","logo":{"@type":"ImageObject","inLanguage":"sv-SE","@id":"https:\/\/www.detrailbikes.com\/sv\/#\/schema\/logo\/image\/","url":"https:\/\/www.detrailbikes.com\/wp-content\/uploads\/2022\/04\/detrail-logo-horizontal-black.png","contentUrl":"https:\/\/www.detrailbikes.com\/wp-content\/uploads\/2022\/04\/detrail-logo-horizontal-black.png","width":1266,"height":135,"caption":"Detrail"},"image":{"@id":"https:\/\/www.detrailbikes.com\/sv\/#\/schema\/logo\/image\/"},"sameAs":["https:\/\/www.instagram.com\/detrailbikes\/"]}]}},"_links":{"self":[{"href":"https:\/\/www.detrailbikes.com\/sv\/wp-json\/wp\/v2\/product\/6583","targetHints":{"allow":["GET"]}}],"collection":[{"href":"https:\/\/www.detrailbikes.com\/sv\/wp-json\/wp\/v2\/product"}],"about":[{"href":"https:\/\/www.detrailbikes.com\/sv\/wp-json\/wp\/v2\/types\/product"}],"wp:featuredmedia":[{"embeddable":true,"href":"https:\/\/www.detrailbikes.com\/sv\/wp-json\/wp\/v2\/media\/1026"}],"wp:attachment":[{"href":"https:\/\/www.detrailbikes.com\/sv\/wp-json\/wp\/v2\/media?parent=6583"}],"wp:term":[{"taxonomy":"product_brand","embeddable":true,"href":"https:\/\/www.detrailbikes.com\/sv\/wp-json\/wp\/v2\/product_brand?post=6583"},{"taxonomy":"product_cat","embeddable":true,"href":"https:\/\/www.detrailbikes.com\/sv\/wp-json\/wp\/v2\/product_cat?post=6583"},{"taxonomy":"product_tag","embeddable":true,"href":"https:\/\/www.detrailbikes.com\/sv\/wp-json\/wp\/v2\/product_tag?post=6583"}],"curies":[{"name":"wp","href":"https:\/\/api.w.org\/{rel}","templated":true}]}}