{"id":6566,"date":"2023-02-23T11:52:08","date_gmt":"2023-02-23T11:52:08","guid":{"rendered":"https:\/\/www.detrailbikes.com\/product\/gillet-svart-dam\/"},"modified":"2023-11-13T08:19:26","modified_gmt":"2023-11-13T08:19:26","slug":"cykelvast-svart-dam","status":"publish","type":"product","link":"https:\/\/www.detrailbikes.com\/sv\/produkt\/cykelvast-svart-dam\/","title":{"rendered":"Cykelv\u00e4st Svart Dam"},"content":{"rendered":"<p>Cykelv\u00e4st i 100% \u00e5tervunnet material. V\u00e4sten kombinerar en vindt\u00e4t front (&lt;1 mm\/sec) med en ventilerande baksida f\u00f6r bra v\u00e4rmereglering.<\/p>\n<p>V\u00e4sten har ett innovativt \u00e5tervunnet vattent\u00e4tt membran (&gt;10.000 mm)<\/p>\n<p>Enbart premium material anv\u00e4nds och modellerna \u00e4r framtagna av cykelentusiaster i England.<\/p>\n<p>Se bild p\u00e5 storleksguide, vi rekommenderar en halv storlek st\u00f6rre \u00e4n rekommenderat d\u00e5 de \u00e4r relativt sm\u00e5 i storlekarna.<\/p>\n<p>Alla kl\u00e4der v\u00e5ra kl\u00e4der g\u00f6rs i samarbete med varum\u00e4rket Presca vilket s\u00e4kerst\u00e4ller bra kl\u00e4der b\u00e5de f\u00f6r anv\u00e4ndaren och v\u00e5r planet. Se mer info fr\u00e5n Presca.<\/p>\n<p>&nbsp;<\/p>\n<p><em>Presca \u2013 v\u00e4rldens f\u00f6rsta klimatpositiva sportkl\u00e4desm\u00e4rke. Skapad f\u00f6r att erbjuda briljanta kl\u00e4der f\u00f6r v\u00e5ra sporter med minsta m\u00f6jliga avtryck. Vi har tagit fram den\u00a0 typ av kit vi skulle se fram emot att tr\u00e4na och t\u00e4vla i, men utan att k\u00e4nna skuld f\u00f6r att vi k\u00f6pte och bar det. Vi \u00e4r en grupp cyklister, triathleter och l\u00f6pare som brinner lika mycket f\u00f6r v\u00e4rlden vi lever i som sporterna vi \u00e4lskar. Vi b\u00f6rjade den h\u00e4r resan f\u00f6r \u00e5tta \u00e5r sedan f\u00f6r att vi ville att sportkl\u00e4der skulle bli b\u00e4ttre. B\u00e4ttre gjort. B\u00e4ttre att b\u00e4ra. B\u00e4ttre f\u00f6r planeten.<\/em><\/p>\n","protected":false},"excerpt":{"rendered":"<p>Cykelv\u00e4st i 100% \u00e5tervunnet material. V\u00e4sten kombinerar en vindt\u00e4t front (&lt;1 mm\/sec) med en ventilerande baksida f\u00f6r bra v\u00e4rmereglering. V\u00e4sten har ett innovativt \u00e5tervunnet vattent\u00e4tt membran (&gt;10.000 mm) Enbart premium material anv\u00e4nds och modellerna \u00e4r framtagna av cykelentusiaster i England. Se bild p\u00e5 storleksguide, vi rekommenderar en halv storlek st\u00f6rre \u00e4n rekommenderat d\u00e5 de \u00e4r [&hellip;]<\/p>\n","protected":false},"featured_media":6480,"template":"","meta":{"_acf_changed":false},"product_brand":[],"product_cat":[60],"product_tag":[],"class_list":{"0":"post-6566","1":"product","2":"type-product","3":"status-publish","4":"has-post-thumbnail","6":"product_cat-utrustning","8":"first","9":"instock","10":"taxable","11":"shipping-taxable","12":"purchasable","13":"product-type-variable","14":"has-default-attributes"},"acf":[],"yoast_head":"<!-- This site is optimized with the Yoast SEO plugin v27.2 - https:\/\/yoast.com\/product\/yoast-seo-wordpress\/ -->\n<title>Cykelv\u00e4st Svart Dam - Detrail Bikes<\/title>\n<meta name=\"robots\" content=\"index, follow, max-snippet:-1, max-image-preview:large, max-video-preview:-1\" \/>\n<link rel=\"canonical\" href=\"https:\/\/www.detrailbikes.com\/sv\/produkt\/cykelvast-svart-dam\/\" \/>\n<meta property=\"og:locale\" content=\"sv_SE\" \/>\n<meta property=\"og:type\" content=\"article\" \/>\n<meta property=\"og:title\" content=\"Cykelv\u00e4st Svart Dam - Detrail Bikes\" \/>\n<meta property=\"og:description\" content=\"Cykelv\u00e4st i 100% \u00e5tervunnet material. V\u00e4sten kombinerar en vindt\u00e4t front (&lt;1 mm\/sec) med en ventilerande baksida f\u00f6r bra v\u00e4rmereglering. V\u00e4sten har ett innovativt \u00e5tervunnet vattent\u00e4tt membran (&gt;10.000 mm) Enbart premium material anv\u00e4nds och modellerna \u00e4r framtagna av cykelentusiaster i England. Se bild p\u00e5 storleksguide, vi rekommenderar en halv storlek st\u00f6rre \u00e4n rekommenderat d\u00e5 de \u00e4r [&hellip;]\" \/>\n<meta property=\"og:url\" content=\"https:\/\/www.detrailbikes.com\/sv\/produkt\/cykelvast-svart-dam\/\" \/>\n<meta property=\"og:site_name\" content=\"Detrail Bikes\" \/>\n<meta property=\"article:modified_time\" content=\"2023-11-13T08:19:26+00:00\" \/>\n<meta property=\"og:image\" content=\"https:\/\/www.detrailbikes.com\/wp-content\/uploads\/2023\/02\/Gilet_black.jpg\" \/>\n\t<meta property=\"og:image:width\" content=\"1500\" \/>\n\t<meta property=\"og:image:height\" content=\"1800\" \/>\n\t<meta property=\"og:image:type\" content=\"image\/jpeg\" \/>\n<meta name=\"twitter:card\" content=\"summary_large_image\" \/>\n<meta name=\"twitter:label1\" content=\"Ber\u00e4knad l\u00e4stid\" \/>\n\t<meta name=\"twitter:data1\" content=\"1 minut\" \/>\n<script type=\"application\/ld+json\" class=\"yoast-schema-graph\">{\"@context\":\"https:\/\/schema.org\",\"@graph\":[{\"@type\":\"WebPage\",\"@id\":\"https:\/\/www.detrailbikes.com\/sv\/produkt\/cykelvast-svart-dam\/\",\"url\":\"https:\/\/www.detrailbikes.com\/sv\/produkt\/cykelvast-svart-dam\/\",\"name\":\"Cykelv\u00e4st Svart Dam - Detrail Bikes\",\"isPartOf\":{\"@id\":\"https:\/\/www.detrailbikes.com\/sv\/#website\"},\"primaryImageOfPage\":{\"@id\":\"https:\/\/www.detrailbikes.com\/sv\/produkt\/cykelvast-svart-dam\/#primaryimage\"},\"image\":{\"@id\":\"https:\/\/www.detrailbikes.com\/sv\/produkt\/cykelvast-svart-dam\/#primaryimage\"},\"thumbnailUrl\":\"https:\/\/www.detrailbikes.com\/wp-content\/uploads\/2023\/02\/Gilet_black.jpg\",\"datePublished\":\"2023-02-23T11:52:08+00:00\",\"dateModified\":\"2023-11-13T08:19:26+00:00\",\"breadcrumb\":{\"@id\":\"https:\/\/www.detrailbikes.com\/sv\/produkt\/cykelvast-svart-dam\/#breadcrumb\"},\"inLanguage\":\"sv-SE\",\"potentialAction\":[{\"@type\":\"ReadAction\",\"target\":[\"https:\/\/www.detrailbikes.com\/sv\/produkt\/cykelvast-svart-dam\/\"]}]},{\"@type\":\"ImageObject\",\"inLanguage\":\"sv-SE\",\"@id\":\"https:\/\/www.detrailbikes.com\/sv\/produkt\/cykelvast-svart-dam\/#primaryimage\",\"url\":\"https:\/\/www.detrailbikes.com\/wp-content\/uploads\/2023\/02\/Gilet_black.jpg\",\"contentUrl\":\"https:\/\/www.detrailbikes.com\/wp-content\/uploads\/2023\/02\/Gilet_black.jpg\",\"width\":1500,\"height\":1800},{\"@type\":\"BreadcrumbList\",\"@id\":\"https:\/\/www.detrailbikes.com\/sv\/produkt\/cykelvast-svart-dam\/#breadcrumb\",\"itemListElement\":[{\"@type\":\"ListItem\",\"position\":1,\"name\":\"Home\",\"item\":\"https:\/\/www.detrailbikes.com\/sv\/\"},{\"@type\":\"ListItem\",\"position\":2,\"name\":\"Butik\",\"item\":\"https:\/\/www.detrailbikes.com\/sv\/butik\/\"},{\"@type\":\"ListItem\",\"position\":3,\"name\":\"Cykelv\u00e4st Svart Dam\"}]},{\"@type\":\"WebSite\",\"@id\":\"https:\/\/www.detrailbikes.com\/sv\/#website\",\"url\":\"https:\/\/www.detrailbikes.com\/sv\/\",\"name\":\"Detrail Bikes\",\"description\":\"\",\"publisher\":{\"@id\":\"https:\/\/www.detrailbikes.com\/sv\/#organization\"},\"potentialAction\":[{\"@type\":\"SearchAction\",\"target\":{\"@type\":\"EntryPoint\",\"urlTemplate\":\"https:\/\/www.detrailbikes.com\/sv\/?s={search_term_string}\"},\"query-input\":{\"@type\":\"PropertyValueSpecification\",\"valueRequired\":true,\"valueName\":\"search_term_string\"}}],\"inLanguage\":\"sv-SE\"},{\"@type\":\"Organization\",\"@id\":\"https:\/\/www.detrailbikes.com\/sv\/#organization\",\"name\":\"Detrail\",\"url\":\"https:\/\/www.detrailbikes.com\/sv\/\",\"logo\":{\"@type\":\"ImageObject\",\"inLanguage\":\"sv-SE\",\"@id\":\"https:\/\/www.detrailbikes.com\/sv\/#\/schema\/logo\/image\/\",\"url\":\"https:\/\/www.detrailbikes.com\/wp-content\/uploads\/2022\/04\/detrail-logo-horizontal-black.png\",\"contentUrl\":\"https:\/\/www.detrailbikes.com\/wp-content\/uploads\/2022\/04\/detrail-logo-horizontal-black.png\",\"width\":1266,\"height\":135,\"caption\":\"Detrail\"},\"image\":{\"@id\":\"https:\/\/www.detrailbikes.com\/sv\/#\/schema\/logo\/image\/\"},\"sameAs\":[\"https:\/\/www.instagram.com\/detrailbikes\/\"]}]}<\/script>\n<!-- \/ Yoast SEO plugin. -->","yoast_head_json":{"title":"Cykelv\u00e4st Svart Dam - Detrail Bikes","robots":{"index":"index","follow":"follow","max-snippet":"max-snippet:-1","max-image-preview":"max-image-preview:large","max-video-preview":"max-video-preview:-1"},"canonical":"https:\/\/www.detrailbikes.com\/sv\/produkt\/cykelvast-svart-dam\/","og_locale":"sv_SE","og_type":"article","og_title":"Cykelv\u00e4st Svart Dam - Detrail Bikes","og_description":"Cykelv\u00e4st i 100% \u00e5tervunnet material. V\u00e4sten kombinerar en vindt\u00e4t front (&lt;1 mm\/sec) med en ventilerande baksida f\u00f6r bra v\u00e4rmereglering. V\u00e4sten har ett innovativt \u00e5tervunnet vattent\u00e4tt membran (&gt;10.000 mm) Enbart premium material anv\u00e4nds och modellerna \u00e4r framtagna av cykelentusiaster i England. Se bild p\u00e5 storleksguide, vi rekommenderar en halv storlek st\u00f6rre \u00e4n rekommenderat d\u00e5 de \u00e4r [&hellip;]","og_url":"https:\/\/www.detrailbikes.com\/sv\/produkt\/cykelvast-svart-dam\/","og_site_name":"Detrail Bikes","article_modified_time":"2023-11-13T08:19:26+00:00","og_image":[{"width":1500,"height":1800,"url":"https:\/\/www.detrailbikes.com\/wp-content\/uploads\/2023\/02\/Gilet_black.jpg","type":"image\/jpeg"}],"twitter_card":"summary_large_image","twitter_misc":{"Ber\u00e4knad l\u00e4stid":"1 minut"},"schema":{"@context":"https:\/\/schema.org","@graph":[{"@type":"WebPage","@id":"https:\/\/www.detrailbikes.com\/sv\/produkt\/cykelvast-svart-dam\/","url":"https:\/\/www.detrailbikes.com\/sv\/produkt\/cykelvast-svart-dam\/","name":"Cykelv\u00e4st Svart Dam - Detrail Bikes","isPartOf":{"@id":"https:\/\/www.detrailbikes.com\/sv\/#website"},"primaryImageOfPage":{"@id":"https:\/\/www.detrailbikes.com\/sv\/produkt\/cykelvast-svart-dam\/#primaryimage"},"image":{"@id":"https:\/\/www.detrailbikes.com\/sv\/produkt\/cykelvast-svart-dam\/#primaryimage"},"thumbnailUrl":"https:\/\/www.detrailbikes.com\/wp-content\/uploads\/2023\/02\/Gilet_black.jpg","datePublished":"2023-02-23T11:52:08+00:00","dateModified":"2023-11-13T08:19:26+00:00","breadcrumb":{"@id":"https:\/\/www.detrailbikes.com\/sv\/produkt\/cykelvast-svart-dam\/#breadcrumb"},"inLanguage":"sv-SE","potentialAction":[{"@type":"ReadAction","target":["https:\/\/www.detrailbikes.com\/sv\/produkt\/cykelvast-svart-dam\/"]}]},{"@type":"ImageObject","inLanguage":"sv-SE","@id":"https:\/\/www.detrailbikes.com\/sv\/produkt\/cykelvast-svart-dam\/#primaryimage","url":"https:\/\/www.detrailbikes.com\/wp-content\/uploads\/2023\/02\/Gilet_black.jpg","contentUrl":"https:\/\/www.detrailbikes.com\/wp-content\/uploads\/2023\/02\/Gilet_black.jpg","width":1500,"height":1800},{"@type":"BreadcrumbList","@id":"https:\/\/www.detrailbikes.com\/sv\/produkt\/cykelvast-svart-dam\/#breadcrumb","itemListElement":[{"@type":"ListItem","position":1,"name":"Home","item":"https:\/\/www.detrailbikes.com\/sv\/"},{"@type":"ListItem","position":2,"name":"Butik","item":"https:\/\/www.detrailbikes.com\/sv\/butik\/"},{"@type":"ListItem","position":3,"name":"Cykelv\u00e4st Svart Dam"}]},{"@type":"WebSite","@id":"https:\/\/www.detrailbikes.com\/sv\/#website","url":"https:\/\/www.detrailbikes.com\/sv\/","name":"Detrail Bikes","description":"","publisher":{"@id":"https:\/\/www.detrailbikes.com\/sv\/#organization"},"potentialAction":[{"@type":"SearchAction","target":{"@type":"EntryPoint","urlTemplate":"https:\/\/www.detrailbikes.com\/sv\/?s={search_term_string}"},"query-input":{"@type":"PropertyValueSpecification","valueRequired":true,"valueName":"search_term_string"}}],"inLanguage":"sv-SE"},{"@type":"Organization","@id":"https:\/\/www.detrailbikes.com\/sv\/#organization","name":"Detrail","url":"https:\/\/www.detrailbikes.com\/sv\/","logo":{"@type":"ImageObject","inLanguage":"sv-SE","@id":"https:\/\/www.detrailbikes.com\/sv\/#\/schema\/logo\/image\/","url":"https:\/\/www.detrailbikes.com\/wp-content\/uploads\/2022\/04\/detrail-logo-horizontal-black.png","contentUrl":"https:\/\/www.detrailbikes.com\/wp-content\/uploads\/2022\/04\/detrail-logo-horizontal-black.png","width":1266,"height":135,"caption":"Detrail"},"image":{"@id":"https:\/\/www.detrailbikes.com\/sv\/#\/schema\/logo\/image\/"},"sameAs":["https:\/\/www.instagram.com\/detrailbikes\/"]}]}},"_links":{"self":[{"href":"https:\/\/www.detrailbikes.com\/sv\/wp-json\/wp\/v2\/product\/6566","targetHints":{"allow":["GET"]}}],"collection":[{"href":"https:\/\/www.detrailbikes.com\/sv\/wp-json\/wp\/v2\/product"}],"about":[{"href":"https:\/\/www.detrailbikes.com\/sv\/wp-json\/wp\/v2\/types\/product"}],"wp:featuredmedia":[{"embeddable":true,"href":"https:\/\/www.detrailbikes.com\/sv\/wp-json\/wp\/v2\/media\/6480"}],"wp:attachment":[{"href":"https:\/\/www.detrailbikes.com\/sv\/wp-json\/wp\/v2\/media?parent=6566"}],"wp:term":[{"taxonomy":"product_brand","embeddable":true,"href":"https:\/\/www.detrailbikes.com\/sv\/wp-json\/wp\/v2\/product_brand?post=6566"},{"taxonomy":"product_cat","embeddable":true,"href":"https:\/\/www.detrailbikes.com\/sv\/wp-json\/wp\/v2\/product_cat?post=6566"},{"taxonomy":"product_tag","embeddable":true,"href":"https:\/\/www.detrailbikes.com\/sv\/wp-json\/wp\/v2\/product_tag?post=6566"}],"curies":[{"name":"wp","href":"https:\/\/api.w.org\/{rel}","templated":true}]}}