{"id":18682,"date":"2024-06-08T16:27:38","date_gmt":"2024-06-08T14:27:38","guid":{"rendered":"https:\/\/www.detrailbikes.com\/?post_type=product&#038;p=18682"},"modified":"2025-02-10T13:54:19","modified_gmt":"2025-02-10T12:54:19","slug":"stig-115-core-performance-copy-3","status":"publish","type":"product","link":"https:\/\/www.detrailbikes.com\/sv\/produkt\/stig-115-core-performance-copy-3\/","title":{"rendered":"STIG 115 Core\/Performance"},"content":{"rendered":"<p>Premiumkomponenter ger en robust och drifts\u00e4ker drivlina som t\u00e5l att anv\u00e4ndas dagligen och under alla f\u00f6ruts\u00e4ttningar. V\u00e5r Core-niv\u00e5 inneh\u00e5ller godbitar fr\u00e5n Shimano\u00b4s sortiment och vi mixar Deore, SLX och XT komponenter f\u00f6r en mix av prisv\u00e4rdhet och prestanda.<\/p>\n<p><span style=\"font-weight: 400;\">St\u00f6td\u00e4mparen SID Select med sin bepr\u00f6vade Charger RL d\u00e4mpare ger dig det b\u00e4sta av drifts\u00e4kerhet och prestanda. Med ett l\u00e4tt knyck p\u00e5 styret l\u00e5ser sig b\u00e5de fram och bakd\u00e4mparen och kraften g\u00e5r nu ofiltrerad fr\u00e5n pedalerna till bakd\u00e4cket f\u00f6r maximal effekt. Denna cykel \u00e4r f\u00e4rdigbyggd och vi st\u00e4ller in den efter\u00a0 dina m\u00e5tt.<\/span><\/p>\n<ul>\n<li>DHL Hemleverans i stor kartong med minimal montering.<\/li>\n<li>Support och direktkontakt med personen som byggt din cykel<\/li>\n<li>5 \u00e5rs ramgaranti<\/li>\n<li>Vad tycker kunder om v\u00e5ra cyklar? <a href=\"https:\/\/www.detrailbikes.com\/sv\/kunder\/\">L\u00e4s mer&gt;<\/a><\/li>\n<\/ul>\n","protected":false},"excerpt":{"rendered":"<p>Premiumkomponenter ger en robust och drifts\u00e4ker drivlina som t\u00e5l att anv\u00e4ndas dagligen och under alla f\u00f6ruts\u00e4ttningar. V\u00e5r Core-niv\u00e5 inneh\u00e5ller godbitar fr\u00e5n Shimano\u00b4s sortiment och vi mixar Deore, SLX och XT komponenter f\u00f6r en mix av prisv\u00e4rdhet och prestanda. St\u00f6td\u00e4mparen SID Select med sin bepr\u00f6vade Charger RL d\u00e4mpare ger dig det b\u00e4sta av drifts\u00e4kerhet och prestanda. [&hellip;]<\/p>\n","protected":false},"featured_media":8315,"template":"","meta":{"_acf_changed":false},"product_brand":[],"product_cat":[254],"product_tag":[],"class_list":{"0":"post-18682","1":"product","2":"type-product","3":"status-publish","4":"has-post-thumbnail","6":"product_cat-fardigbyggda","7":"product_shipping_class-cykel","9":"first","10":"instock","11":"taxable","12":"shipping-taxable","13":"purchasable","14":"product-type-variable","15":"has-default-attributes"},"acf":[],"yoast_head":"<!-- This site is optimized with the Yoast SEO plugin v27.2 - https:\/\/yoast.com\/product\/yoast-seo-wordpress\/ -->\n<title>STIG 115 Core\/Performance - Detrail Bikes<\/title>\n<meta name=\"robots\" content=\"index, follow, max-snippet:-1, max-image-preview:large, max-video-preview:-1\" \/>\n<link rel=\"canonical\" href=\"https:\/\/www.detrailbikes.com\/sv\/produkt\/stig-115-core-performance-copy-3\/\" \/>\n<meta property=\"og:locale\" content=\"sv_SE\" \/>\n<meta property=\"og:type\" content=\"article\" \/>\n<meta property=\"og:title\" content=\"STIG 115 Core\/Performance - Detrail Bikes\" \/>\n<meta property=\"og:description\" content=\"Premiumkomponenter ger en robust och drifts\u00e4ker drivlina som t\u00e5l att anv\u00e4ndas dagligen och under alla f\u00f6ruts\u00e4ttningar. V\u00e5r Core-niv\u00e5 inneh\u00e5ller godbitar fr\u00e5n Shimano\u00b4s sortiment och vi mixar Deore, SLX och XT komponenter f\u00f6r en mix av prisv\u00e4rdhet och prestanda. St\u00f6td\u00e4mparen SID Select med sin bepr\u00f6vade Charger RL d\u00e4mpare ger dig det b\u00e4sta av drifts\u00e4kerhet och prestanda. [&hellip;]\" \/>\n<meta property=\"og:url\" content=\"https:\/\/www.detrailbikes.com\/sv\/produkt\/stig-115-core-performance-copy-3\/\" \/>\n<meta property=\"og:site_name\" content=\"Detrail Bikes\" \/>\n<meta property=\"article:modified_time\" content=\"2025-02-10T12:54:19+00:00\" \/>\n<meta property=\"og:image\" content=\"https:\/\/www.detrailbikes.com\/wp-content\/uploads\/2023\/02\/S115-LXP-S3D1B1-2.jpg\" \/>\n\t<meta property=\"og:image:width\" content=\"1920\" \/>\n\t<meta property=\"og:image:height\" content=\"1080\" \/>\n\t<meta property=\"og:image:type\" content=\"image\/jpeg\" \/>\n<meta name=\"twitter:card\" content=\"summary_large_image\" \/>\n<meta name=\"twitter:label1\" content=\"Ber\u00e4knad l\u00e4stid\" \/>\n\t<meta name=\"twitter:data1\" content=\"1 minut\" \/>\n<script type=\"application\/ld+json\" class=\"yoast-schema-graph\">{\"@context\":\"https:\/\/schema.org\",\"@graph\":[{\"@type\":\"WebPage\",\"@id\":\"https:\/\/www.detrailbikes.com\/sv\/produkt\/stig-115-core-performance-copy-3\/\",\"url\":\"https:\/\/www.detrailbikes.com\/sv\/produkt\/stig-115-core-performance-copy-3\/\",\"name\":\"STIG 115 Core\/Performance - Detrail Bikes\",\"isPartOf\":{\"@id\":\"https:\/\/www.detrailbikes.com\/sv\/#website\"},\"primaryImageOfPage\":{\"@id\":\"https:\/\/www.detrailbikes.com\/sv\/produkt\/stig-115-core-performance-copy-3\/#primaryimage\"},\"image\":{\"@id\":\"https:\/\/www.detrailbikes.com\/sv\/produkt\/stig-115-core-performance-copy-3\/#primaryimage\"},\"thumbnailUrl\":\"https:\/\/www.detrailbikes.com\/wp-content\/uploads\/2023\/02\/S115-LXP-S3D1B1-2.jpg\",\"datePublished\":\"2024-06-08T14:27:38+00:00\",\"dateModified\":\"2025-02-10T12:54:19+00:00\",\"breadcrumb\":{\"@id\":\"https:\/\/www.detrailbikes.com\/sv\/produkt\/stig-115-core-performance-copy-3\/#breadcrumb\"},\"inLanguage\":\"sv-SE\",\"potentialAction\":[{\"@type\":\"ReadAction\",\"target\":[\"https:\/\/www.detrailbikes.com\/sv\/produkt\/stig-115-core-performance-copy-3\/\"]}]},{\"@type\":\"ImageObject\",\"inLanguage\":\"sv-SE\",\"@id\":\"https:\/\/www.detrailbikes.com\/sv\/produkt\/stig-115-core-performance-copy-3\/#primaryimage\",\"url\":\"https:\/\/www.detrailbikes.com\/wp-content\/uploads\/2023\/02\/S115-LXP-S3D1B1-2.jpg\",\"contentUrl\":\"https:\/\/www.detrailbikes.com\/wp-content\/uploads\/2023\/02\/S115-LXP-S3D1B1-2.jpg\",\"width\":1920,\"height\":1080},{\"@type\":\"BreadcrumbList\",\"@id\":\"https:\/\/www.detrailbikes.com\/sv\/produkt\/stig-115-core-performance-copy-3\/#breadcrumb\",\"itemListElement\":[{\"@type\":\"ListItem\",\"position\":1,\"name\":\"Home\",\"item\":\"https:\/\/www.detrailbikes.com\/sv\/\"},{\"@type\":\"ListItem\",\"position\":2,\"name\":\"Butik\",\"item\":\"https:\/\/www.detrailbikes.com\/sv\/butik\/\"},{\"@type\":\"ListItem\",\"position\":3,\"name\":\"STIG 115 Core\/Performance\"}]},{\"@type\":\"WebSite\",\"@id\":\"https:\/\/www.detrailbikes.com\/sv\/#website\",\"url\":\"https:\/\/www.detrailbikes.com\/sv\/\",\"name\":\"Detrail Bikes\",\"description\":\"\",\"publisher\":{\"@id\":\"https:\/\/www.detrailbikes.com\/sv\/#organization\"},\"potentialAction\":[{\"@type\":\"SearchAction\",\"target\":{\"@type\":\"EntryPoint\",\"urlTemplate\":\"https:\/\/www.detrailbikes.com\/sv\/?s={search_term_string}\"},\"query-input\":{\"@type\":\"PropertyValueSpecification\",\"valueRequired\":true,\"valueName\":\"search_term_string\"}}],\"inLanguage\":\"sv-SE\"},{\"@type\":\"Organization\",\"@id\":\"https:\/\/www.detrailbikes.com\/sv\/#organization\",\"name\":\"Detrail\",\"url\":\"https:\/\/www.detrailbikes.com\/sv\/\",\"logo\":{\"@type\":\"ImageObject\",\"inLanguage\":\"sv-SE\",\"@id\":\"https:\/\/www.detrailbikes.com\/sv\/#\/schema\/logo\/image\/\",\"url\":\"https:\/\/www.detrailbikes.com\/wp-content\/uploads\/2022\/04\/detrail-logo-horizontal-black.png\",\"contentUrl\":\"https:\/\/www.detrailbikes.com\/wp-content\/uploads\/2022\/04\/detrail-logo-horizontal-black.png\",\"width\":1266,\"height\":135,\"caption\":\"Detrail\"},\"image\":{\"@id\":\"https:\/\/www.detrailbikes.com\/sv\/#\/schema\/logo\/image\/\"},\"sameAs\":[\"https:\/\/www.instagram.com\/detrailbikes\/\"]}]}<\/script>\n<!-- \/ Yoast SEO plugin. -->","yoast_head_json":{"title":"STIG 115 Core\/Performance - Detrail Bikes","robots":{"index":"index","follow":"follow","max-snippet":"max-snippet:-1","max-image-preview":"max-image-preview:large","max-video-preview":"max-video-preview:-1"},"canonical":"https:\/\/www.detrailbikes.com\/sv\/produkt\/stig-115-core-performance-copy-3\/","og_locale":"sv_SE","og_type":"article","og_title":"STIG 115 Core\/Performance - Detrail Bikes","og_description":"Premiumkomponenter ger en robust och drifts\u00e4ker drivlina som t\u00e5l att anv\u00e4ndas dagligen och under alla f\u00f6ruts\u00e4ttningar. V\u00e5r Core-niv\u00e5 inneh\u00e5ller godbitar fr\u00e5n Shimano\u00b4s sortiment och vi mixar Deore, SLX och XT komponenter f\u00f6r en mix av prisv\u00e4rdhet och prestanda. St\u00f6td\u00e4mparen SID Select med sin bepr\u00f6vade Charger RL d\u00e4mpare ger dig det b\u00e4sta av drifts\u00e4kerhet och prestanda. [&hellip;]","og_url":"https:\/\/www.detrailbikes.com\/sv\/produkt\/stig-115-core-performance-copy-3\/","og_site_name":"Detrail Bikes","article_modified_time":"2025-02-10T12:54:19+00:00","og_image":[{"width":1920,"height":1080,"url":"https:\/\/www.detrailbikes.com\/wp-content\/uploads\/2023\/02\/S115-LXP-S3D1B1-2.jpg","type":"image\/jpeg"}],"twitter_card":"summary_large_image","twitter_misc":{"Ber\u00e4knad l\u00e4stid":"1 minut"},"schema":{"@context":"https:\/\/schema.org","@graph":[{"@type":"WebPage","@id":"https:\/\/www.detrailbikes.com\/sv\/produkt\/stig-115-core-performance-copy-3\/","url":"https:\/\/www.detrailbikes.com\/sv\/produkt\/stig-115-core-performance-copy-3\/","name":"STIG 115 Core\/Performance - Detrail Bikes","isPartOf":{"@id":"https:\/\/www.detrailbikes.com\/sv\/#website"},"primaryImageOfPage":{"@id":"https:\/\/www.detrailbikes.com\/sv\/produkt\/stig-115-core-performance-copy-3\/#primaryimage"},"image":{"@id":"https:\/\/www.detrailbikes.com\/sv\/produkt\/stig-115-core-performance-copy-3\/#primaryimage"},"thumbnailUrl":"https:\/\/www.detrailbikes.com\/wp-content\/uploads\/2023\/02\/S115-LXP-S3D1B1-2.jpg","datePublished":"2024-06-08T14:27:38+00:00","dateModified":"2025-02-10T12:54:19+00:00","breadcrumb":{"@id":"https:\/\/www.detrailbikes.com\/sv\/produkt\/stig-115-core-performance-copy-3\/#breadcrumb"},"inLanguage":"sv-SE","potentialAction":[{"@type":"ReadAction","target":["https:\/\/www.detrailbikes.com\/sv\/produkt\/stig-115-core-performance-copy-3\/"]}]},{"@type":"ImageObject","inLanguage":"sv-SE","@id":"https:\/\/www.detrailbikes.com\/sv\/produkt\/stig-115-core-performance-copy-3\/#primaryimage","url":"https:\/\/www.detrailbikes.com\/wp-content\/uploads\/2023\/02\/S115-LXP-S3D1B1-2.jpg","contentUrl":"https:\/\/www.detrailbikes.com\/wp-content\/uploads\/2023\/02\/S115-LXP-S3D1B1-2.jpg","width":1920,"height":1080},{"@type":"BreadcrumbList","@id":"https:\/\/www.detrailbikes.com\/sv\/produkt\/stig-115-core-performance-copy-3\/#breadcrumb","itemListElement":[{"@type":"ListItem","position":1,"name":"Home","item":"https:\/\/www.detrailbikes.com\/sv\/"},{"@type":"ListItem","position":2,"name":"Butik","item":"https:\/\/www.detrailbikes.com\/sv\/butik\/"},{"@type":"ListItem","position":3,"name":"STIG 115 Core\/Performance"}]},{"@type":"WebSite","@id":"https:\/\/www.detrailbikes.com\/sv\/#website","url":"https:\/\/www.detrailbikes.com\/sv\/","name":"Detrail Bikes","description":"","publisher":{"@id":"https:\/\/www.detrailbikes.com\/sv\/#organization"},"potentialAction":[{"@type":"SearchAction","target":{"@type":"EntryPoint","urlTemplate":"https:\/\/www.detrailbikes.com\/sv\/?s={search_term_string}"},"query-input":{"@type":"PropertyValueSpecification","valueRequired":true,"valueName":"search_term_string"}}],"inLanguage":"sv-SE"},{"@type":"Organization","@id":"https:\/\/www.detrailbikes.com\/sv\/#organization","name":"Detrail","url":"https:\/\/www.detrailbikes.com\/sv\/","logo":{"@type":"ImageObject","inLanguage":"sv-SE","@id":"https:\/\/www.detrailbikes.com\/sv\/#\/schema\/logo\/image\/","url":"https:\/\/www.detrailbikes.com\/wp-content\/uploads\/2022\/04\/detrail-logo-horizontal-black.png","contentUrl":"https:\/\/www.detrailbikes.com\/wp-content\/uploads\/2022\/04\/detrail-logo-horizontal-black.png","width":1266,"height":135,"caption":"Detrail"},"image":{"@id":"https:\/\/www.detrailbikes.com\/sv\/#\/schema\/logo\/image\/"},"sameAs":["https:\/\/www.instagram.com\/detrailbikes\/"]}]}},"_links":{"self":[{"href":"https:\/\/www.detrailbikes.com\/sv\/wp-json\/wp\/v2\/product\/18682","targetHints":{"allow":["GET"]}}],"collection":[{"href":"https:\/\/www.detrailbikes.com\/sv\/wp-json\/wp\/v2\/product"}],"about":[{"href":"https:\/\/www.detrailbikes.com\/sv\/wp-json\/wp\/v2\/types\/product"}],"wp:featuredmedia":[{"embeddable":true,"href":"https:\/\/www.detrailbikes.com\/sv\/wp-json\/wp\/v2\/media\/8315"}],"wp:attachment":[{"href":"https:\/\/www.detrailbikes.com\/sv\/wp-json\/wp\/v2\/media?parent=18682"}],"wp:term":[{"taxonomy":"product_brand","embeddable":true,"href":"https:\/\/www.detrailbikes.com\/sv\/wp-json\/wp\/v2\/product_brand?post=18682"},{"taxonomy":"product_cat","embeddable":true,"href":"https:\/\/www.detrailbikes.com\/sv\/wp-json\/wp\/v2\/product_cat?post=18682"},{"taxonomy":"product_tag","embeddable":true,"href":"https:\/\/www.detrailbikes.com\/sv\/wp-json\/wp\/v2\/product_tag?post=18682"}],"curies":[{"name":"wp","href":"https:\/\/api.w.org\/{rel}","templated":true}]}}