{"id":18251,"date":"2024-04-19T10:21:26","date_gmt":"2024-04-19T08:21:26","guid":{"rendered":"https:\/\/www.detrailbikes.com\/?post_type=product&#038;p=18251"},"modified":"2024-04-19T12:10:17","modified_gmt":"2024-04-19T10:10:17","slug":"mtb-troja-kortarm-gron-herr","status":"publish","type":"product","link":"https:\/\/www.detrailbikes.com\/sv\/produkt\/mtb-troja-kortarm-gron-herr\/","title":{"rendered":"MTB-tr\u00f6ja Kort\u00e4rm Gr\u00f6n Herr"},"content":{"rendered":"<p>Njut av varje cykeltur i v\u00e5r senaste kort\u00e4rmade cykeltr\u00f6ja. Tillverkad av 100% Italiens polyester och sydd i Tjeckien f\u00f6r perfekt passform och kvalitet. Den n\u00e5got tjockare kvaliteten (135gram) skyddar mot kyla och vind utan att offra andningsf\u00f6rm\u00e5gan. Utm\u00e4rkt fukttransport h\u00e5ller dig torr och bekv\u00e4m under hela resan. Ge din cykelgarderob en uppgradering med en stilren och sportig tr\u00f6ja b\u00e5de f\u00f6r vardag och lerfest.<\/p>\n","protected":false},"excerpt":{"rendered":"<p>Njut av varje cykeltur i v\u00e5r senaste kort\u00e4rmade cykeltr\u00f6ja. Tillverkad av 100% Italiens polyester och sydd i Tjeckien f\u00f6r perfekt passform och kvalitet. Den n\u00e5got tjockare kvaliteten (135gram) skyddar mot kyla och vind utan att offra andningsf\u00f6rm\u00e5gan. Utm\u00e4rkt fukttransport h\u00e5ller dig torr och bekv\u00e4m under hela resan. Ge din cykelgarderob en uppgradering med en stilren [&hellip;]<\/p>\n","protected":false},"featured_media":18305,"template":"","meta":{"_acf_changed":false},"product_brand":[],"product_cat":[60],"product_tag":[],"class_list":{"0":"post-18251","1":"product","2":"type-product","3":"status-publish","4":"has-post-thumbnail","6":"product_cat-utrustning","8":"first","9":"instock","10":"taxable","11":"shipping-taxable","12":"purchasable","13":"product-type-variable","14":"has-default-attributes"},"acf":[],"yoast_head":"<!-- This site is optimized with the Yoast SEO plugin v27.2 - https:\/\/yoast.com\/product\/yoast-seo-wordpress\/ -->\n<title>MTB-tr\u00f6ja Kort\u00e4rm Gr\u00f6n Herr - Detrail Bikes<\/title>\n<meta name=\"robots\" content=\"index, follow, max-snippet:-1, max-image-preview:large, max-video-preview:-1\" \/>\n<link rel=\"canonical\" href=\"https:\/\/www.detrailbikes.com\/sv\/produkt\/mtb-troja-kortarm-gron-herr\/\" \/>\n<meta property=\"og:locale\" content=\"sv_SE\" \/>\n<meta property=\"og:type\" content=\"article\" \/>\n<meta property=\"og:title\" content=\"MTB-tr\u00f6ja Kort\u00e4rm Gr\u00f6n Herr - Detrail Bikes\" \/>\n<meta property=\"og:description\" content=\"Njut av varje cykeltur i v\u00e5r senaste kort\u00e4rmade cykeltr\u00f6ja. Tillverkad av 100% Italiens polyester och sydd i Tjeckien f\u00f6r perfekt passform och kvalitet. Den n\u00e5got tjockare kvaliteten (135gram) skyddar mot kyla och vind utan att offra andningsf\u00f6rm\u00e5gan. Utm\u00e4rkt fukttransport h\u00e5ller dig torr och bekv\u00e4m under hela resan. Ge din cykelgarderob en uppgradering med en stilren [&hellip;]\" \/>\n<meta property=\"og:url\" content=\"https:\/\/www.detrailbikes.com\/sv\/produkt\/mtb-troja-kortarm-gron-herr\/\" \/>\n<meta property=\"og:site_name\" content=\"Detrail Bikes\" \/>\n<meta property=\"article:modified_time\" content=\"2024-04-19T10:10:17+00:00\" \/>\n<meta property=\"og:image\" content=\"https:\/\/www.detrailbikes.com\/wp-content\/uploads\/2024\/04\/DeTrail_Herr_01-scaled.jpg\" \/>\n\t<meta property=\"og:image:width\" content=\"2048\" \/>\n\t<meta property=\"og:image:height\" content=\"2560\" \/>\n\t<meta property=\"og:image:type\" content=\"image\/jpeg\" \/>\n<meta name=\"twitter:card\" content=\"summary_large_image\" \/>\n<meta name=\"twitter:label1\" content=\"Ber\u00e4knad l\u00e4stid\" \/>\n\t<meta name=\"twitter:data1\" content=\"1 minut\" \/>\n<script type=\"application\/ld+json\" class=\"yoast-schema-graph\">{\"@context\":\"https:\/\/schema.org\",\"@graph\":[{\"@type\":\"WebPage\",\"@id\":\"https:\/\/www.detrailbikes.com\/sv\/produkt\/mtb-troja-kortarm-gron-herr\/\",\"url\":\"https:\/\/www.detrailbikes.com\/sv\/produkt\/mtb-troja-kortarm-gron-herr\/\",\"name\":\"MTB-tr\u00f6ja Kort\u00e4rm Gr\u00f6n Herr - Detrail Bikes\",\"isPartOf\":{\"@id\":\"https:\/\/www.detrailbikes.com\/sv\/#website\"},\"primaryImageOfPage\":{\"@id\":\"https:\/\/www.detrailbikes.com\/sv\/produkt\/mtb-troja-kortarm-gron-herr\/#primaryimage\"},\"image\":{\"@id\":\"https:\/\/www.detrailbikes.com\/sv\/produkt\/mtb-troja-kortarm-gron-herr\/#primaryimage\"},\"thumbnailUrl\":\"https:\/\/www.detrailbikes.com\/wp-content\/uploads\/2024\/04\/DeTrail_Herr_01-scaled.jpg\",\"datePublished\":\"2024-04-19T08:21:26+00:00\",\"dateModified\":\"2024-04-19T10:10:17+00:00\",\"breadcrumb\":{\"@id\":\"https:\/\/www.detrailbikes.com\/sv\/produkt\/mtb-troja-kortarm-gron-herr\/#breadcrumb\"},\"inLanguage\":\"sv-SE\",\"potentialAction\":[{\"@type\":\"ReadAction\",\"target\":[\"https:\/\/www.detrailbikes.com\/sv\/produkt\/mtb-troja-kortarm-gron-herr\/\"]}]},{\"@type\":\"ImageObject\",\"inLanguage\":\"sv-SE\",\"@id\":\"https:\/\/www.detrailbikes.com\/sv\/produkt\/mtb-troja-kortarm-gron-herr\/#primaryimage\",\"url\":\"https:\/\/www.detrailbikes.com\/wp-content\/uploads\/2024\/04\/DeTrail_Herr_01-scaled.jpg\",\"contentUrl\":\"https:\/\/www.detrailbikes.com\/wp-content\/uploads\/2024\/04\/DeTrail_Herr_01-scaled.jpg\",\"width\":2048,\"height\":2560},{\"@type\":\"BreadcrumbList\",\"@id\":\"https:\/\/www.detrailbikes.com\/sv\/produkt\/mtb-troja-kortarm-gron-herr\/#breadcrumb\",\"itemListElement\":[{\"@type\":\"ListItem\",\"position\":1,\"name\":\"Home\",\"item\":\"https:\/\/www.detrailbikes.com\/sv\/\"},{\"@type\":\"ListItem\",\"position\":2,\"name\":\"Butik\",\"item\":\"https:\/\/www.detrailbikes.com\/sv\/butik\/\"},{\"@type\":\"ListItem\",\"position\":3,\"name\":\"MTB-tr\u00f6ja Kort\u00e4rm Gr\u00f6n Herr\"}]},{\"@type\":\"WebSite\",\"@id\":\"https:\/\/www.detrailbikes.com\/sv\/#website\",\"url\":\"https:\/\/www.detrailbikes.com\/sv\/\",\"name\":\"Detrail Bikes\",\"description\":\"\",\"publisher\":{\"@id\":\"https:\/\/www.detrailbikes.com\/sv\/#organization\"},\"potentialAction\":[{\"@type\":\"SearchAction\",\"target\":{\"@type\":\"EntryPoint\",\"urlTemplate\":\"https:\/\/www.detrailbikes.com\/sv\/?s={search_term_string}\"},\"query-input\":{\"@type\":\"PropertyValueSpecification\",\"valueRequired\":true,\"valueName\":\"search_term_string\"}}],\"inLanguage\":\"sv-SE\"},{\"@type\":\"Organization\",\"@id\":\"https:\/\/www.detrailbikes.com\/sv\/#organization\",\"name\":\"Detrail\",\"url\":\"https:\/\/www.detrailbikes.com\/sv\/\",\"logo\":{\"@type\":\"ImageObject\",\"inLanguage\":\"sv-SE\",\"@id\":\"https:\/\/www.detrailbikes.com\/sv\/#\/schema\/logo\/image\/\",\"url\":\"https:\/\/www.detrailbikes.com\/wp-content\/uploads\/2022\/04\/detrail-logo-horizontal-black.png\",\"contentUrl\":\"https:\/\/www.detrailbikes.com\/wp-content\/uploads\/2022\/04\/detrail-logo-horizontal-black.png\",\"width\":1266,\"height\":135,\"caption\":\"Detrail\"},\"image\":{\"@id\":\"https:\/\/www.detrailbikes.com\/sv\/#\/schema\/logo\/image\/\"},\"sameAs\":[\"https:\/\/www.instagram.com\/detrailbikes\/\"]}]}<\/script>\n<!-- \/ Yoast SEO plugin. -->","yoast_head_json":{"title":"MTB-tr\u00f6ja Kort\u00e4rm Gr\u00f6n Herr - Detrail Bikes","robots":{"index":"index","follow":"follow","max-snippet":"max-snippet:-1","max-image-preview":"max-image-preview:large","max-video-preview":"max-video-preview:-1"},"canonical":"https:\/\/www.detrailbikes.com\/sv\/produkt\/mtb-troja-kortarm-gron-herr\/","og_locale":"sv_SE","og_type":"article","og_title":"MTB-tr\u00f6ja Kort\u00e4rm Gr\u00f6n Herr - Detrail Bikes","og_description":"Njut av varje cykeltur i v\u00e5r senaste kort\u00e4rmade cykeltr\u00f6ja. Tillverkad av 100% Italiens polyester och sydd i Tjeckien f\u00f6r perfekt passform och kvalitet. Den n\u00e5got tjockare kvaliteten (135gram) skyddar mot kyla och vind utan att offra andningsf\u00f6rm\u00e5gan. Utm\u00e4rkt fukttransport h\u00e5ller dig torr och bekv\u00e4m under hela resan. Ge din cykelgarderob en uppgradering med en stilren [&hellip;]","og_url":"https:\/\/www.detrailbikes.com\/sv\/produkt\/mtb-troja-kortarm-gron-herr\/","og_site_name":"Detrail Bikes","article_modified_time":"2024-04-19T10:10:17+00:00","og_image":[{"width":2048,"height":2560,"url":"https:\/\/www.detrailbikes.com\/wp-content\/uploads\/2024\/04\/DeTrail_Herr_01-scaled.jpg","type":"image\/jpeg"}],"twitter_card":"summary_large_image","twitter_misc":{"Ber\u00e4knad l\u00e4stid":"1 minut"},"schema":{"@context":"https:\/\/schema.org","@graph":[{"@type":"WebPage","@id":"https:\/\/www.detrailbikes.com\/sv\/produkt\/mtb-troja-kortarm-gron-herr\/","url":"https:\/\/www.detrailbikes.com\/sv\/produkt\/mtb-troja-kortarm-gron-herr\/","name":"MTB-tr\u00f6ja Kort\u00e4rm Gr\u00f6n Herr - Detrail Bikes","isPartOf":{"@id":"https:\/\/www.detrailbikes.com\/sv\/#website"},"primaryImageOfPage":{"@id":"https:\/\/www.detrailbikes.com\/sv\/produkt\/mtb-troja-kortarm-gron-herr\/#primaryimage"},"image":{"@id":"https:\/\/www.detrailbikes.com\/sv\/produkt\/mtb-troja-kortarm-gron-herr\/#primaryimage"},"thumbnailUrl":"https:\/\/www.detrailbikes.com\/wp-content\/uploads\/2024\/04\/DeTrail_Herr_01-scaled.jpg","datePublished":"2024-04-19T08:21:26+00:00","dateModified":"2024-04-19T10:10:17+00:00","breadcrumb":{"@id":"https:\/\/www.detrailbikes.com\/sv\/produkt\/mtb-troja-kortarm-gron-herr\/#breadcrumb"},"inLanguage":"sv-SE","potentialAction":[{"@type":"ReadAction","target":["https:\/\/www.detrailbikes.com\/sv\/produkt\/mtb-troja-kortarm-gron-herr\/"]}]},{"@type":"ImageObject","inLanguage":"sv-SE","@id":"https:\/\/www.detrailbikes.com\/sv\/produkt\/mtb-troja-kortarm-gron-herr\/#primaryimage","url":"https:\/\/www.detrailbikes.com\/wp-content\/uploads\/2024\/04\/DeTrail_Herr_01-scaled.jpg","contentUrl":"https:\/\/www.detrailbikes.com\/wp-content\/uploads\/2024\/04\/DeTrail_Herr_01-scaled.jpg","width":2048,"height":2560},{"@type":"BreadcrumbList","@id":"https:\/\/www.detrailbikes.com\/sv\/produkt\/mtb-troja-kortarm-gron-herr\/#breadcrumb","itemListElement":[{"@type":"ListItem","position":1,"name":"Home","item":"https:\/\/www.detrailbikes.com\/sv\/"},{"@type":"ListItem","position":2,"name":"Butik","item":"https:\/\/www.detrailbikes.com\/sv\/butik\/"},{"@type":"ListItem","position":3,"name":"MTB-tr\u00f6ja Kort\u00e4rm Gr\u00f6n Herr"}]},{"@type":"WebSite","@id":"https:\/\/www.detrailbikes.com\/sv\/#website","url":"https:\/\/www.detrailbikes.com\/sv\/","name":"Detrail Bikes","description":"","publisher":{"@id":"https:\/\/www.detrailbikes.com\/sv\/#organization"},"potentialAction":[{"@type":"SearchAction","target":{"@type":"EntryPoint","urlTemplate":"https:\/\/www.detrailbikes.com\/sv\/?s={search_term_string}"},"query-input":{"@type":"PropertyValueSpecification","valueRequired":true,"valueName":"search_term_string"}}],"inLanguage":"sv-SE"},{"@type":"Organization","@id":"https:\/\/www.detrailbikes.com\/sv\/#organization","name":"Detrail","url":"https:\/\/www.detrailbikes.com\/sv\/","logo":{"@type":"ImageObject","inLanguage":"sv-SE","@id":"https:\/\/www.detrailbikes.com\/sv\/#\/schema\/logo\/image\/","url":"https:\/\/www.detrailbikes.com\/wp-content\/uploads\/2022\/04\/detrail-logo-horizontal-black.png","contentUrl":"https:\/\/www.detrailbikes.com\/wp-content\/uploads\/2022\/04\/detrail-logo-horizontal-black.png","width":1266,"height":135,"caption":"Detrail"},"image":{"@id":"https:\/\/www.detrailbikes.com\/sv\/#\/schema\/logo\/image\/"},"sameAs":["https:\/\/www.instagram.com\/detrailbikes\/"]}]}},"_links":{"self":[{"href":"https:\/\/www.detrailbikes.com\/sv\/wp-json\/wp\/v2\/product\/18251","targetHints":{"allow":["GET"]}}],"collection":[{"href":"https:\/\/www.detrailbikes.com\/sv\/wp-json\/wp\/v2\/product"}],"about":[{"href":"https:\/\/www.detrailbikes.com\/sv\/wp-json\/wp\/v2\/types\/product"}],"wp:featuredmedia":[{"embeddable":true,"href":"https:\/\/www.detrailbikes.com\/sv\/wp-json\/wp\/v2\/media\/18305"}],"wp:attachment":[{"href":"https:\/\/www.detrailbikes.com\/sv\/wp-json\/wp\/v2\/media?parent=18251"}],"wp:term":[{"taxonomy":"product_brand","embeddable":true,"href":"https:\/\/www.detrailbikes.com\/sv\/wp-json\/wp\/v2\/product_brand?post=18251"},{"taxonomy":"product_cat","embeddable":true,"href":"https:\/\/www.detrailbikes.com\/sv\/wp-json\/wp\/v2\/product_cat?post=18251"},{"taxonomy":"product_tag","embeddable":true,"href":"https:\/\/www.detrailbikes.com\/sv\/wp-json\/wp\/v2\/product_tag?post=18251"}],"curies":[{"name":"wp","href":"https:\/\/api.w.org\/{rel}","templated":true}]}}