{"id":10292,"date":"2023-04-28T21:08:23","date_gmt":"2023-04-28T19:08:23","guid":{"rendered":"https:\/\/www.detrailbikes.com\/product\/tubeless-istakket-for-slang\/"},"modified":"2026-04-09T18:00:04","modified_gmt":"2026-04-09T16:00:04","slug":"tubeless-istakket-for-slang","status":"publish","type":"product","link":"https:\/\/www.detrailbikes.com\/sv\/produkt\/tubeless-istakket-for-slang\/","title":{"rendered":"Tubeless ist\u00e4llet f\u00f6r slang"},"content":{"rendered":"<p>Vi levererar din cykel slangl\u00f6st med Mucoff tubeless sealant t\u00e4tningsmedel ist\u00e4llet f\u00f6r innerslang. Detta g\u00f6r det m\u00f6jligt f\u00f6r dig att k\u00f6ra l\u00e4gre d\u00e4cktryck f\u00f6r mer grepp utan att riskera punkteringar.<\/p>\n","protected":false},"excerpt":{"rendered":"<p>Vi levererar din cykel slangl\u00f6st med Mucoff tubeless sealant t\u00e4tningsmedel ist\u00e4llet f\u00f6r innerslang. Detta g\u00f6r det m\u00f6jligt f\u00f6r dig att k\u00f6ra l\u00e4gre d\u00e4cktryck f\u00f6r mer grepp utan att riskera punkteringar.<\/p>\n","protected":false},"featured_media":10291,"template":"","meta":{"_acf_changed":false},"product_brand":[],"product_cat":[62],"product_tag":[],"class_list":{"0":"post-10292","1":"product","2":"type-product","3":"status-publish","4":"has-post-thumbnail","6":"product_cat-okategoriserat","8":"first","9":"instock","10":"taxable","11":"shipping-taxable","12":"purchasable","13":"product-type-simple"},"acf":[],"yoast_head":"<!-- This site is optimized with the Yoast SEO plugin v27.2 - https:\/\/yoast.com\/product\/yoast-seo-wordpress\/ -->\n<title>Tubeless ist\u00e4llet f\u00f6r slang - Detrail Bikes<\/title>\n<meta name=\"robots\" content=\"index, follow, max-snippet:-1, max-image-preview:large, max-video-preview:-1\" \/>\n<link rel=\"canonical\" href=\"https:\/\/www.detrailbikes.com\/sv\/produkt\/tubeless-istakket-for-slang\/\" \/>\n<meta property=\"og:locale\" content=\"sv_SE\" \/>\n<meta property=\"og:type\" content=\"article\" \/>\n<meta property=\"og:title\" content=\"Tubeless ist\u00e4llet f\u00f6r slang - Detrail Bikes\" \/>\n<meta property=\"og:description\" content=\"Vi levererar din cykel slangl\u00f6st med Mucoff tubeless sealant t\u00e4tningsmedel ist\u00e4llet f\u00f6r innerslang. Detta g\u00f6r det m\u00f6jligt f\u00f6r dig att k\u00f6ra l\u00e4gre d\u00e4cktryck f\u00f6r mer grepp utan att riskera punkteringar.\" \/>\n<meta property=\"og:url\" content=\"https:\/\/www.detrailbikes.com\/sv\/produkt\/tubeless-istakket-for-slang\/\" \/>\n<meta property=\"og:site_name\" content=\"Detrail Bikes\" \/>\n<meta property=\"article:modified_time\" content=\"2026-04-09T16:00:04+00:00\" \/>\n<meta property=\"og:image\" content=\"https:\/\/www.detrailbikes.com\/wp-content\/uploads\/2023\/04\/sealant-mucoff.jpg\" \/>\n\t<meta property=\"og:image:width\" content=\"386\" \/>\n\t<meta property=\"og:image:height\" content=\"577\" \/>\n\t<meta property=\"og:image:type\" content=\"image\/jpeg\" \/>\n<meta name=\"twitter:card\" content=\"summary_large_image\" \/>\n<script type=\"application\/ld+json\" class=\"yoast-schema-graph\">{\"@context\":\"https:\/\/schema.org\",\"@graph\":[{\"@type\":\"WebPage\",\"@id\":\"https:\/\/www.detrailbikes.com\/sv\/produkt\/tubeless-istakket-for-slang\/\",\"url\":\"https:\/\/www.detrailbikes.com\/sv\/produkt\/tubeless-istakket-for-slang\/\",\"name\":\"Tubeless ist\u00e4llet f\u00f6r slang - Detrail Bikes\",\"isPartOf\":{\"@id\":\"https:\/\/www.detrailbikes.com\/sv\/#website\"},\"primaryImageOfPage\":{\"@id\":\"https:\/\/www.detrailbikes.com\/sv\/produkt\/tubeless-istakket-for-slang\/#primaryimage\"},\"image\":{\"@id\":\"https:\/\/www.detrailbikes.com\/sv\/produkt\/tubeless-istakket-for-slang\/#primaryimage\"},\"thumbnailUrl\":\"https:\/\/www.detrailbikes.com\/wp-content\/uploads\/2023\/04\/sealant-mucoff.jpg\",\"datePublished\":\"2023-04-28T19:08:23+00:00\",\"dateModified\":\"2026-04-09T16:00:04+00:00\",\"breadcrumb\":{\"@id\":\"https:\/\/www.detrailbikes.com\/sv\/produkt\/tubeless-istakket-for-slang\/#breadcrumb\"},\"inLanguage\":\"sv-SE\",\"potentialAction\":[{\"@type\":\"ReadAction\",\"target\":[\"https:\/\/www.detrailbikes.com\/sv\/produkt\/tubeless-istakket-for-slang\/\"]}]},{\"@type\":\"ImageObject\",\"inLanguage\":\"sv-SE\",\"@id\":\"https:\/\/www.detrailbikes.com\/sv\/produkt\/tubeless-istakket-for-slang\/#primaryimage\",\"url\":\"https:\/\/www.detrailbikes.com\/wp-content\/uploads\/2023\/04\/sealant-mucoff.jpg\",\"contentUrl\":\"https:\/\/www.detrailbikes.com\/wp-content\/uploads\/2023\/04\/sealant-mucoff.jpg\",\"width\":386,\"height\":577},{\"@type\":\"BreadcrumbList\",\"@id\":\"https:\/\/www.detrailbikes.com\/sv\/produkt\/tubeless-istakket-for-slang\/#breadcrumb\",\"itemListElement\":[{\"@type\":\"ListItem\",\"position\":1,\"name\":\"Home\",\"item\":\"https:\/\/www.detrailbikes.com\/sv\/\"},{\"@type\":\"ListItem\",\"position\":2,\"name\":\"Butik\",\"item\":\"https:\/\/www.detrailbikes.com\/sv\/butik\/\"},{\"@type\":\"ListItem\",\"position\":3,\"name\":\"Tubeless ist\u00e4llet f\u00f6r slang\"}]},{\"@type\":\"WebSite\",\"@id\":\"https:\/\/www.detrailbikes.com\/sv\/#website\",\"url\":\"https:\/\/www.detrailbikes.com\/sv\/\",\"name\":\"Detrail Bikes\",\"description\":\"\",\"publisher\":{\"@id\":\"https:\/\/www.detrailbikes.com\/sv\/#organization\"},\"potentialAction\":[{\"@type\":\"SearchAction\",\"target\":{\"@type\":\"EntryPoint\",\"urlTemplate\":\"https:\/\/www.detrailbikes.com\/sv\/?s={search_term_string}\"},\"query-input\":{\"@type\":\"PropertyValueSpecification\",\"valueRequired\":true,\"valueName\":\"search_term_string\"}}],\"inLanguage\":\"sv-SE\"},{\"@type\":\"Organization\",\"@id\":\"https:\/\/www.detrailbikes.com\/sv\/#organization\",\"name\":\"Detrail\",\"url\":\"https:\/\/www.detrailbikes.com\/sv\/\",\"logo\":{\"@type\":\"ImageObject\",\"inLanguage\":\"sv-SE\",\"@id\":\"https:\/\/www.detrailbikes.com\/sv\/#\/schema\/logo\/image\/\",\"url\":\"https:\/\/www.detrailbikes.com\/wp-content\/uploads\/2022\/04\/detrail-logo-horizontal-black.png\",\"contentUrl\":\"https:\/\/www.detrailbikes.com\/wp-content\/uploads\/2022\/04\/detrail-logo-horizontal-black.png\",\"width\":1266,\"height\":135,\"caption\":\"Detrail\"},\"image\":{\"@id\":\"https:\/\/www.detrailbikes.com\/sv\/#\/schema\/logo\/image\/\"},\"sameAs\":[\"https:\/\/www.instagram.com\/detrailbikes\/\"]}]}<\/script>\n<!-- \/ Yoast SEO plugin. -->","yoast_head_json":{"title":"Tubeless ist\u00e4llet f\u00f6r slang - Detrail Bikes","robots":{"index":"index","follow":"follow","max-snippet":"max-snippet:-1","max-image-preview":"max-image-preview:large","max-video-preview":"max-video-preview:-1"},"canonical":"https:\/\/www.detrailbikes.com\/sv\/produkt\/tubeless-istakket-for-slang\/","og_locale":"sv_SE","og_type":"article","og_title":"Tubeless ist\u00e4llet f\u00f6r slang - Detrail Bikes","og_description":"Vi levererar din cykel slangl\u00f6st med Mucoff tubeless sealant t\u00e4tningsmedel ist\u00e4llet f\u00f6r innerslang. Detta g\u00f6r det m\u00f6jligt f\u00f6r dig att k\u00f6ra l\u00e4gre d\u00e4cktryck f\u00f6r mer grepp utan att riskera punkteringar.","og_url":"https:\/\/www.detrailbikes.com\/sv\/produkt\/tubeless-istakket-for-slang\/","og_site_name":"Detrail Bikes","article_modified_time":"2026-04-09T16:00:04+00:00","og_image":[{"width":386,"height":577,"url":"https:\/\/www.detrailbikes.com\/wp-content\/uploads\/2023\/04\/sealant-mucoff.jpg","type":"image\/jpeg"}],"twitter_card":"summary_large_image","schema":{"@context":"https:\/\/schema.org","@graph":[{"@type":"WebPage","@id":"https:\/\/www.detrailbikes.com\/sv\/produkt\/tubeless-istakket-for-slang\/","url":"https:\/\/www.detrailbikes.com\/sv\/produkt\/tubeless-istakket-for-slang\/","name":"Tubeless ist\u00e4llet f\u00f6r slang - Detrail Bikes","isPartOf":{"@id":"https:\/\/www.detrailbikes.com\/sv\/#website"},"primaryImageOfPage":{"@id":"https:\/\/www.detrailbikes.com\/sv\/produkt\/tubeless-istakket-for-slang\/#primaryimage"},"image":{"@id":"https:\/\/www.detrailbikes.com\/sv\/produkt\/tubeless-istakket-for-slang\/#primaryimage"},"thumbnailUrl":"https:\/\/www.detrailbikes.com\/wp-content\/uploads\/2023\/04\/sealant-mucoff.jpg","datePublished":"2023-04-28T19:08:23+00:00","dateModified":"2026-04-09T16:00:04+00:00","breadcrumb":{"@id":"https:\/\/www.detrailbikes.com\/sv\/produkt\/tubeless-istakket-for-slang\/#breadcrumb"},"inLanguage":"sv-SE","potentialAction":[{"@type":"ReadAction","target":["https:\/\/www.detrailbikes.com\/sv\/produkt\/tubeless-istakket-for-slang\/"]}]},{"@type":"ImageObject","inLanguage":"sv-SE","@id":"https:\/\/www.detrailbikes.com\/sv\/produkt\/tubeless-istakket-for-slang\/#primaryimage","url":"https:\/\/www.detrailbikes.com\/wp-content\/uploads\/2023\/04\/sealant-mucoff.jpg","contentUrl":"https:\/\/www.detrailbikes.com\/wp-content\/uploads\/2023\/04\/sealant-mucoff.jpg","width":386,"height":577},{"@type":"BreadcrumbList","@id":"https:\/\/www.detrailbikes.com\/sv\/produkt\/tubeless-istakket-for-slang\/#breadcrumb","itemListElement":[{"@type":"ListItem","position":1,"name":"Home","item":"https:\/\/www.detrailbikes.com\/sv\/"},{"@type":"ListItem","position":2,"name":"Butik","item":"https:\/\/www.detrailbikes.com\/sv\/butik\/"},{"@type":"ListItem","position":3,"name":"Tubeless ist\u00e4llet f\u00f6r slang"}]},{"@type":"WebSite","@id":"https:\/\/www.detrailbikes.com\/sv\/#website","url":"https:\/\/www.detrailbikes.com\/sv\/","name":"Detrail Bikes","description":"","publisher":{"@id":"https:\/\/www.detrailbikes.com\/sv\/#organization"},"potentialAction":[{"@type":"SearchAction","target":{"@type":"EntryPoint","urlTemplate":"https:\/\/www.detrailbikes.com\/sv\/?s={search_term_string}"},"query-input":{"@type":"PropertyValueSpecification","valueRequired":true,"valueName":"search_term_string"}}],"inLanguage":"sv-SE"},{"@type":"Organization","@id":"https:\/\/www.detrailbikes.com\/sv\/#organization","name":"Detrail","url":"https:\/\/www.detrailbikes.com\/sv\/","logo":{"@type":"ImageObject","inLanguage":"sv-SE","@id":"https:\/\/www.detrailbikes.com\/sv\/#\/schema\/logo\/image\/","url":"https:\/\/www.detrailbikes.com\/wp-content\/uploads\/2022\/04\/detrail-logo-horizontal-black.png","contentUrl":"https:\/\/www.detrailbikes.com\/wp-content\/uploads\/2022\/04\/detrail-logo-horizontal-black.png","width":1266,"height":135,"caption":"Detrail"},"image":{"@id":"https:\/\/www.detrailbikes.com\/sv\/#\/schema\/logo\/image\/"},"sameAs":["https:\/\/www.instagram.com\/detrailbikes\/"]}]}},"_links":{"self":[{"href":"https:\/\/www.detrailbikes.com\/sv\/wp-json\/wp\/v2\/product\/10292","targetHints":{"allow":["GET"]}}],"collection":[{"href":"https:\/\/www.detrailbikes.com\/sv\/wp-json\/wp\/v2\/product"}],"about":[{"href":"https:\/\/www.detrailbikes.com\/sv\/wp-json\/wp\/v2\/types\/product"}],"wp:featuredmedia":[{"embeddable":true,"href":"https:\/\/www.detrailbikes.com\/sv\/wp-json\/wp\/v2\/media\/10291"}],"wp:attachment":[{"href":"https:\/\/www.detrailbikes.com\/sv\/wp-json\/wp\/v2\/media?parent=10292"}],"wp:term":[{"taxonomy":"product_brand","embeddable":true,"href":"https:\/\/www.detrailbikes.com\/sv\/wp-json\/wp\/v2\/product_brand?post=10292"},{"taxonomy":"product_cat","embeddable":true,"href":"https:\/\/www.detrailbikes.com\/sv\/wp-json\/wp\/v2\/product_cat?post=10292"},{"taxonomy":"product_tag","embeddable":true,"href":"https:\/\/www.detrailbikes.com\/sv\/wp-json\/wp\/v2\/product_tag?post=10292"}],"curies":[{"name":"wp","href":"https:\/\/api.w.org\/{rel}","templated":true}]}}