{"id":9604,"date":"2023-02-16T09:26:25","date_gmt":"2023-02-16T08:26:25","guid":{"rendered":"https:\/\/www.detrailbikes.com\/se-cyklarna-live\/"},"modified":"2026-04-09T13:34:05","modified_gmt":"2026-04-09T11:34:05","slug":"se-cyklarna-live","status":"publish","type":"page","link":"https:\/\/www.detrailbikes.com\/sv\/se-cyklarna-live\/","title":{"rendered":"Se cyklarna live"},"content":{"rendered":"\n<h2 class=\"wp-block-heading has-text-align-center\"><h2 style=\"text-align: center;\"><strong>v\u00e4lkommen till v\u00e5rt showroom<\/strong><\/h2><\/h2>\n\n<p class=\"has-text-align-center\">I v\u00e5rt showroom kan du se v\u00e5ra modeller och storlekar. Kontakta oss s\u00e5 bokar vi in en tid f\u00f6r en demo eller en kopp kaffe.&#13;\n<\/p>\n\n<p class=\"has-text-align-center\">V\u00e4lkommen till <a href=\"https:\/\/www.google.com\/maps\/place\/Detrail+Bikes\/@57.7281184,12.9393637,17z\/data=!3m1!4b1!4m6!3m5!1s0x465aa193888a1507:0x288c15511beef024!8m2!3d57.7281184!4d12.9393637!16s%2Fg%2F11styqkdp4?entry=ttu&amp;g_ep=EgoyMDI1MDQwMi4xIKXMDSoASAFQAw%3D%3D\">Skaraborgsv\u00e4gen 21, 506 30 Bor\u00e5s<\/a><\/p>\n\n<h2 class=\"wp-block-heading has-text-align-center\">KONTAKTA OSS F\u00d6R EN DEMO<\/h2>\n\n<figure class=\"wp-block-image size-large mc mc--m lw lw--txt\"><img loading=\"lazy\" decoding=\"async\" width=\"2359\" height=\"1675\" src=\"https:\/\/www.detrailbikes.com\/wp-content\/uploads\/2024\/05\/20240530_163112-scaled-e1717095059721.jpg\" alt=\"\" class=\"wp-image-18552\" srcset=\"https:\/\/www.detrailbikes.com\/wp-content\/uploads\/2024\/05\/20240530_163112-scaled-e1717095059721.jpg 2359w, https:\/\/www.detrailbikes.com\/wp-content\/uploads\/2024\/05\/20240530_163112-scaled-e1717095059721-300x213.jpg 300w, https:\/\/www.detrailbikes.com\/wp-content\/uploads\/2024\/05\/20240530_163112-scaled-e1717095059721-1024x727.jpg 1024w, https:\/\/www.detrailbikes.com\/wp-content\/uploads\/2024\/05\/20240530_163112-scaled-e1717095059721-150x107.jpg 150w, https:\/\/www.detrailbikes.com\/wp-content\/uploads\/2024\/05\/20240530_163112-scaled-e1717095059721-768x545.jpg 768w, https:\/\/www.detrailbikes.com\/wp-content\/uploads\/2024\/05\/20240530_163112-scaled-e1717095059721-1536x1091.jpg 1536w, https:\/\/www.detrailbikes.com\/wp-content\/uploads\/2024\/05\/20240530_163112-scaled-e1717095059721-2048x1454.jpg 2048w, https:\/\/www.detrailbikes.com\/wp-content\/uploads\/2024\/05\/20240530_163112-scaled-e1717095059721-16x11.jpg 16w, https:\/\/www.detrailbikes.com\/wp-content\/uploads\/2024\/05\/20240530_163112-scaled-e1717095059721-600x426.jpg 600w\" sizes=\"auto, (max-width: 2359px) 100vw, 2359px\" \/><\/figure>\n\n<div class=\"postcard&#x20;lw&#x20;lw--txt\">\n  <div class=\"postcard__inner\">\n    <div class=\"postcard__image\">\n        \n\n\n<div class=\"image&#x20;image--object-fit\">\n      <img width=\"2000\" height=\"1125\" data-src=\"https:\/\/www.detrailbikes.com\/wp-content\/uploads\/2023\/01\/about_detrail.jpg\" class=\"lazyload\" alt=\"\" data-sizes=\"auto\" data-srcset=\"https:\/\/www.detrailbikes.com\/wp-content\/uploads\/2023\/01\/about_detrail.jpg 2000w, https:\/\/www.detrailbikes.com\/wp-content\/uploads\/2023\/01\/about_detrail-600x338.jpg 600w, https:\/\/www.detrailbikes.com\/wp-content\/uploads\/2023\/01\/about_detrail-300x169.jpg 300w, https:\/\/www.detrailbikes.com\/wp-content\/uploads\/2023\/01\/about_detrail-1024x576.jpg 1024w, https:\/\/www.detrailbikes.com\/wp-content\/uploads\/2023\/01\/about_detrail-150x84.jpg 150w, https:\/\/www.detrailbikes.com\/wp-content\/uploads\/2023\/01\/about_detrail-768x432.jpg 768w, https:\/\/www.detrailbikes.com\/wp-content\/uploads\/2023\/01\/about_detrail-1536x864.jpg 1536w, https:\/\/www.detrailbikes.com\/wp-content\/uploads\/2023\/01\/about_detrail-16x9.jpg 16w\" \/>\n  <\/div>\n\n    <\/div>\n    <div class=\"postcard__content bw color-theme-white\">\n      \n\n<h2 class=\"wp-block-heading\">Vilken tid passar dig?<\/h2>\n\n\n\n<p>Kontakta oss s\u00e5 bokar vi in en tid<\/p>\n\n\n\n\n\n<div class=\"btn-group&#x20;mc&#x20;mc--xs&#x20;lw&#x20;lw--cntnt-pd\">\n  <div class=\"btn-group__inner\">\n                  \n\n<a class=\"btn&#x20;btn--solid&#x20;btn--color-text\" href=\"mailto&#x3A;ride&#x40;detrailbikes.com\" target=\"_blank\" rel=\"noreferrer&#x20;noopener\">\n  <span>E-MAIL<\/span>\n  <\/a>\n            <\/div>\n<\/div>\n\n\n\n\n<div class=\"btn-group&#x20;mc&#x20;mc--xs&#x20;lw&#x20;lw--cntnt-pd\">\n  <div class=\"btn-group__inner\">\n                  \n\n<a class=\"btn&#x20;btn--solid&#x20;btn--color-text\" href=\"https&#x3A;&#x2F;&#x2F;www.facebook.com&#x2F;detrailbikes\" target=\"_blank\" rel=\"noreferrer&#x20;noopener\">\n  <span>Facebook<\/span>\n  <\/a>\n            <\/div>\n<\/div>\n\n\n\n\n<div class=\"btn-group&#x20;mc&#x20;mc--xs&#x20;lw&#x20;lw--cntnt-pd\">\n  <div class=\"btn-group__inner\">\n                  \n\n<a class=\"btn&#x20;btn--solid&#x20;btn--color-text\" href=\"https&#x3A;&#x2F;&#x2F;www.instagram.com&#x2F;detrailbikes&#x2F;\" target=\"_blank\" rel=\"noreferrer&#x20;noopener\">\n  <span>INSTAGRAM<\/span>\n  <\/a>\n            <\/div>\n<\/div>\n\n    <\/div>\n  <\/div>\n<\/div>\n<h2 class=\"wp-block-heading\"><strong>Vilken modell vill du testa?<\/strong><\/h2>\n\n<p>Fyll i nedan \u00f6nskem\u00e5l s\u00e5 planerar vi in en testdag i n\u00e4rheten av dig. <\/p>\n\n<div class=\"contact-section&#x20;lw&#x20;lw--cntnt-pd\">\n  <div class=\"contact-section__inner lw lw--cntnt-pd\">\n    <div class=\"contact-section__content\">\n      \n    <\/div>\n    <div class=\"contact-section__form\">\n      \n<div class=\"wpcf7 no-js\" id=\"wpcf7-f5428-o1\" lang=\"en-US\" dir=\"ltr\" data-wpcf7-id=\"5428\">\n<div class=\"screen-reader-response\"><p role=\"status\" aria-live=\"polite\" aria-atomic=\"true\"><\/p> <ul><\/ul><\/div>\n<form action=\"\/sv\/wp-json\/wp\/v2\/pages\/9604#wpcf7-f5428-o1\" method=\"post\" class=\"wpcf7-form init wpcf7-acceptance-as-validation\" aria-label=\"Contact form\" novalidate=\"novalidate\" data-status=\"init\">\n<fieldset class=\"hidden-fields-container\"><input type=\"hidden\" name=\"_wpcf7\" value=\"5428\" \/><input type=\"hidden\" name=\"_wpcf7_version\" value=\"6.1.5\" \/><input type=\"hidden\" name=\"_wpcf7_locale\" value=\"en_US\" \/><input type=\"hidden\" name=\"_wpcf7_unit_tag\" value=\"wpcf7-f5428-o1\" \/><input type=\"hidden\" name=\"_wpcf7_container_post\" value=\"0\" \/><input type=\"hidden\" name=\"_wpcf7_posted_data_hash\" value=\"\" \/>\n<\/fieldset>\n<div class=\"\">\n\t<div class=\"field-columns\">\n\t\t<div class=\"field\">\n\t\t\t<p><label>Name* <span class=\"wpcf7-form-control-wrap\" data-name=\"your-name\"><input size=\"40\" maxlength=\"400\" class=\"wpcf7-form-control wpcf7-text wpcf7-validates-as-required\" aria-required=\"true\" aria-invalid=\"false\" value=\"\" type=\"text\" name=\"your-name\" \/><\/span><\/label>\n\t\t\t<\/p>\n\t\t<\/div>\n\t\t<div class=\"field\">\n\t\t\t<p><label>Email Address* <span class=\"wpcf7-form-control-wrap\" data-name=\"your-email\"><input size=\"40\" maxlength=\"400\" class=\"wpcf7-form-control wpcf7-email wpcf7-validates-as-required wpcf7-text wpcf7-validates-as-email\" aria-required=\"true\" aria-invalid=\"false\" value=\"\" type=\"email\" name=\"your-email\" \/><\/span><\/label>\n\t\t\t<\/p>\n\t\t<\/div>\n\t<\/div>\n\t<div class=\"field-columns\">\n\t\t<div class=\"field\">\n\t\t\t<p><label>City* <span class=\"wpcf7-form-control-wrap\" data-name=\"your-city\"><input size=\"40\" maxlength=\"400\" class=\"wpcf7-form-control wpcf7-text wpcf7-validates-as-required\" aria-required=\"true\" aria-invalid=\"false\" value=\"\" type=\"text\" name=\"your-city\" \/><\/span><\/label>\n\t\t\t<\/p>\n\t\t<\/div>\n\t\t<div class=\"field\">\n\t\t\t<p><label>Your Height (cm)* <span class=\"wpcf7-form-control-wrap\" data-name=\"your-height\"><input size=\"40\" maxlength=\"400\" class=\"wpcf7-form-control wpcf7-text wpcf7-validates-as-required\" aria-required=\"true\" aria-invalid=\"false\" value=\"\" type=\"text\" name=\"your-height\" \/><\/span><\/label>\n\t\t\t<\/p>\n\t\t<\/div>\n\t<\/div>\n\t<div class=\"field-columns\">\n\t\t<div class=\"field\">\n\t\t\t<p><label>Bike* <\/label>\n\t\t\t<\/p>\n\t\t\t<div class=\"dropdown\">\n\t\t\t\t<p><span class=\"wpcf7-form-control-wrap\" data-name=\"your-bike\"><select class=\"wpcf7-form-control wpcf7-select wpcf7-validates-as-required\" aria-required=\"true\" aria-invalid=\"false\" name=\"your-bike\"><option value=\"STIG\">STIG<\/option><option value=\"STIG 115\">STIG 115<\/option><option value=\"STIG 135\">STIG 135<\/option><option value=\"BERG 155\">BERG 155<\/option><option value=\"GRUS\">GRUS<\/option><\/select><\/span>\n\t\t\t\t<\/p>\n\t\t\t<\/div>\n\t\t<\/div>\n\t<\/div>\n\t<div class=\"field-columns\">\n\t\t<div class=\"field\">\n\t\t\t<p><label>Bike Color <\/label>\n\t\t\t<\/p>\n\t\t\t<div class=\"dropdown\">\n\t\t\t\t<p><span class=\"wpcf7-form-control-wrap\" data-name=\"your-bike-color\"><select class=\"wpcf7-form-control wpcf7-select\" aria-invalid=\"false\" name=\"your-bike-color\"><option value=\"-- Select color --\">&#8212; Select color &#8212;<\/option><option value=\"Black Granite\">Black Granite<\/option><option value=\"Pine Green\">Pine Green<\/option><option value=\"Bark Gray\">Bark Gray<\/option><option value=\"Rowan Red\">Rowan Red<\/option><\/select><\/span>\n\t\t\t\t<\/p>\n\t\t\t<\/div>\n\t\t<\/div>\n\t\t<div class=\"field\">\n\t\t\t<p><label>Bike Size <\/label>\n\t\t\t<\/p>\n\t\t\t<div class=\"dropdown\">\n\t\t\t\t<p><span class=\"wpcf7-form-control-wrap\" data-name=\"your-bike-size\"><select class=\"wpcf7-form-control wpcf7-select\" aria-invalid=\"false\" name=\"your-bike-size\"><option value=\"-- Select size --\">&#8212; Select size &#8212;<\/option><option value=\"S\/M\">S\/M<\/option><option value=\"M\/L\">M\/L<\/option><option value=\"L\/XL\">L\/XL<\/option><option value=\"XL\/XXL\">XL\/XXL<\/option><\/select><\/span>\n\t\t\t\t<\/p>\n\t\t\t<\/div>\n\t\t<\/div>\n\t<\/div>\n\t<div class=\"field-columns\">\n\t\t<div class=\"field\">\n\t\t\t<p><label>Message <span class=\"wpcf7-form-control-wrap\" data-name=\"your-message\"><textarea cols=\"40\" rows=\"10\" maxlength=\"2000\" class=\"wpcf7-form-control wpcf7-textarea\" aria-invalid=\"false\" placeholder=\"Write here...\" name=\"your-message\"><\/textarea><\/span><\/label>\n\t\t\t<\/p>\n\t\t<\/div>\n\t<\/div>\n\t<div class=\"field-columns field-columns--narrow\">\n\t\t<p><span id=\"wpcf7-69fdea46190b5-wrapper\" class=\"wpcf7-form-control-wrap website-wrap\" ><input type=\"hidden\" name=\"website-time-start\" value=\"1778248262\"><input type=\"hidden\" name=\"website-time-check\" value=\"4\"><label for=\"wpcf7-69fdea46190b5-field\" class=\"hp-message\">Please leave this field empty.<\/label><input id=\"wpcf7-69fdea46190b5-field\"  class=\"wpcf7-form-control wpcf7-text\" type=\"text\" name=\"website\" value=\"\" size=\"40\" tabindex=\"-1\" autocomplete=\"new-password\" \/><\/span>\n\t\t<\/p>\n\t\t<div class=\"field\">\n\t\t\t<p><span class=\"wpcf7-form-control-wrap\" data-name=\"acceptance\"><span class=\"wpcf7-form-control wpcf7-acceptance\"><span class=\"wpcf7-list-item\"><label><input type=\"checkbox\" name=\"acceptance\" value=\"1\" aria-invalid=\"false\" \/><span class=\"wpcf7-list-item-label\">By clicking the checkbox, I ask Detrail to contact me, in accordance with their <a href=\"\/privacy-policy\" target=\"_blank\">privacy policy<\/a>.<\/span><\/label><\/span><\/span><\/span>\n\t\t\t<\/p>\n\t\t<\/div>\n\t<\/div>\n\t<div class=\"field-columns field-columns--center\">\n\t\t<div class=\"field\">\n\t\t\t<p><input class=\"wpcf7-form-control wpcf7-submit has-spinner btn btn--solid btn--color-text\" type=\"submit\" value=\"Send\" \/>\n\t\t\t<\/p>\n\t\t<\/div>\n\t<\/div>\n<\/div><div class=\"wpcf7-response-output\" aria-hidden=\"true\"><\/div>\n<\/form>\n<\/div>\n\n    <\/div>\n  <\/div>\n<\/div>","protected":false},"excerpt":{"rendered":"<p>v\u00e4lkommen till v\u00e5rt showroom I v\u00e5rt showroom kan du se v\u00e5ra modeller och storlekar. Kontakta oss s\u00e5 bokar vi in en tid f\u00f6r en demo eller en kopp kaffe.&#13; V\u00e4lkommen till Skaraborgsv\u00e4gen 21, 506 30 Bor\u00e5s KONTAKTA OSS F\u00d6R EN DEMO Vilken modell vill du testa? Fyll i nedan \u00f6nskem\u00e5l s\u00e5 planerar vi in en [&hellip;]<\/p>\n","protected":false},"author":1,"featured_media":0,"parent":0,"menu_order":0,"comment_status":"closed","ping_status":"closed","template":"","meta":{"_acf_changed":false,"footnotes":""},"class_list":["post-9604","page","type-page","status-publish","hentry"],"acf":[],"yoast_head":"<!-- This site is optimized with the Yoast SEO plugin v27.2 - https:\/\/yoast.com\/product\/yoast-seo-wordpress\/ -->\n<title>Se cyklarna live - Detrail Bikes<\/title>\n<meta name=\"robots\" content=\"index, follow, max-snippet:-1, max-image-preview:large, max-video-preview:-1\" \/>\n<link rel=\"canonical\" href=\"https:\/\/www.detrailbikes.com\/sv\/se-cyklarna-live\/\" \/>\n<meta property=\"og:locale\" content=\"sv_SE\" \/>\n<meta property=\"og:type\" content=\"article\" \/>\n<meta property=\"og:title\" content=\"Se cyklarna live - Detrail Bikes\" \/>\n<meta property=\"og:description\" content=\"v\u00e4lkommen till v\u00e5rt showroom I v\u00e5rt showroom kan du se v\u00e5ra modeller och storlekar. Kontakta oss s\u00e5 bokar vi in en tid f\u00f6r en demo eller en kopp kaffe.&#013; V\u00e4lkommen till Skaraborgsv\u00e4gen 21, 506 30 Bor\u00e5s KONTAKTA OSS F\u00d6R EN DEMO Vilken modell vill du testa? Fyll i nedan \u00f6nskem\u00e5l s\u00e5 planerar vi in en [&hellip;]\" \/>\n<meta property=\"og:url\" content=\"https:\/\/www.detrailbikes.com\/sv\/se-cyklarna-live\/\" \/>\n<meta property=\"og:site_name\" content=\"Detrail Bikes\" \/>\n<meta property=\"article:modified_time\" content=\"2026-04-09T11:34:05+00:00\" \/>\n<meta property=\"og:image\" content=\"https:\/\/www.detrailbikes.com\/wp-content\/uploads\/2024\/05\/20240530_163112-scaled-e1717095059721.jpg\" \/>\n\t<meta property=\"og:image:width\" content=\"2359\" \/>\n\t<meta property=\"og:image:height\" content=\"1675\" \/>\n\t<meta property=\"og:image:type\" content=\"image\/jpeg\" \/>\n<meta name=\"twitter:card\" content=\"summary_large_image\" \/>\n<script type=\"application\/ld+json\" class=\"yoast-schema-graph\">{\"@context\":\"https:\/\/schema.org\",\"@graph\":[{\"@type\":\"WebPage\",\"@id\":\"https:\/\/www.detrailbikes.com\/sv\/se-cyklarna-live\/\",\"url\":\"https:\/\/www.detrailbikes.com\/sv\/se-cyklarna-live\/\",\"name\":\"Se cyklarna live - Detrail Bikes\",\"isPartOf\":{\"@id\":\"https:\/\/www.detrailbikes.com\/sv\/#website\"},\"primaryImageOfPage\":{\"@id\":\"https:\/\/www.detrailbikes.com\/sv\/se-cyklarna-live\/#primaryimage\"},\"image\":{\"@id\":\"https:\/\/www.detrailbikes.com\/sv\/se-cyklarna-live\/#primaryimage\"},\"thumbnailUrl\":\"https:\/\/www.detrailbikes.com\/wp-content\/uploads\/2024\/05\/20240530_163112-scaled-e1717095059721.jpg\",\"datePublished\":\"2023-02-16T08:26:25+00:00\",\"dateModified\":\"2026-04-09T11:34:05+00:00\",\"breadcrumb\":{\"@id\":\"https:\/\/www.detrailbikes.com\/sv\/se-cyklarna-live\/#breadcrumb\"},\"inLanguage\":\"sv-SE\",\"potentialAction\":[{\"@type\":\"ReadAction\",\"target\":[\"https:\/\/www.detrailbikes.com\/sv\/se-cyklarna-live\/\"]}]},{\"@type\":\"ImageObject\",\"inLanguage\":\"sv-SE\",\"@id\":\"https:\/\/www.detrailbikes.com\/sv\/se-cyklarna-live\/#primaryimage\",\"url\":\"https:\/\/www.detrailbikes.com\/wp-content\/uploads\/2024\/05\/20240530_163112-scaled-e1717095059721.jpg\",\"contentUrl\":\"https:\/\/www.detrailbikes.com\/wp-content\/uploads\/2024\/05\/20240530_163112-scaled-e1717095059721.jpg\"},{\"@type\":\"BreadcrumbList\",\"@id\":\"https:\/\/www.detrailbikes.com\/sv\/se-cyklarna-live\/#breadcrumb\",\"itemListElement\":[{\"@type\":\"ListItem\",\"position\":1,\"name\":\"Home\",\"item\":\"https:\/\/www.detrailbikes.com\/sv\/\"},{\"@type\":\"ListItem\",\"position\":2,\"name\":\"Se cyklarna live\"}]},{\"@type\":\"WebSite\",\"@id\":\"https:\/\/www.detrailbikes.com\/sv\/#website\",\"url\":\"https:\/\/www.detrailbikes.com\/sv\/\",\"name\":\"Detrail Bikes\",\"description\":\"\",\"publisher\":{\"@id\":\"https:\/\/www.detrailbikes.com\/sv\/#organization\"},\"potentialAction\":[{\"@type\":\"SearchAction\",\"target\":{\"@type\":\"EntryPoint\",\"urlTemplate\":\"https:\/\/www.detrailbikes.com\/sv\/?s={search_term_string}\"},\"query-input\":{\"@type\":\"PropertyValueSpecification\",\"valueRequired\":true,\"valueName\":\"search_term_string\"}}],\"inLanguage\":\"sv-SE\"},{\"@type\":\"Organization\",\"@id\":\"https:\/\/www.detrailbikes.com\/sv\/#organization\",\"name\":\"Detrail\",\"url\":\"https:\/\/www.detrailbikes.com\/sv\/\",\"logo\":{\"@type\":\"ImageObject\",\"inLanguage\":\"sv-SE\",\"@id\":\"https:\/\/www.detrailbikes.com\/sv\/#\/schema\/logo\/image\/\",\"url\":\"https:\/\/www.detrailbikes.com\/wp-content\/uploads\/2022\/04\/detrail-logo-horizontal-black.png\",\"contentUrl\":\"https:\/\/www.detrailbikes.com\/wp-content\/uploads\/2022\/04\/detrail-logo-horizontal-black.png\",\"width\":1266,\"height\":135,\"caption\":\"Detrail\"},\"image\":{\"@id\":\"https:\/\/www.detrailbikes.com\/sv\/#\/schema\/logo\/image\/\"},\"sameAs\":[\"https:\/\/www.instagram.com\/detrailbikes\/\"]}]}<\/script>\n<!-- \/ Yoast SEO plugin. -->","yoast_head_json":{"title":"Se cyklarna live - Detrail Bikes","robots":{"index":"index","follow":"follow","max-snippet":"max-snippet:-1","max-image-preview":"max-image-preview:large","max-video-preview":"max-video-preview:-1"},"canonical":"https:\/\/www.detrailbikes.com\/sv\/se-cyklarna-live\/","og_locale":"sv_SE","og_type":"article","og_title":"Se cyklarna live - Detrail Bikes","og_description":"v\u00e4lkommen till v\u00e5rt showroom I v\u00e5rt showroom kan du se v\u00e5ra modeller och storlekar. Kontakta oss s\u00e5 bokar vi in en tid f\u00f6r en demo eller en kopp kaffe.&#13; V\u00e4lkommen till Skaraborgsv\u00e4gen 21, 506 30 Bor\u00e5s KONTAKTA OSS F\u00d6R EN DEMO Vilken modell vill du testa? Fyll i nedan \u00f6nskem\u00e5l s\u00e5 planerar vi in en [&hellip;]","og_url":"https:\/\/www.detrailbikes.com\/sv\/se-cyklarna-live\/","og_site_name":"Detrail Bikes","article_modified_time":"2026-04-09T11:34:05+00:00","og_image":[{"width":2359,"height":1675,"url":"https:\/\/www.detrailbikes.com\/wp-content\/uploads\/2024\/05\/20240530_163112-scaled-e1717095059721.jpg","type":"image\/jpeg"}],"twitter_card":"summary_large_image","schema":{"@context":"https:\/\/schema.org","@graph":[{"@type":"WebPage","@id":"https:\/\/www.detrailbikes.com\/sv\/se-cyklarna-live\/","url":"https:\/\/www.detrailbikes.com\/sv\/se-cyklarna-live\/","name":"Se cyklarna live - Detrail Bikes","isPartOf":{"@id":"https:\/\/www.detrailbikes.com\/sv\/#website"},"primaryImageOfPage":{"@id":"https:\/\/www.detrailbikes.com\/sv\/se-cyklarna-live\/#primaryimage"},"image":{"@id":"https:\/\/www.detrailbikes.com\/sv\/se-cyklarna-live\/#primaryimage"},"thumbnailUrl":"https:\/\/www.detrailbikes.com\/wp-content\/uploads\/2024\/05\/20240530_163112-scaled-e1717095059721.jpg","datePublished":"2023-02-16T08:26:25+00:00","dateModified":"2026-04-09T11:34:05+00:00","breadcrumb":{"@id":"https:\/\/www.detrailbikes.com\/sv\/se-cyklarna-live\/#breadcrumb"},"inLanguage":"sv-SE","potentialAction":[{"@type":"ReadAction","target":["https:\/\/www.detrailbikes.com\/sv\/se-cyklarna-live\/"]}]},{"@type":"ImageObject","inLanguage":"sv-SE","@id":"https:\/\/www.detrailbikes.com\/sv\/se-cyklarna-live\/#primaryimage","url":"https:\/\/www.detrailbikes.com\/wp-content\/uploads\/2024\/05\/20240530_163112-scaled-e1717095059721.jpg","contentUrl":"https:\/\/www.detrailbikes.com\/wp-content\/uploads\/2024\/05\/20240530_163112-scaled-e1717095059721.jpg"},{"@type":"BreadcrumbList","@id":"https:\/\/www.detrailbikes.com\/sv\/se-cyklarna-live\/#breadcrumb","itemListElement":[{"@type":"ListItem","position":1,"name":"Home","item":"https:\/\/www.detrailbikes.com\/sv\/"},{"@type":"ListItem","position":2,"name":"Se cyklarna live"}]},{"@type":"WebSite","@id":"https:\/\/www.detrailbikes.com\/sv\/#website","url":"https:\/\/www.detrailbikes.com\/sv\/","name":"Detrail Bikes","description":"","publisher":{"@id":"https:\/\/www.detrailbikes.com\/sv\/#organization"},"potentialAction":[{"@type":"SearchAction","target":{"@type":"EntryPoint","urlTemplate":"https:\/\/www.detrailbikes.com\/sv\/?s={search_term_string}"},"query-input":{"@type":"PropertyValueSpecification","valueRequired":true,"valueName":"search_term_string"}}],"inLanguage":"sv-SE"},{"@type":"Organization","@id":"https:\/\/www.detrailbikes.com\/sv\/#organization","name":"Detrail","url":"https:\/\/www.detrailbikes.com\/sv\/","logo":{"@type":"ImageObject","inLanguage":"sv-SE","@id":"https:\/\/www.detrailbikes.com\/sv\/#\/schema\/logo\/image\/","url":"https:\/\/www.detrailbikes.com\/wp-content\/uploads\/2022\/04\/detrail-logo-horizontal-black.png","contentUrl":"https:\/\/www.detrailbikes.com\/wp-content\/uploads\/2022\/04\/detrail-logo-horizontal-black.png","width":1266,"height":135,"caption":"Detrail"},"image":{"@id":"https:\/\/www.detrailbikes.com\/sv\/#\/schema\/logo\/image\/"},"sameAs":["https:\/\/www.instagram.com\/detrailbikes\/"]}]}},"_links":{"self":[{"href":"https:\/\/www.detrailbikes.com\/sv\/wp-json\/wp\/v2\/pages\/9604","targetHints":{"allow":["GET"]}}],"collection":[{"href":"https:\/\/www.detrailbikes.com\/sv\/wp-json\/wp\/v2\/pages"}],"about":[{"href":"https:\/\/www.detrailbikes.com\/sv\/wp-json\/wp\/v2\/types\/page"}],"author":[{"embeddable":true,"href":"https:\/\/www.detrailbikes.com\/sv\/wp-json\/wp\/v2\/users\/1"}],"replies":[{"embeddable":true,"href":"https:\/\/www.detrailbikes.com\/sv\/wp-json\/wp\/v2\/comments?post=9604"}],"version-history":[{"count":47,"href":"https:\/\/www.detrailbikes.com\/sv\/wp-json\/wp\/v2\/pages\/9604\/revisions"}],"predecessor-version":[{"id":21572,"href":"https:\/\/www.detrailbikes.com\/sv\/wp-json\/wp\/v2\/pages\/9604\/revisions\/21572"}],"wp:attachment":[{"href":"https:\/\/www.detrailbikes.com\/sv\/wp-json\/wp\/v2\/media?parent=9604"}],"curies":[{"name":"wp","href":"https:\/\/api.w.org\/{rel}","templated":true}]}}