{"id":957,"date":"2022-07-05T09:08:19","date_gmt":"2022-07-05T07:08:19","guid":{"rendered":"https:\/\/www.detrailbikes.com\/kontakt\/"},"modified":"2025-04-04T21:44:10","modified_gmt":"2025-04-04T19:44:10","slug":"kontakt","status":"publish","type":"page","link":"https:\/\/www.detrailbikes.com\/sv\/kontakt\/","title":{"rendered":"Kontakt"},"content":{"rendered":"\n<h2 class=\"wp-block-heading has-text-align-center mc mc--m\"><strong>ta g\u00e4rna kontakt med oss <\/strong>\ud83e\udd19<\/h2>\n\n<p class=\"has-text-align-center\">Detrail Bikes, Bor\u00e5s, Sverige<\/p>\n\n<p class=\"has-text-align-center\"><a href=\"https:\/\/www.google.com\/maps\/place\/Detrail+Bikes\/@57.7281184,12.9393637,17z\/data=!3m1!4b1!4m6!3m5!1s0x465aa193888a1507:0x288c15511beef024!8m2!3d57.7281184!4d12.9393637!16s%2Fg%2F11styqkdp4?entry=ttu&amp;g_ep=EgoyMDI1MDQwMi4xIKXMDSoASAFQAw%3D%3D\">Skaraborgsv\u00e4gen 21, 506 30 Bor\u00e5s<\/a><\/p>\n\n<p class=\"has-text-align-center\"><a href=\"tel: 0046335500285\">+46  33 55 00 285<\/a><\/p>\n\n<p class=\"has-text-align-center\"><a href=\"mailto:ride@detrailbikes.com\" target=\"_blank\" rel=\"noreferrer noopener\">ride@detrailbikes.com<\/a><\/p>\n\n<div class=\"contact-section&#x20;lw&#x20;lw--cntnt-pd\">\n  <div class=\"contact-section__inner lw lw--cntnt-pd\">\n    <div class=\"contact-section__content\">\n      \n    <\/div>\n    <div class=\"contact-section__form\">\n      \n<div class=\"wpcf7 no-js\" id=\"wpcf7-f5430-o1\" lang=\"en-US\" dir=\"ltr\" data-wpcf7-id=\"5430\">\n<div class=\"screen-reader-response\"><p role=\"status\" aria-live=\"polite\" aria-atomic=\"true\"><\/p> <ul><\/ul><\/div>\n<form action=\"\/sv\/wp-json\/wp\/v2\/pages\/957#wpcf7-f5430-o1\" method=\"post\" class=\"wpcf7-form init wpcf7-acceptance-as-validation\" aria-label=\"Contact form\" novalidate=\"novalidate\" data-status=\"init\">\n<fieldset class=\"hidden-fields-container\"><input type=\"hidden\" name=\"_wpcf7\" value=\"5430\" \/><input type=\"hidden\" name=\"_wpcf7_version\" value=\"6.1.5\" \/><input type=\"hidden\" name=\"_wpcf7_locale\" value=\"en_US\" \/><input type=\"hidden\" name=\"_wpcf7_unit_tag\" value=\"wpcf7-f5430-o1\" \/><input type=\"hidden\" name=\"_wpcf7_container_post\" value=\"0\" \/><input type=\"hidden\" name=\"_wpcf7_posted_data_hash\" value=\"\" \/>\n<\/fieldset>\n<div class=\"\">\n\t<div class=\"field-columns\">\n\t\t<div class=\"field\">\n\t\t\t<p><label>Name* <span class=\"wpcf7-form-control-wrap\" data-name=\"your-name\"><input size=\"40\" maxlength=\"400\" class=\"wpcf7-form-control wpcf7-text wpcf7-validates-as-required\" aria-required=\"true\" aria-invalid=\"false\" value=\"\" type=\"text\" name=\"your-name\" \/><\/span><\/label>\n\t\t\t<\/p>\n\t\t<\/div>\n\t\t<div class=\"field\">\n\t\t\t<p><label>Email Address* <span class=\"wpcf7-form-control-wrap\" data-name=\"your-email\"><input size=\"40\" maxlength=\"400\" class=\"wpcf7-form-control wpcf7-email wpcf7-validates-as-required wpcf7-text wpcf7-validates-as-email\" aria-required=\"true\" aria-invalid=\"false\" value=\"\" type=\"email\" name=\"your-email\" \/><\/span><\/label>\n\t\t\t<\/p>\n\t\t<\/div>\n\t<\/div>\n\t<div class=\"field-columns\">\n\t\t<div class=\"field\">\n\t\t\t<p><label>Message <span class=\"wpcf7-form-control-wrap\" data-name=\"your-message\"><textarea cols=\"40\" rows=\"10\" maxlength=\"2000\" class=\"wpcf7-form-control wpcf7-textarea\" aria-invalid=\"false\" placeholder=\"Write here...\" name=\"your-message\"><\/textarea><\/span><\/label>\n\t\t\t<\/p>\n\t\t<\/div>\n\t<\/div>\n\t<div class=\"field-columns field-columns--narrow\">\n\t\t<p><span id=\"wpcf7-69f4375e6772e-wrapper\" class=\"wpcf7-form-control-wrap website-wrap\" ><input type=\"hidden\" name=\"website-time-start\" value=\"1777612638\"><input type=\"hidden\" name=\"website-time-check\" value=\"4\"><label for=\"wpcf7-69f4375e6772e-field\" class=\"hp-message\">Please leave this field empty.<\/label><input id=\"wpcf7-69f4375e6772e-field\"  class=\"wpcf7-form-control wpcf7-text\" type=\"text\" name=\"website\" value=\"\" size=\"40\" tabindex=\"-1\" autocomplete=\"new-password\" \/><\/span>\n\t\t<\/p>\n\t\t<div class=\"field\">\n\t\t\t<p><span class=\"wpcf7-form-control-wrap\" data-name=\"acceptance\"><span class=\"wpcf7-form-control wpcf7-acceptance\"><span class=\"wpcf7-list-item\"><label><input type=\"checkbox\" name=\"acceptance\" value=\"1\" aria-invalid=\"false\" \/><span class=\"wpcf7-list-item-label\">By clicking the checkbox, I ask Detrail to contact me, in accordance with their <a href=\"\/privacy-policy\" target=\"_blank\">privacy policy<\/a>.<\/span><\/label><\/span><\/span><\/span>\n\t\t\t<\/p>\n\t\t<\/div>\n\t<\/div>\n\t<div class=\"field-columns field-columns--center\">\n\t\t<div class=\"field\">\n\t\t\t<p><input class=\"wpcf7-form-control wpcf7-submit has-spinner btn btn--solid btn--color-text\" type=\"submit\" value=\"Send\" \/>\n\t\t\t<\/p>\n\t\t<\/div>\n\t<\/div>\n<\/div><div class=\"wpcf7-response-output\" aria-hidden=\"true\"><\/div>\n<\/form>\n<\/div>\n\n    <\/div>\n  <\/div>\n<\/div>\n<div class=\"hero&#x20;mc&#x20;mc--none&#x20;lw&#x20;lw--fw\" style=\"\">\n  <div class=\"hero__inner\">\n    <div class=\"hero__image\">\n        \n\n\n<div class=\"image&#x20;image--object-fit\">\n      <img fetchpriority=\"high\" decoding=\"async\" width=\"2048\" height=\"1365\" src=\"https:\/\/www.detrailbikes.com\/wp-content\/uploads\/2022\/11\/DSC3095-1.jpg\" class=\"attachment- size-\" alt=\"\" loading=\"eager\" srcset=\"https:\/\/www.detrailbikes.com\/wp-content\/uploads\/2022\/11\/DSC3095-1.jpg 2048w, https:\/\/www.detrailbikes.com\/wp-content\/uploads\/2022\/11\/DSC3095-1-600x400.jpg 600w, https:\/\/www.detrailbikes.com\/wp-content\/uploads\/2022\/11\/DSC3095-1-300x200.jpg 300w, https:\/\/www.detrailbikes.com\/wp-content\/uploads\/2022\/11\/DSC3095-1-1024x683.jpg 1024w, https:\/\/www.detrailbikes.com\/wp-content\/uploads\/2022\/11\/DSC3095-1-150x100.jpg 150w, https:\/\/www.detrailbikes.com\/wp-content\/uploads\/2022\/11\/DSC3095-1-768x512.jpg 768w, https:\/\/www.detrailbikes.com\/wp-content\/uploads\/2022\/11\/DSC3095-1-1536x1024.jpg 1536w, https:\/\/www.detrailbikes.com\/wp-content\/uploads\/2022\/11\/DSC3095-1-16x11.jpg 16w\" sizes=\"(max-width: 2048px) 100vw, 2048px\" \/>\n  <\/div>\n\n    <\/div>\n      <\/div>\n<\/div>","protected":false},"excerpt":{"rendered":"<p>ta g\u00e4rna kontakt med oss \ud83e\udd19 Detrail Bikes, Bor\u00e5s, Sverige Skaraborgsv\u00e4gen 21, 506 30 Bor\u00e5s +46 33 55 00 285 ride@detrailbikes.com<\/p>\n","protected":false},"author":1,"featured_media":0,"parent":0,"menu_order":0,"comment_status":"closed","ping_status":"closed","template":"","meta":{"_acf_changed":false,"footnotes":""},"class_list":["post-957","page","type-page","status-publish","hentry"],"acf":[],"yoast_head":"<!-- This site is optimized with the Yoast SEO plugin v27.2 - https:\/\/yoast.com\/product\/yoast-seo-wordpress\/ -->\n<title>Kontakt - Detrail Bikes<\/title>\n<meta name=\"robots\" content=\"index, follow, max-snippet:-1, max-image-preview:large, max-video-preview:-1\" \/>\n<link rel=\"canonical\" href=\"https:\/\/www.detrailbikes.com\/sv\/kontakt\/\" \/>\n<meta property=\"og:locale\" content=\"sv_SE\" \/>\n<meta property=\"og:type\" content=\"article\" \/>\n<meta property=\"og:title\" content=\"Kontakt - Detrail Bikes\" \/>\n<meta property=\"og:description\" content=\"ta g\u00e4rna kontakt med oss \ud83e\udd19 Detrail Bikes, Bor\u00e5s, Sverige Skaraborgsv\u00e4gen 21, 506 30 Bor\u00e5s +46 33 55 00 285 ride@detrailbikes.com\" \/>\n<meta property=\"og:url\" content=\"https:\/\/www.detrailbikes.com\/sv\/kontakt\/\" \/>\n<meta property=\"og:site_name\" content=\"Detrail Bikes\" \/>\n<meta property=\"article:modified_time\" content=\"2025-04-04T19:44:10+00:00\" \/>\n<meta name=\"twitter:card\" content=\"summary_large_image\" \/>\n<script type=\"application\/ld+json\" class=\"yoast-schema-graph\">{\"@context\":\"https:\/\/schema.org\",\"@graph\":[{\"@type\":\"WebPage\",\"@id\":\"https:\/\/www.detrailbikes.com\/sv\/kontakt\/\",\"url\":\"https:\/\/www.detrailbikes.com\/sv\/kontakt\/\",\"name\":\"Kontakt - Detrail Bikes\",\"isPartOf\":{\"@id\":\"https:\/\/www.detrailbikes.com\/sv\/#website\"},\"datePublished\":\"2022-07-05T07:08:19+00:00\",\"dateModified\":\"2025-04-04T19:44:10+00:00\",\"breadcrumb\":{\"@id\":\"https:\/\/www.detrailbikes.com\/sv\/kontakt\/#breadcrumb\"},\"inLanguage\":\"sv-SE\",\"potentialAction\":[{\"@type\":\"ReadAction\",\"target\":[\"https:\/\/www.detrailbikes.com\/sv\/kontakt\/\"]}]},{\"@type\":\"BreadcrumbList\",\"@id\":\"https:\/\/www.detrailbikes.com\/sv\/kontakt\/#breadcrumb\",\"itemListElement\":[{\"@type\":\"ListItem\",\"position\":1,\"name\":\"Home\",\"item\":\"https:\/\/www.detrailbikes.com\/sv\/\"},{\"@type\":\"ListItem\",\"position\":2,\"name\":\"Kontakt\"}]},{\"@type\":\"WebSite\",\"@id\":\"https:\/\/www.detrailbikes.com\/sv\/#website\",\"url\":\"https:\/\/www.detrailbikes.com\/sv\/\",\"name\":\"Detrail Bikes\",\"description\":\"\",\"publisher\":{\"@id\":\"https:\/\/www.detrailbikes.com\/sv\/#organization\"},\"potentialAction\":[{\"@type\":\"SearchAction\",\"target\":{\"@type\":\"EntryPoint\",\"urlTemplate\":\"https:\/\/www.detrailbikes.com\/sv\/?s={search_term_string}\"},\"query-input\":{\"@type\":\"PropertyValueSpecification\",\"valueRequired\":true,\"valueName\":\"search_term_string\"}}],\"inLanguage\":\"sv-SE\"},{\"@type\":\"Organization\",\"@id\":\"https:\/\/www.detrailbikes.com\/sv\/#organization\",\"name\":\"Detrail\",\"url\":\"https:\/\/www.detrailbikes.com\/sv\/\",\"logo\":{\"@type\":\"ImageObject\",\"inLanguage\":\"sv-SE\",\"@id\":\"https:\/\/www.detrailbikes.com\/sv\/#\/schema\/logo\/image\/\",\"url\":\"https:\/\/www.detrailbikes.com\/wp-content\/uploads\/2022\/04\/detrail-logo-horizontal-black.png\",\"contentUrl\":\"https:\/\/www.detrailbikes.com\/wp-content\/uploads\/2022\/04\/detrail-logo-horizontal-black.png\",\"width\":1266,\"height\":135,\"caption\":\"Detrail\"},\"image\":{\"@id\":\"https:\/\/www.detrailbikes.com\/sv\/#\/schema\/logo\/image\/\"},\"sameAs\":[\"https:\/\/www.instagram.com\/detrailbikes\/\"]}]}<\/script>\n<!-- \/ Yoast SEO plugin. -->","yoast_head_json":{"title":"Kontakt - Detrail Bikes","robots":{"index":"index","follow":"follow","max-snippet":"max-snippet:-1","max-image-preview":"max-image-preview:large","max-video-preview":"max-video-preview:-1"},"canonical":"https:\/\/www.detrailbikes.com\/sv\/kontakt\/","og_locale":"sv_SE","og_type":"article","og_title":"Kontakt - Detrail Bikes","og_description":"ta g\u00e4rna kontakt med oss \ud83e\udd19 Detrail Bikes, Bor\u00e5s, Sverige Skaraborgsv\u00e4gen 21, 506 30 Bor\u00e5s +46 33 55 00 285 ride@detrailbikes.com","og_url":"https:\/\/www.detrailbikes.com\/sv\/kontakt\/","og_site_name":"Detrail Bikes","article_modified_time":"2025-04-04T19:44:10+00:00","twitter_card":"summary_large_image","schema":{"@context":"https:\/\/schema.org","@graph":[{"@type":"WebPage","@id":"https:\/\/www.detrailbikes.com\/sv\/kontakt\/","url":"https:\/\/www.detrailbikes.com\/sv\/kontakt\/","name":"Kontakt - Detrail Bikes","isPartOf":{"@id":"https:\/\/www.detrailbikes.com\/sv\/#website"},"datePublished":"2022-07-05T07:08:19+00:00","dateModified":"2025-04-04T19:44:10+00:00","breadcrumb":{"@id":"https:\/\/www.detrailbikes.com\/sv\/kontakt\/#breadcrumb"},"inLanguage":"sv-SE","potentialAction":[{"@type":"ReadAction","target":["https:\/\/www.detrailbikes.com\/sv\/kontakt\/"]}]},{"@type":"BreadcrumbList","@id":"https:\/\/www.detrailbikes.com\/sv\/kontakt\/#breadcrumb","itemListElement":[{"@type":"ListItem","position":1,"name":"Home","item":"https:\/\/www.detrailbikes.com\/sv\/"},{"@type":"ListItem","position":2,"name":"Kontakt"}]},{"@type":"WebSite","@id":"https:\/\/www.detrailbikes.com\/sv\/#website","url":"https:\/\/www.detrailbikes.com\/sv\/","name":"Detrail Bikes","description":"","publisher":{"@id":"https:\/\/www.detrailbikes.com\/sv\/#organization"},"potentialAction":[{"@type":"SearchAction","target":{"@type":"EntryPoint","urlTemplate":"https:\/\/www.detrailbikes.com\/sv\/?s={search_term_string}"},"query-input":{"@type":"PropertyValueSpecification","valueRequired":true,"valueName":"search_term_string"}}],"inLanguage":"sv-SE"},{"@type":"Organization","@id":"https:\/\/www.detrailbikes.com\/sv\/#organization","name":"Detrail","url":"https:\/\/www.detrailbikes.com\/sv\/","logo":{"@type":"ImageObject","inLanguage":"sv-SE","@id":"https:\/\/www.detrailbikes.com\/sv\/#\/schema\/logo\/image\/","url":"https:\/\/www.detrailbikes.com\/wp-content\/uploads\/2022\/04\/detrail-logo-horizontal-black.png","contentUrl":"https:\/\/www.detrailbikes.com\/wp-content\/uploads\/2022\/04\/detrail-logo-horizontal-black.png","width":1266,"height":135,"caption":"Detrail"},"image":{"@id":"https:\/\/www.detrailbikes.com\/sv\/#\/schema\/logo\/image\/"},"sameAs":["https:\/\/www.instagram.com\/detrailbikes\/"]}]}},"_links":{"self":[{"href":"https:\/\/www.detrailbikes.com\/sv\/wp-json\/wp\/v2\/pages\/957","targetHints":{"allow":["GET"]}}],"collection":[{"href":"https:\/\/www.detrailbikes.com\/sv\/wp-json\/wp\/v2\/pages"}],"about":[{"href":"https:\/\/www.detrailbikes.com\/sv\/wp-json\/wp\/v2\/types\/page"}],"author":[{"embeddable":true,"href":"https:\/\/www.detrailbikes.com\/sv\/wp-json\/wp\/v2\/users\/1"}],"replies":[{"embeddable":true,"href":"https:\/\/www.detrailbikes.com\/sv\/wp-json\/wp\/v2\/comments?post=957"}],"version-history":[{"count":13,"href":"https:\/\/www.detrailbikes.com\/sv\/wp-json\/wp\/v2\/pages\/957\/revisions"}],"predecessor-version":[{"id":21298,"href":"https:\/\/www.detrailbikes.com\/sv\/wp-json\/wp\/v2\/pages\/957\/revisions\/21298"}],"wp:attachment":[{"href":"https:\/\/www.detrailbikes.com\/sv\/wp-json\/wp\/v2\/media?parent=957"}],"curies":[{"name":"wp","href":"https:\/\/api.w.org\/{rel}","templated":true}]}}