{"id":956,"date":"2022-04-12T13:02:00","date_gmt":"2022-04-12T13:02:00","guid":{"rendered":"https:\/\/www.detrailbikes.com\/integritetspolicy\/"},"modified":"2023-02-28T20:19:47","modified_gmt":"2023-02-28T20:19:47","slug":"integritetspolicy","status":"publish","type":"page","link":"https:\/\/www.detrailbikes.com\/sv\/integritetspolicy\/","title":{"rendered":"Integritetspolicy"},"content":{"rendered":"\n<h2 class=\"mc mc--l wp-block-heading\"><strong>Integritetspolicy<\/strong><\/h2>\n\n\n\n<p><em>Detrail Bikes <\/em>v\u00e4rnar om din personliga integritet. Denna dataskyddspolicy f\u00f6rklarar hur <em>Detrail Bikes <\/em>samlar in och anv\u00e4nder personuppgifter. Vid fr\u00e5gor kring integritets- och dataskydd, v\u00e4nligen kontakta oss p\u00e5 <em>ride@detrailbikes.com<\/em><\/p>\n\n\n\n<p>N\u00e4r du kontaktar oss, t ex f\u00f6r att k\u00f6pa en produkt eller en tj\u00e4nst av oss accepterar du v\u00e5r Dataskyddspolicy och v\u00e5r behandling av dina personuppgifter. Du godk\u00e4nner ocks\u00e5 att <em>Detrail Bikes <\/em>anv\u00e4nder elektroniska kommunikationskanaler f\u00f6r att skicka information till dig. F\u00f6r att kunna erbjuda dig v\u00e5ra tj\u00e4nster och produkter, beh\u00f6ver vi behandla dina personuppgifter enligt nedan. Vi g\u00f6r det med st\u00f6rsta m\u00f6jliga h\u00e4nsyn till din integritet.<\/p>\n\n\n\n<p><strong>Vilken information samlar vi in?<\/strong><\/p>\n\n\n\n<p>Insamling och anv\u00e4ndning av data:<\/p>\n\n\n\n<p>Denna dataskyddspolicy t\u00e4cker data som samlas in online och offline, inklusive personuppgifter som vi kan komma att samla in genom flera olika kanaler, s\u00e5som webbplatser, sociala medier, kontakt per telefon eller mail och p\u00e5 evenemang\/m\u00e4ssor. Vi kan komma att kombinera personuppgifter som samlats in p\u00e5 ett s\u00e4tt (t.ex. en webbplats) med personuppgifter som har samlats in p\u00e5 ett annat s\u00e4tt (t.ex. m\u00e4ssor, kundm\u00f6ten).<\/p>\n\n\n\n<p>Information som du ger till oss: Du kan direkt eller indirekt komma att ge oss information om dig sj\u00e4lv och ditt f\u00f6retag p\u00e5 ett antal olika s\u00e4tt, s\u00e5som n\u00e4r du g\u00f6r en f\u00f6rfr\u00e5gan om en produkt eller en tj\u00e4nst som vi s\u00e4ljer, n\u00e4r du best\u00e4ller n\u00e5got fr\u00e5n v\u00e5r hemsida, anm\u00e4ler att du vill f\u00e5 nyhetsbrev, interagerar p\u00e5 v\u00e5ra sociala medier, k\u00f6per, leasar eller erh\u00e5ller finansiering, eller n\u00e4r du kontaktar oss per mail, brev eller telefon.<\/p>\n\n\n\n<p><strong>Denna information kan vara:<\/strong><\/p>\n\n\n\n<p>-Person- och kontaktinformation \u2013 namn, personnummer, faktura- och leveransadress, e-postadress, mobiltelefonnummer, position i f\u00f6retaget etc.<\/p>\n\n\n\n<p>-Betalningsinformation \u2013 fakturainformation, bankkontonummer, etc.<\/p>\n\n\n\n<p><strong>Information vi samlar in om dig:<\/strong><\/p>\n\n\n\n<p>N\u00e4r du kommer i kontakt med oss kan vi samla in information om (observera att vi inte alltid n\u00f6dv\u00e4ndigtvis samlar in all nedann\u00e4mnd data):<\/p>\n\n\n\n<p>-Person- och kontaktinformation s\u00e5som namn, personnummer, faktura- och leveransadress, e-postadress, mobiltelefonnummer och position i f\u00f6retaget.<\/p>\n\n\n\n<p>-Information om produkter\/tj\u00e4nster \u2013 detaljer ang\u00e5ende de produkter eller tj\u00e4nster du har k\u00f6pt\/visat intresse f\u00f6r att k\u00f6pa.<\/p>\n\n\n\n<p>-Finansiell information \u2013 eventuella krediter, skulder eller negativ betalningshistorik.<\/p>\n\n\n\n<p>-Historisk information \u2013 tidigare k\u00f6p, betalnings- och kredithistorik<\/p>\n\n\n\n<p>-Enhetsinformation \u2013 t.ex. IP-adress, spr\u00e5kinst\u00e4llningar, webbl\u00e4sarinst\u00e4llningar, tidszon, operativsystem, plattform och sk\u00e4rmuppl\u00f6sning<\/p>\n\n\n\n<p>-Geografisk information \u2013 din geografiska placering<\/p>\n\n\n\n<p>Informationen du ger oss, informationen som vi samlar in om dig, samt information om produkterna\/tj\u00e4nsterna och den finansiella informationen, \u00e4r generellt sett n\u00f6dv\u00e4ndig f\u00f6r att ing\u00e5 ett avtalsf\u00f6rh\u00e5llande med oss, medan den \u00f6vriga informationen vi samlar in generellt sett \u00e4r n\u00f6dv\u00e4ndig f\u00f6r andra syften, s\u00e5som beskrivet nedan.<\/p>\n\n\n\n<p><strong>Vad g\u00f6r vi med informationen?<\/strong><\/p>\n\n\n\n<p>Tillhandah\u00e5ller, utf\u00f6r och f\u00f6rb\u00e4ttrar v\u00e5ra tj\u00e4nster. All data anv\u00e4nds f\u00f6r att tillhandah\u00e5lla, utf\u00f6ra och f\u00f6rb\u00e4ttra v\u00e5ra tj\u00e4nster.&nbsp; <em>Detrail Bikes <\/em>behandlar personuppgifter f\u00f6r f\u00f6ljande syften baserat p\u00e5 f\u00f6ljande lagliga grunder:<\/p>\n\n\n\n<p><strong>Vilka kan vi komma att dela informationen till?<\/strong><\/p>\n\n\n\n<p>Vi kan, f\u00f6r att kunna utf\u00f6ra v\u00e5ra \u00e5taganden gentemot v\u00e5ra kunder och \u00f6vriga intressenter, komma att \u00f6verf\u00f6ra till, eller dela informationen med tredje part s\u00e5som leverant\u00f6rer eller underleverant\u00f6rer, auktoriserade \u00e5terf\u00f6rs\u00e4ljare och distribut\u00f6rer eller serviceleverant\u00f6rer. Vi vidtar alla rimliga legala, tekniska och organisatoriska \u00e5tg\u00e4rder f\u00f6r att s\u00e4kerst\u00e4lla att uppgifterna hanteras s\u00e4kert och med en adekvat skyddsniv\u00e5 vid \u00f6verf\u00f6ring till eller delning med s\u00e5dana tredje parter.<\/p>\n\n\n\n<p><strong>Myndigheter<\/strong><\/p>\n\n\n\n<p>Vi kan komma att l\u00e4mna n\u00f6dv\u00e4ndig information till ber\u00f6rda myndigheter om vi \u00e4r skyldiga att g\u00f6ra det enligt lag eller om du har godk\u00e4nt att vi g\u00f6r det.<\/p>\n\n\n\n<p><strong>Vad vi <em>inte<\/em> kommer att g\u00f6ra med dina uppgifter.\u00a0<\/strong><\/p>\n\n\n\n<p><em>Detrail Bikes <\/em>kommer inte att s\u00e4lja den insamlade informationen till tredje part.<\/p>\n\n\n\n<p><strong>Hur behandlar vi dina personuppgifter?<\/strong><\/p>\n\n\n\n<p><em>Detrail Bikes <\/em>behandlar datan inom EU\/EES. <em>Detrail Bikes <\/em>vidtar alla rimliga legala, tekniska och organisatoriska \u00e5tg\u00e4rder f\u00f6r att s\u00e4kerst\u00e4lla att datan hanteras s\u00e4kert och med en adekvat skyddsniv\u00e5.<\/p>\n\n\n\n<p><strong>Hur l\u00e4nge sparar vi uppgifterna?<\/strong><\/p>\n\n\n\n<p>Vi sparar data s\u00e5 l\u00e4nge som det \u00e4r n\u00f6dv\u00e4ndigt f\u00f6r att uppfylla det syfte f\u00f6r vilket datan samlades in, eller f\u00f6r att utf\u00f6ra v\u00e5ra \u00e5taganden och s\u00e5 l\u00e4nge det kr\u00e4vs enligt lagstadgade lagringstider, s\u00e4rskilt vad g\u00e4ller redovisningskrav.<\/p>\n\n\n\n<p><strong>Dina r\u00e4ttigheter till tillg\u00e5ng, r\u00e4ttelse och radering<\/strong><\/p>\n\n\n\n<p>-R\u00e4tt att f\u00e5 tillg\u00e5ng till din data. Du har r\u00e4tt att beg\u00e4ra en kopia av de uppgifter <em>Detrail Bikes <\/em>har om dig och verifiera den information vi har om dig.<\/p>\n\n\n\n<p>-R\u00e4tt till r\u00e4ttelse. Du har r\u00e4tt att korrigera felaktig eller icke-komplett information om dig sj\u00e4lv.<\/p>\n\n\n\n<p>-R\u00e4tt att bli raderad (\u201cr\u00e4tten att bli bortgl\u00f6md\u201d). Du har r\u00e4tt att beg\u00e4ra radering av dina personuppgifter f\u00f6r de fall att datan inte l\u00e4ngre \u00e4r n\u00f6dv\u00e4ndig f\u00f6r det syfte den blev insamlad f\u00f6r. Det kan dock finnas legala skyldigheter som hindrar oss fr\u00e5n att omedelbart radera delar av datan. Dessa skyldigheter kan komma fr\u00e5n bokf\u00f6rings- och skattelagstiftning. Vad vi d\u00e5 g\u00f6r \u00e4r att blockera den data som vi \u00e4r skyldiga att spara, fr\u00e5n att kunna anv\u00e4ndas till andra syften \u00e4n att uppfylla s\u00e5dana legala skyldigheter.<\/p>\n\n\n\n<p><strong>Cookies och liknande tekniker<\/strong><\/p>\n\n\n\n<p><em>Detrail Bikes <\/em>anv\u00e4nder cookies p\u00e5 sin webbplats f\u00f6r att leverera en anv\u00e4ndarv\u00e4nlig onlineupplevelse. L\u00e4s mer om v\u00e5r cookiepolicy l\u00e4ngre ner.<\/p>\n\n\n\n<p><strong>Kontakta oss:<\/strong><\/p>\n\n\n\n<p><em>Detrail Bikes <\/em>har organisationsnummer 559156-0346 och har sitt s\u00e4te p\u00e5 <em>Skaraborgsv\u00e4gen 3A, 506 30 Bor\u00e5s. <\/em>Kontakta oss p\u00e5 <em>ride@detrailbikes.com<\/em> om du har fr\u00e5gor r\u00f6rande v\u00e5r personuppgiftsbehandling eller om denna dataskyddspolicy.<\/p>\n\n\n\n<p>\u2014-<\/p>\n\n\n\n<p>Dataskyddspolicyn uppdaterades senast 25 april 2022.<\/p>\n\n\n\n<p>F\u00f6retagets anv\u00e4ndning av cookies<\/p>\n\n\n\n<p>Cookies &amp; liknande tekniker<\/p>\n\n\n\n<p>Vi anv\u00e4nder cookies, web beacons och liknande tekniker (gemensamt kallade \u201ccookies\u201d) f\u00f6r att f\u00f6rb\u00e4ttra din upplevelse p\u00e5 v\u00e5r webbplats.<\/p>\n\n\n\n<p><strong>Vad \u00e4r cookies?<\/strong><\/p>\n\n\n\n<p>Cookies \u00e4r sm\u00e5 textfiler best\u00e5ende av bokst\u00e4ver och siffror. Dessa skickas fr\u00e5n v\u00e5r webserver och sparas p\u00e5 din enhet enligt nedan. Vi anv\u00e4nder oss av olika cookies:<\/p>\n\n\n\n<p>-Sessionscookies \u00e4r en tillf\u00e4llig cookie som upph\u00f6r n\u00e4r du st\u00e4nger din webbl\u00e4sare eller app.<\/p>\n\n\n\n<p>-Varaktiga cookies \u00e4r cookies som ligger kvar p\u00e5 din dator tills du tar bort dem eller de g\u00e5r ut.<\/p>\n\n\n\n<p>-F\u00f6rstapartscookies \u00e4r cookies satta av webbplatsen du bes\u00f6ker.<\/p>\n\n\n\n<p>-Tredjepartscookies \u00e4r cookies satta av en tredjepartssida.<\/p>\n\n\n\n<p>-Web beacons \u00e4r sm\u00e5 transparenta grafiska bilder som kan finnas i e-post.<\/p>\n\n\n\n<p>Liknande tekniker \u00e4r tekniker som lagrar information i din webbl\u00e4sare eller i din enhet p\u00e5 ett s\u00e4tt som liknar cookies och web beacons.<\/p>\n\n\n\n<p><strong>Varf\u00f6r anv\u00e4nder vi cookies?<\/strong><\/p>\n\n\n\n<p>De cookies vi anv\u00e4nder f\u00f6rb\u00e4ttrar normalt sett de tj\u00e4nster vi erbjuder dig. N\u00e5gra av v\u00e5ra tj\u00e4nster beh\u00f6ver cookies f\u00f6r att fungera, medan andra finns f\u00f6r att g\u00f6ra v\u00e5ra tj\u00e4nster mer smidiga f\u00f6r dig.<\/p>\n\n\n\n<p><strong>Hur kan du kontrollera anv\u00e4ndandet av cookies?<\/strong><\/p>\n\n\n\n<p>Din webbl\u00e4sare eller enhet till\u00e5ter dig oftast att \u00e4ndra inst\u00e4llningarna f\u00f6r anv\u00e4ndningen och omfattningen av cookies. G\u00e5 till inst\u00e4llningarna f\u00f6r din webbl\u00e4sare eller enhet f\u00f6r att l\u00e4ra dig mer om hur du justerar inst\u00e4llningarna f\u00f6r cookies. Du kan till exempel v\u00e4lja att blockera alla cookies, endast acceptera f\u00f6rstapartscookies, eller radera cookies n\u00e4r du st\u00e4nger ner din webbl\u00e4sare.<\/p>\n\n\n\n<p>T\u00e4nk p\u00e5 att vissa tj\u00e4nster kanske inte fungerar om du blockerar eller raderar cookies.<\/p>\n\n\n\n<p><strong>Kontakta oss<\/strong><\/p>\n\n\n\n<p>Har du fr\u00e5gor kring dataskydd eller cookies \u00e4r du v\u00e4lkommen att kontakta oss p\u00e5 : <em>ride@detrailbikes.com<\/em><\/p>\n\n\n\n<p>Denna cookiepolicy uppdaterades senast 25 april 2022.<\/p>\n\n\n\n<p>\/Detrail Bikes<\/p>\n","protected":false},"excerpt":{"rendered":"<p>Integritetspolicy Detrail Bikes v\u00e4rnar om din personliga integritet. Denna dataskyddspolicy f\u00f6rklarar hur Detrail Bikes samlar in och anv\u00e4nder personuppgifter. Vid fr\u00e5gor kring integritets- och dataskydd, v\u00e4nligen kontakta oss p\u00e5 ride@detrailbikes.com N\u00e4r du kontaktar oss, t ex f\u00f6r att k\u00f6pa en produkt eller en tj\u00e4nst av oss accepterar du v\u00e5r Dataskyddspolicy och v\u00e5r behandling av dina [&hellip;]<\/p>\n","protected":false},"author":1,"featured_media":0,"parent":0,"menu_order":0,"comment_status":"closed","ping_status":"closed","template":"","meta":{"_acf_changed":false,"footnotes":""},"class_list":["post-956","page","type-page","status-publish","hentry"],"acf":[],"yoast_head":"<!-- This site is optimized with the Yoast SEO plugin v27.2 - https:\/\/yoast.com\/product\/yoast-seo-wordpress\/ -->\n<title>Integritetspolicy - Detrail Bikes<\/title>\n<meta name=\"robots\" content=\"index, follow, max-snippet:-1, max-image-preview:large, max-video-preview:-1\" \/>\n<link rel=\"canonical\" href=\"https:\/\/www.detrailbikes.com\/sv\/integritetspolicy\/\" \/>\n<meta property=\"og:locale\" content=\"sv_SE\" \/>\n<meta property=\"og:type\" content=\"article\" \/>\n<meta property=\"og:title\" content=\"Integritetspolicy - Detrail Bikes\" \/>\n<meta property=\"og:description\" content=\"Integritetspolicy Detrail Bikes v\u00e4rnar om din personliga integritet. Denna dataskyddspolicy f\u00f6rklarar hur Detrail Bikes samlar in och anv\u00e4nder personuppgifter. Vid fr\u00e5gor kring integritets- och dataskydd, v\u00e4nligen kontakta oss p\u00e5 ride@detrailbikes.com N\u00e4r du kontaktar oss, t ex f\u00f6r att k\u00f6pa en produkt eller en tj\u00e4nst av oss accepterar du v\u00e5r Dataskyddspolicy och v\u00e5r behandling av dina [&hellip;]\" \/>\n<meta property=\"og:url\" content=\"https:\/\/www.detrailbikes.com\/sv\/integritetspolicy\/\" \/>\n<meta property=\"og:site_name\" content=\"Detrail Bikes\" \/>\n<meta property=\"article:modified_time\" content=\"2023-02-28T20:19:47+00:00\" \/>\n<meta name=\"twitter:card\" content=\"summary_large_image\" \/>\n<meta name=\"twitter:label1\" content=\"Ber\u00e4knad l\u00e4stid\" \/>\n\t<meta name=\"twitter:data1\" content=\"5 minuter\" \/>\n<script type=\"application\/ld+json\" class=\"yoast-schema-graph\">{\"@context\":\"https:\/\/schema.org\",\"@graph\":[{\"@type\":\"WebPage\",\"@id\":\"https:\/\/www.detrailbikes.com\/sv\/integritetspolicy\/\",\"url\":\"https:\/\/www.detrailbikes.com\/sv\/integritetspolicy\/\",\"name\":\"Integritetspolicy - Detrail Bikes\",\"isPartOf\":{\"@id\":\"https:\/\/www.detrailbikes.com\/sv\/#website\"},\"datePublished\":\"2022-04-12T13:02:00+00:00\",\"dateModified\":\"2023-02-28T20:19:47+00:00\",\"breadcrumb\":{\"@id\":\"https:\/\/www.detrailbikes.com\/sv\/integritetspolicy\/#breadcrumb\"},\"inLanguage\":\"sv-SE\",\"potentialAction\":[{\"@type\":\"ReadAction\",\"target\":[\"https:\/\/www.detrailbikes.com\/sv\/integritetspolicy\/\"]}]},{\"@type\":\"BreadcrumbList\",\"@id\":\"https:\/\/www.detrailbikes.com\/sv\/integritetspolicy\/#breadcrumb\",\"itemListElement\":[{\"@type\":\"ListItem\",\"position\":1,\"name\":\"Home\",\"item\":\"https:\/\/www.detrailbikes.com\/sv\/\"},{\"@type\":\"ListItem\",\"position\":2,\"name\":\"Integritetspolicy\"}]},{\"@type\":\"WebSite\",\"@id\":\"https:\/\/www.detrailbikes.com\/sv\/#website\",\"url\":\"https:\/\/www.detrailbikes.com\/sv\/\",\"name\":\"Detrail Bikes\",\"description\":\"\",\"publisher\":{\"@id\":\"https:\/\/www.detrailbikes.com\/sv\/#organization\"},\"potentialAction\":[{\"@type\":\"SearchAction\",\"target\":{\"@type\":\"EntryPoint\",\"urlTemplate\":\"https:\/\/www.detrailbikes.com\/sv\/?s={search_term_string}\"},\"query-input\":{\"@type\":\"PropertyValueSpecification\",\"valueRequired\":true,\"valueName\":\"search_term_string\"}}],\"inLanguage\":\"sv-SE\"},{\"@type\":\"Organization\",\"@id\":\"https:\/\/www.detrailbikes.com\/sv\/#organization\",\"name\":\"Detrail\",\"url\":\"https:\/\/www.detrailbikes.com\/sv\/\",\"logo\":{\"@type\":\"ImageObject\",\"inLanguage\":\"sv-SE\",\"@id\":\"https:\/\/www.detrailbikes.com\/sv\/#\/schema\/logo\/image\/\",\"url\":\"https:\/\/www.detrailbikes.com\/wp-content\/uploads\/2022\/04\/detrail-logo-horizontal-black.png\",\"contentUrl\":\"https:\/\/www.detrailbikes.com\/wp-content\/uploads\/2022\/04\/detrail-logo-horizontal-black.png\",\"width\":1266,\"height\":135,\"caption\":\"Detrail\"},\"image\":{\"@id\":\"https:\/\/www.detrailbikes.com\/sv\/#\/schema\/logo\/image\/\"},\"sameAs\":[\"https:\/\/www.instagram.com\/detrailbikes\/\"]}]}<\/script>\n<!-- \/ Yoast SEO plugin. -->","yoast_head_json":{"title":"Integritetspolicy - Detrail Bikes","robots":{"index":"index","follow":"follow","max-snippet":"max-snippet:-1","max-image-preview":"max-image-preview:large","max-video-preview":"max-video-preview:-1"},"canonical":"https:\/\/www.detrailbikes.com\/sv\/integritetspolicy\/","og_locale":"sv_SE","og_type":"article","og_title":"Integritetspolicy - Detrail Bikes","og_description":"Integritetspolicy Detrail Bikes v\u00e4rnar om din personliga integritet. Denna dataskyddspolicy f\u00f6rklarar hur Detrail Bikes samlar in och anv\u00e4nder personuppgifter. Vid fr\u00e5gor kring integritets- och dataskydd, v\u00e4nligen kontakta oss p\u00e5 ride@detrailbikes.com N\u00e4r du kontaktar oss, t ex f\u00f6r att k\u00f6pa en produkt eller en tj\u00e4nst av oss accepterar du v\u00e5r Dataskyddspolicy och v\u00e5r behandling av dina [&hellip;]","og_url":"https:\/\/www.detrailbikes.com\/sv\/integritetspolicy\/","og_site_name":"Detrail Bikes","article_modified_time":"2023-02-28T20:19:47+00:00","twitter_card":"summary_large_image","twitter_misc":{"Ber\u00e4knad l\u00e4stid":"5 minuter"},"schema":{"@context":"https:\/\/schema.org","@graph":[{"@type":"WebPage","@id":"https:\/\/www.detrailbikes.com\/sv\/integritetspolicy\/","url":"https:\/\/www.detrailbikes.com\/sv\/integritetspolicy\/","name":"Integritetspolicy - Detrail Bikes","isPartOf":{"@id":"https:\/\/www.detrailbikes.com\/sv\/#website"},"datePublished":"2022-04-12T13:02:00+00:00","dateModified":"2023-02-28T20:19:47+00:00","breadcrumb":{"@id":"https:\/\/www.detrailbikes.com\/sv\/integritetspolicy\/#breadcrumb"},"inLanguage":"sv-SE","potentialAction":[{"@type":"ReadAction","target":["https:\/\/www.detrailbikes.com\/sv\/integritetspolicy\/"]}]},{"@type":"BreadcrumbList","@id":"https:\/\/www.detrailbikes.com\/sv\/integritetspolicy\/#breadcrumb","itemListElement":[{"@type":"ListItem","position":1,"name":"Home","item":"https:\/\/www.detrailbikes.com\/sv\/"},{"@type":"ListItem","position":2,"name":"Integritetspolicy"}]},{"@type":"WebSite","@id":"https:\/\/www.detrailbikes.com\/sv\/#website","url":"https:\/\/www.detrailbikes.com\/sv\/","name":"Detrail Bikes","description":"","publisher":{"@id":"https:\/\/www.detrailbikes.com\/sv\/#organization"},"potentialAction":[{"@type":"SearchAction","target":{"@type":"EntryPoint","urlTemplate":"https:\/\/www.detrailbikes.com\/sv\/?s={search_term_string}"},"query-input":{"@type":"PropertyValueSpecification","valueRequired":true,"valueName":"search_term_string"}}],"inLanguage":"sv-SE"},{"@type":"Organization","@id":"https:\/\/www.detrailbikes.com\/sv\/#organization","name":"Detrail","url":"https:\/\/www.detrailbikes.com\/sv\/","logo":{"@type":"ImageObject","inLanguage":"sv-SE","@id":"https:\/\/www.detrailbikes.com\/sv\/#\/schema\/logo\/image\/","url":"https:\/\/www.detrailbikes.com\/wp-content\/uploads\/2022\/04\/detrail-logo-horizontal-black.png","contentUrl":"https:\/\/www.detrailbikes.com\/wp-content\/uploads\/2022\/04\/detrail-logo-horizontal-black.png","width":1266,"height":135,"caption":"Detrail"},"image":{"@id":"https:\/\/www.detrailbikes.com\/sv\/#\/schema\/logo\/image\/"},"sameAs":["https:\/\/www.instagram.com\/detrailbikes\/"]}]}},"_links":{"self":[{"href":"https:\/\/www.detrailbikes.com\/sv\/wp-json\/wp\/v2\/pages\/956","targetHints":{"allow":["GET"]}}],"collection":[{"href":"https:\/\/www.detrailbikes.com\/sv\/wp-json\/wp\/v2\/pages"}],"about":[{"href":"https:\/\/www.detrailbikes.com\/sv\/wp-json\/wp\/v2\/types\/page"}],"author":[{"embeddable":true,"href":"https:\/\/www.detrailbikes.com\/sv\/wp-json\/wp\/v2\/users\/1"}],"replies":[{"embeddable":true,"href":"https:\/\/www.detrailbikes.com\/sv\/wp-json\/wp\/v2\/comments?post=956"}],"version-history":[{"count":1,"href":"https:\/\/www.detrailbikes.com\/sv\/wp-json\/wp\/v2\/pages\/956\/revisions"}],"predecessor-version":[{"id":10099,"href":"https:\/\/www.detrailbikes.com\/sv\/wp-json\/wp\/v2\/pages\/956\/revisions\/10099"}],"wp:attachment":[{"href":"https:\/\/www.detrailbikes.com\/sv\/wp-json\/wp\/v2\/media?parent=956"}],"curies":[{"name":"wp","href":"https:\/\/api.w.org\/{rel}","templated":true}]}}