{"id":931,"date":"2022-07-05T09:06:58","date_gmt":"2022-07-05T07:06:58","guid":{"rendered":"https:\/\/www.detrailbikes.com\/om-detrail\/"},"modified":"2025-04-23T14:54:40","modified_gmt":"2025-04-23T12:54:40","slug":"om-detrail","status":"publish","type":"page","link":"https:\/\/www.detrailbikes.com\/sv\/om-detrail\/","title":{"rendered":"Om Detrail"},"content":{"rendered":"\n<div class=\"hero&#x20;mc&#x20;mc--xl&#x20;lw&#x20;lw--fw&#x20;hero--use-overlay&#x20;hero--fullscreen\" style=\"--hero-overlay-opacity&#x3A;&#x20;0.25&#x3B;\">\n  <div class=\"hero__inner\">\n    <div class=\"hero__image\">\n        \n\n\n<div class=\"image&#x20;image--object-fit\">\n      <img fetchpriority=\"high\" decoding=\"async\" width=\"2000\" height=\"1333\" src=\"https:\/\/www.detrailbikes.com\/wp-content\/uploads\/2023\/02\/about_us.jpg\" class=\"attachment- size-\" alt=\"\" loading=\"eager\" srcset=\"https:\/\/www.detrailbikes.com\/wp-content\/uploads\/2023\/02\/about_us.jpg 2000w, https:\/\/www.detrailbikes.com\/wp-content\/uploads\/2023\/02\/about_us-600x400.jpg 600w, https:\/\/www.detrailbikes.com\/wp-content\/uploads\/2023\/02\/about_us-300x200.jpg 300w, https:\/\/www.detrailbikes.com\/wp-content\/uploads\/2023\/02\/about_us-1024x682.jpg 1024w, https:\/\/www.detrailbikes.com\/wp-content\/uploads\/2023\/02\/about_us-150x100.jpg 150w, https:\/\/www.detrailbikes.com\/wp-content\/uploads\/2023\/02\/about_us-768x512.jpg 768w, https:\/\/www.detrailbikes.com\/wp-content\/uploads\/2023\/02\/about_us-1536x1024.jpg 1536w, https:\/\/www.detrailbikes.com\/wp-content\/uploads\/2023\/02\/about_us-16x11.jpg 16w\" sizes=\"(max-width: 2000px) 100vw, 2000px\" \/>\n  <\/div>\n\n    <\/div>\n          <div class=\"hero__content\">\n        <div class=\"hero__content-inner bw color-theme-white\">\n          \n\n<h1 class=\"wp-block-heading\">our story<\/h1>\n\n\n        <\/div>\n      <\/div>\n      <\/div>\n<\/div>\n<h2 class=\"wp-block-heading\"><b>Vi \u00e4r<\/b><\/h2>\n\n<p class=\"mc mc--s\">Cyklande ink\u00f6pare och marknadsf\u00f6rare. <\/p>\n\n<p class=\"mc mc--s\">L\u00f6pande fotografer och innovat\u00f6rer<\/p>\n\n<p class=\"mc mc--s\">Mekande ingenj\u00f6rer och inspirat\u00f6rer. <\/p>\n\n<p class=\"mc mc--s\">Gemensamt har vi k\u00e4rleken till skogen. \u00c4r besatta av detaljer som h\u00f6jer helheten. <\/p>\n\n<p class=\"mc mc--l\">Passionerade av att skapa v\u00e4rde f\u00f6r dig b\u00e5de p\u00e5 och av stigen.<\/p>\n\n<h2 class=\"wp-block-heading\"><b>V\u00e5rt l\u00f6fte<\/b><\/h2>\n\n<p class=\"mc mc--xl\">Vi levererar mountainbikes som \u00e4r optimerade f\u00f6r den nordiska&#13;\nskogsterr\u00e4ngen och dina f\u00f6ruts\u00e4ttningar. Premiumkomponenter fr\u00e5n v\u00e4lk\u00e4nda varum\u00e4rken matchas med modern geometri. Allt f\u00f6r att maximera ditt v\u00e4lm\u00e5ende och din upplevelse p\u00e5 stigen och f\u00e5 dig att vilja cykla igen, igen och igen.&#13;\n<\/p>\n\n<div class=\"hero&#x20;mc&#x20;mc--xl&#x20;lw&#x20;lw--fw\" style=\"\">\n  <div class=\"hero__inner\">\n    <div class=\"hero__image\">\n        \n\n\n<div class=\"image&#x20;image--object-fit\">\n      <img decoding=\"async\" width=\"2000\" height=\"1125\" src=\"https:\/\/www.detrailbikes.com\/wp-content\/uploads\/2023\/01\/about_detrail.jpg\" class=\"attachment- size-\" alt=\"\" loading=\"eager\" srcset=\"https:\/\/www.detrailbikes.com\/wp-content\/uploads\/2023\/01\/about_detrail.jpg 2000w, https:\/\/www.detrailbikes.com\/wp-content\/uploads\/2023\/01\/about_detrail-600x338.jpg 600w, https:\/\/www.detrailbikes.com\/wp-content\/uploads\/2023\/01\/about_detrail-300x169.jpg 300w, https:\/\/www.detrailbikes.com\/wp-content\/uploads\/2023\/01\/about_detrail-1024x576.jpg 1024w, https:\/\/www.detrailbikes.com\/wp-content\/uploads\/2023\/01\/about_detrail-150x84.jpg 150w, https:\/\/www.detrailbikes.com\/wp-content\/uploads\/2023\/01\/about_detrail-768x432.jpg 768w, https:\/\/www.detrailbikes.com\/wp-content\/uploads\/2023\/01\/about_detrail-1536x864.jpg 1536w, https:\/\/www.detrailbikes.com\/wp-content\/uploads\/2023\/01\/about_detrail-16x9.jpg 16w\" sizes=\"(max-width: 2000px) 100vw, 2000px\" \/>\n  <\/div>\n\n    <\/div>\n      <\/div>\n<\/div>\n<p class=\"mc mc--xs\"><strong>STIGEN KALLAR<\/strong><\/p>\n\n<h2 class=\"wp-block-heading mc mc--l\"><strong>V\u00c5R FILOSOFI<\/strong><\/h2>\n\n<p class=\"mc mc--s\">&#8211; Skogen.<\/p>\n\n<p class=\"mc mc--s\">Smaka p\u00e5 ordet. <\/p>\n\n<p class=\"mc mc--s\">K\u00e4nn dofterna. <\/p>\n\n<p class=\"mc mc--s\">H\u00f6r suset av vinden, d\u00e4mpad till en viskning av skogens skyddande rum. <\/p>\n\n<p class=\"mc mc--s\">Det v\u00e4cker minnen. Det v\u00e4cker f\u00f6rv\u00e4ntan. Det ger ro.<\/p>\n\n<p class=\"mc mc--s\">Vi sluter an till skogen. Den har alltid funnits som ett l\u00f6fte om n\u00e5got otuktat och \u00e4kta. Genuint. N\u00e5got som inte kan flyttas eller stj\u00e4las. H\u00e4r finns mysteriet, vildheten och stillheten under ett tak av skyddande kronor. Du b\u00e4r skogens rum inom dig som ett kollektivt minne \u2013 arvet fr\u00e5n \u00e4tteled till \u00e4tteled \u00e4nda ner till tidernas begynnelse. G\u00e5tfullt och bekant p\u00e5 samma g\u00e5ng.<\/p>\n\n<p class=\"mc mc--s\">N\u00e4r du korsar skogen p\u00e5 en stig sluter du an till det ur\u00e5ldriga och vilda. N\u00e4r du viker av fr\u00e5n v\u00e4gen in p\u00e5 skogens v\u00e4g startar f\u00f6rvandlingen. &#13;\n<\/p>\n\n<p class=\"mc mc--s\">Tanke och handling sker nu samtidigt. Det finns ingen tid f\u00f6r tankar eller reflektioner. Du \u00e4r h\u00e4r och nu. I nuet. Tyngden i pedalerna skapar trygghet n\u00e4r du mjukt och motst\u00e5ndsl\u00f6st sveper fram genom terr\u00e4ngen. Alla sinnen \u00e4r \u00f6ppna och st\u00e5r nu p\u00e5 vid gavel likt en gardin som f\u00f6rs\u00f6ker ta sig ut fr\u00e5n ett \u00f6ppet f\u00f6nster. H\u00e4r finner du ditt flow och gl\u00f6mmer bort anstr\u00e4ngningen. Du l\u00e5ser upp d\u00f6rren till en ny niv\u00e5. En niv\u00e5 av total n\u00e4rvaro och urladdning p\u00e5 samma g\u00e5ng.&#13;\n<\/p>\n\n<p class=\"mc mc--l\">F\u00f6re du vet ordet av \u00e4r du tillbaka p\u00e5 den plats d\u00e4r du startade. Kvar p\u00e5 stigen finns endast hjulsp\u00e5ren du l\u00e4mnat efter dig. K\u00e4nslan innan \u00e4r bytt till k\u00e4nslan efter. Adrenalin \u00e4r bytt mot dopamin och f\u00f6rv\u00e4ntan \u00e4r nu tillfredsst\u00e4llelse. Du minns inte detaljerna i landskapet du just for igenom \u2013men du vet att du just kommit en bit n\u00e4rmare dig sj\u00e4lv. En h\u00e4rlig plats i tillvaron. En plats du g\u00e4rna \u00e4r p\u00e5 igen. En plats du minns n\u00e4r du h\u00f6r stigen kalla.    &#13;\n<\/p>\n\n<h2 class=\"wp-block-heading\"><b>V\u00e5ra husregler<\/b><\/h2>\n\n<p>Ett antal regler som \u00e4r satta av oss. F\u00f6r oss att f\u00f6lja. Med syfte att guida oss i v\u00e5rt dagliga arbete med att skapa v\u00e4rde f\u00f6r dig utan att f\u00f6rsaka v\u00e5r moder jord. <\/p>\n\n<p><strong><span style=\"font-weight: 400;\">\u2022 Vi komplicerar ingenting och f\u00f6renklar det som \u00e4r komplicerat. Genuint, \u00e4kta och enkelt skall det vara.<\/span><\/strong><\/p>\n\n<p><strong><span style=\"font-weight: 400;\">\u2022\u00a0Val av komponenter g\u00f6rs alltid med upplevelsen i fokus. Detta f\u00f6r att ge dig faktiskt merv\u00e4rde p\u00e5 stigen.<\/span><\/strong><\/p>\n\n<p><strong>\u2022\u00a0<\/strong><span style=\"font-weight: 400;\">Vi bygger cyklar f\u00f6r hand vilket g\u00f6r att dina val avg\u00f6r helheten och blir p\u00e5 s\u00e5 s\u00e4tt en b\u00e4ttre matchning i anv\u00e4ndandet.\u00a0\u00a0<\/span><\/p>\n\n<p><strong>\u2022\u00a0 <\/strong><strong><span style=\"font-weight: 400;\">Vi l\u00e4mnar s\u00e5 sm\u00e5 sp\u00e5r efter oss som bara \u00e4r m\u00f6jligt.<\/span><span style=\"font-weight: 400;\"> Naturen \u00e4r f\u00f6r alla och i m\u00e5ngt och mycket ocks\u00e5 l\u00f6sningen p\u00e5 de klimatproblem vi sj\u00e4lva har satt oss i. Att l\u00e4mna s\u00e5 litet avtryck som bara \u00e4r m\u00f6jligt \u00e4r f\u00f6r oss en sj\u00e4lvklarhet.<\/span><\/strong><\/p>\n\n<p><span style=\"font-weight: 400;\"><strong>\u2022\u00a0<\/strong>Som exempel\u00a0 s\u00e5 skickas alla produkter vi <\/span><span style=\"font-weight: 400;\">importerar alltid med sj\u00f6frakt i st\u00e4llet f\u00f6r flygfrakt d\u00e5 sj\u00f6frakt sl\u00e4pper ut 20 g\u00e5nger mindre CO2 \u00e4n vad en j\u00e4mf\u00f6rande flygfrakt skulle g\u00f6ra.<\/span><\/p>\n\n<p class=\"mc mc--xl\"><strong><span style=\"font-weight: 400;\">\u2022\u00a0Vi v\u00e4rnar dig att ta hand om cykeln genom att t.ex. g\u00f6ra service i tid. Detta f\u00f6r att komponenter skall h\u00e5lla l\u00e4ngre som m\u00f6jligt och slippa att bytas ut i f\u00f6rtid <\/span><\/strong><\/p>\n\n<div class=\"contact-section&#x20;lw&#x20;lw--cntnt-pd\">\n  <div class=\"contact-section__inner lw lw--cntnt-pd\">\n    <div class=\"contact-section__content\">\n      \n\n<h2 class=\"wp-block-heading has-text-align-center mc mc--m\"><strong>FR\u00c5GOR P\u00c5 DET? \ud83e\udd18 <\/strong><\/h2>\n\n\n\n<p class=\"has-text-align-center\">Detrail Bikes<\/p>\n\n\n\n<p>Skaraborgsv\u00e4gen 21, 506 30 Bor\u00e5s<\/p>\n\n\n\n<p><a href=\"tel:0046335500285\">+46 33 55 00 285<\/a><\/p>\n\n\n\n<p><a href=\"mailto:ride@detrailbikes.com\" target=\"_blank\" rel=\"noreferrer noopener\">ride@detrailbikes.com<\/a><\/p>\n\n\n    <\/div>\n    <div class=\"contact-section__form\">\n      \n<div class=\"wpcf7 no-js\" id=\"wpcf7-f5430-o1\" lang=\"en-US\" dir=\"ltr\" data-wpcf7-id=\"5430\">\n<div class=\"screen-reader-response\"><p role=\"status\" aria-live=\"polite\" aria-atomic=\"true\"><\/p> <ul><\/ul><\/div>\n<form action=\"\/sv\/wp-json\/wp\/v2\/pages\/931#wpcf7-f5430-o1\" method=\"post\" class=\"wpcf7-form init wpcf7-acceptance-as-validation\" aria-label=\"Contact form\" novalidate=\"novalidate\" data-status=\"init\">\n<fieldset class=\"hidden-fields-container\"><input type=\"hidden\" name=\"_wpcf7\" value=\"5430\" \/><input type=\"hidden\" name=\"_wpcf7_version\" value=\"6.1.5\" \/><input type=\"hidden\" name=\"_wpcf7_locale\" value=\"en_US\" \/><input type=\"hidden\" name=\"_wpcf7_unit_tag\" value=\"wpcf7-f5430-o1\" \/><input type=\"hidden\" name=\"_wpcf7_container_post\" value=\"0\" \/><input type=\"hidden\" name=\"_wpcf7_posted_data_hash\" value=\"\" \/>\n<\/fieldset>\n<div class=\"\">\n\t<div class=\"field-columns\">\n\t\t<div class=\"field\">\n\t\t\t<p><label>Name* <span class=\"wpcf7-form-control-wrap\" data-name=\"your-name\"><input size=\"40\" maxlength=\"400\" class=\"wpcf7-form-control wpcf7-text wpcf7-validates-as-required\" aria-required=\"true\" aria-invalid=\"false\" value=\"\" type=\"text\" name=\"your-name\" \/><\/span><\/label>\n\t\t\t<\/p>\n\t\t<\/div>\n\t\t<div class=\"field\">\n\t\t\t<p><label>Email Address* <span class=\"wpcf7-form-control-wrap\" data-name=\"your-email\"><input size=\"40\" maxlength=\"400\" class=\"wpcf7-form-control wpcf7-email wpcf7-validates-as-required wpcf7-text wpcf7-validates-as-email\" aria-required=\"true\" aria-invalid=\"false\" value=\"\" type=\"email\" name=\"your-email\" \/><\/span><\/label>\n\t\t\t<\/p>\n\t\t<\/div>\n\t<\/div>\n\t<div class=\"field-columns\">\n\t\t<div class=\"field\">\n\t\t\t<p><label>Message <span class=\"wpcf7-form-control-wrap\" data-name=\"your-message\"><textarea cols=\"40\" rows=\"10\" maxlength=\"2000\" class=\"wpcf7-form-control wpcf7-textarea\" aria-invalid=\"false\" placeholder=\"Write here...\" name=\"your-message\"><\/textarea><\/span><\/label>\n\t\t\t<\/p>\n\t\t<\/div>\n\t<\/div>\n\t<div class=\"field-columns field-columns--narrow\">\n\t\t<p><span id=\"wpcf7-69fdea5a58eb3-wrapper\" class=\"wpcf7-form-control-wrap website-wrap\" ><input type=\"hidden\" name=\"website-time-start\" value=\"1778248282\"><input type=\"hidden\" name=\"website-time-check\" value=\"4\"><label for=\"wpcf7-69fdea5a58eb3-field\" class=\"hp-message\">Please leave this field empty.<\/label><input id=\"wpcf7-69fdea5a58eb3-field\"  class=\"wpcf7-form-control wpcf7-text\" type=\"text\" name=\"website\" value=\"\" size=\"40\" tabindex=\"-1\" autocomplete=\"new-password\" \/><\/span>\n\t\t<\/p>\n\t\t<div class=\"field\">\n\t\t\t<p><span class=\"wpcf7-form-control-wrap\" data-name=\"acceptance\"><span class=\"wpcf7-form-control wpcf7-acceptance\"><span class=\"wpcf7-list-item\"><label><input type=\"checkbox\" name=\"acceptance\" value=\"1\" aria-invalid=\"false\" \/><span class=\"wpcf7-list-item-label\">By clicking the checkbox, I ask Detrail to contact me, in accordance with their <a href=\"\/privacy-policy\" target=\"_blank\">privacy policy<\/a>.<\/span><\/label><\/span><\/span><\/span>\n\t\t\t<\/p>\n\t\t<\/div>\n\t<\/div>\n\t<div class=\"field-columns field-columns--center\">\n\t\t<div class=\"field\">\n\t\t\t<p><input class=\"wpcf7-form-control wpcf7-submit has-spinner btn btn--solid btn--color-text\" type=\"submit\" value=\"Send\" \/>\n\t\t\t<\/p>\n\t\t<\/div>\n\t<\/div>\n<\/div><div class=\"wpcf7-response-output\" aria-hidden=\"true\"><\/div>\n<\/form>\n<\/div>\n\n    <\/div>\n  <\/div>\n<\/div>","protected":false},"excerpt":{"rendered":"<p>Vi \u00e4r Cyklande ink\u00f6pare och marknadsf\u00f6rare. L\u00f6pande fotografer och innovat\u00f6rer Mekande ingenj\u00f6rer och inspirat\u00f6rer. Gemensamt har vi k\u00e4rleken till skogen. \u00c4r besatta av detaljer som h\u00f6jer helheten. Passionerade av att skapa v\u00e4rde f\u00f6r dig b\u00e5de p\u00e5 och av stigen. V\u00e5rt l\u00f6fte Vi levererar mountainbikes som \u00e4r optimerade f\u00f6r den nordiska&#13; skogsterr\u00e4ngen och dina f\u00f6ruts\u00e4ttningar. Premiumkomponenter [&hellip;]<\/p>\n","protected":false},"author":1,"featured_media":0,"parent":0,"menu_order":0,"comment_status":"closed","ping_status":"closed","template":"","meta":{"_acf_changed":false,"footnotes":""},"class_list":["post-931","page","type-page","status-publish","hentry"],"acf":[],"yoast_head":"<!-- This site is optimized with the Yoast SEO plugin v27.2 - https:\/\/yoast.com\/product\/yoast-seo-wordpress\/ -->\n<title>Om Detrail - Detrail Bikes<\/title>\n<meta name=\"robots\" content=\"index, follow, max-snippet:-1, max-image-preview:large, max-video-preview:-1\" \/>\n<link rel=\"canonical\" href=\"https:\/\/www.detrailbikes.com\/sv\/om-detrail\/\" \/>\n<meta property=\"og:locale\" content=\"sv_SE\" \/>\n<meta property=\"og:type\" content=\"article\" \/>\n<meta property=\"og:title\" content=\"Om Detrail - Detrail Bikes\" \/>\n<meta property=\"og:description\" content=\"Vi \u00e4r Cyklande ink\u00f6pare och marknadsf\u00f6rare. L\u00f6pande fotografer och innovat\u00f6rer Mekande ingenj\u00f6rer och inspirat\u00f6rer. Gemensamt har vi k\u00e4rleken till skogen. \u00c4r besatta av detaljer som h\u00f6jer helheten. Passionerade av att skapa v\u00e4rde f\u00f6r dig b\u00e5de p\u00e5 och av stigen. V\u00e5rt l\u00f6fte Vi levererar mountainbikes som \u00e4r optimerade f\u00f6r den nordiska&#013; skogsterr\u00e4ngen och dina f\u00f6ruts\u00e4ttningar. Premiumkomponenter [&hellip;]\" \/>\n<meta property=\"og:url\" content=\"https:\/\/www.detrailbikes.com\/sv\/om-detrail\/\" \/>\n<meta property=\"og:site_name\" content=\"Detrail Bikes\" \/>\n<meta property=\"article:modified_time\" content=\"2025-04-23T12:54:40+00:00\" \/>\n<meta name=\"twitter:card\" content=\"summary_large_image\" \/>\n<meta name=\"twitter:label1\" content=\"Ber\u00e4knad l\u00e4stid\" \/>\n\t<meta name=\"twitter:data1\" content=\"4 minuter\" \/>\n<script type=\"application\/ld+json\" class=\"yoast-schema-graph\">{\"@context\":\"https:\/\/schema.org\",\"@graph\":[{\"@type\":\"WebPage\",\"@id\":\"https:\/\/www.detrailbikes.com\/sv\/om-detrail\/\",\"url\":\"https:\/\/www.detrailbikes.com\/sv\/om-detrail\/\",\"name\":\"Om Detrail - Detrail Bikes\",\"isPartOf\":{\"@id\":\"https:\/\/www.detrailbikes.com\/sv\/#website\"},\"datePublished\":\"2022-07-05T07:06:58+00:00\",\"dateModified\":\"2025-04-23T12:54:40+00:00\",\"breadcrumb\":{\"@id\":\"https:\/\/www.detrailbikes.com\/sv\/om-detrail\/#breadcrumb\"},\"inLanguage\":\"sv-SE\",\"potentialAction\":[{\"@type\":\"ReadAction\",\"target\":[\"https:\/\/www.detrailbikes.com\/sv\/om-detrail\/\"]}]},{\"@type\":\"BreadcrumbList\",\"@id\":\"https:\/\/www.detrailbikes.com\/sv\/om-detrail\/#breadcrumb\",\"itemListElement\":[{\"@type\":\"ListItem\",\"position\":1,\"name\":\"Home\",\"item\":\"https:\/\/www.detrailbikes.com\/sv\/\"},{\"@type\":\"ListItem\",\"position\":2,\"name\":\"Om Detrail\"}]},{\"@type\":\"WebSite\",\"@id\":\"https:\/\/www.detrailbikes.com\/sv\/#website\",\"url\":\"https:\/\/www.detrailbikes.com\/sv\/\",\"name\":\"Detrail Bikes\",\"description\":\"\",\"publisher\":{\"@id\":\"https:\/\/www.detrailbikes.com\/sv\/#organization\"},\"potentialAction\":[{\"@type\":\"SearchAction\",\"target\":{\"@type\":\"EntryPoint\",\"urlTemplate\":\"https:\/\/www.detrailbikes.com\/sv\/?s={search_term_string}\"},\"query-input\":{\"@type\":\"PropertyValueSpecification\",\"valueRequired\":true,\"valueName\":\"search_term_string\"}}],\"inLanguage\":\"sv-SE\"},{\"@type\":\"Organization\",\"@id\":\"https:\/\/www.detrailbikes.com\/sv\/#organization\",\"name\":\"Detrail\",\"url\":\"https:\/\/www.detrailbikes.com\/sv\/\",\"logo\":{\"@type\":\"ImageObject\",\"inLanguage\":\"sv-SE\",\"@id\":\"https:\/\/www.detrailbikes.com\/sv\/#\/schema\/logo\/image\/\",\"url\":\"https:\/\/www.detrailbikes.com\/wp-content\/uploads\/2022\/04\/detrail-logo-horizontal-black.png\",\"contentUrl\":\"https:\/\/www.detrailbikes.com\/wp-content\/uploads\/2022\/04\/detrail-logo-horizontal-black.png\",\"width\":1266,\"height\":135,\"caption\":\"Detrail\"},\"image\":{\"@id\":\"https:\/\/www.detrailbikes.com\/sv\/#\/schema\/logo\/image\/\"},\"sameAs\":[\"https:\/\/www.instagram.com\/detrailbikes\/\"]}]}<\/script>\n<!-- \/ Yoast SEO plugin. -->","yoast_head_json":{"title":"Om Detrail - Detrail Bikes","robots":{"index":"index","follow":"follow","max-snippet":"max-snippet:-1","max-image-preview":"max-image-preview:large","max-video-preview":"max-video-preview:-1"},"canonical":"https:\/\/www.detrailbikes.com\/sv\/om-detrail\/","og_locale":"sv_SE","og_type":"article","og_title":"Om Detrail - Detrail Bikes","og_description":"Vi \u00e4r Cyklande ink\u00f6pare och marknadsf\u00f6rare. L\u00f6pande fotografer och innovat\u00f6rer Mekande ingenj\u00f6rer och inspirat\u00f6rer. Gemensamt har vi k\u00e4rleken till skogen. \u00c4r besatta av detaljer som h\u00f6jer helheten. Passionerade av att skapa v\u00e4rde f\u00f6r dig b\u00e5de p\u00e5 och av stigen. V\u00e5rt l\u00f6fte Vi levererar mountainbikes som \u00e4r optimerade f\u00f6r den nordiska&#13; skogsterr\u00e4ngen och dina f\u00f6ruts\u00e4ttningar. Premiumkomponenter [&hellip;]","og_url":"https:\/\/www.detrailbikes.com\/sv\/om-detrail\/","og_site_name":"Detrail Bikes","article_modified_time":"2025-04-23T12:54:40+00:00","twitter_card":"summary_large_image","twitter_misc":{"Ber\u00e4knad l\u00e4stid":"4 minuter"},"schema":{"@context":"https:\/\/schema.org","@graph":[{"@type":"WebPage","@id":"https:\/\/www.detrailbikes.com\/sv\/om-detrail\/","url":"https:\/\/www.detrailbikes.com\/sv\/om-detrail\/","name":"Om Detrail - Detrail Bikes","isPartOf":{"@id":"https:\/\/www.detrailbikes.com\/sv\/#website"},"datePublished":"2022-07-05T07:06:58+00:00","dateModified":"2025-04-23T12:54:40+00:00","breadcrumb":{"@id":"https:\/\/www.detrailbikes.com\/sv\/om-detrail\/#breadcrumb"},"inLanguage":"sv-SE","potentialAction":[{"@type":"ReadAction","target":["https:\/\/www.detrailbikes.com\/sv\/om-detrail\/"]}]},{"@type":"BreadcrumbList","@id":"https:\/\/www.detrailbikes.com\/sv\/om-detrail\/#breadcrumb","itemListElement":[{"@type":"ListItem","position":1,"name":"Home","item":"https:\/\/www.detrailbikes.com\/sv\/"},{"@type":"ListItem","position":2,"name":"Om Detrail"}]},{"@type":"WebSite","@id":"https:\/\/www.detrailbikes.com\/sv\/#website","url":"https:\/\/www.detrailbikes.com\/sv\/","name":"Detrail Bikes","description":"","publisher":{"@id":"https:\/\/www.detrailbikes.com\/sv\/#organization"},"potentialAction":[{"@type":"SearchAction","target":{"@type":"EntryPoint","urlTemplate":"https:\/\/www.detrailbikes.com\/sv\/?s={search_term_string}"},"query-input":{"@type":"PropertyValueSpecification","valueRequired":true,"valueName":"search_term_string"}}],"inLanguage":"sv-SE"},{"@type":"Organization","@id":"https:\/\/www.detrailbikes.com\/sv\/#organization","name":"Detrail","url":"https:\/\/www.detrailbikes.com\/sv\/","logo":{"@type":"ImageObject","inLanguage":"sv-SE","@id":"https:\/\/www.detrailbikes.com\/sv\/#\/schema\/logo\/image\/","url":"https:\/\/www.detrailbikes.com\/wp-content\/uploads\/2022\/04\/detrail-logo-horizontal-black.png","contentUrl":"https:\/\/www.detrailbikes.com\/wp-content\/uploads\/2022\/04\/detrail-logo-horizontal-black.png","width":1266,"height":135,"caption":"Detrail"},"image":{"@id":"https:\/\/www.detrailbikes.com\/sv\/#\/schema\/logo\/image\/"},"sameAs":["https:\/\/www.instagram.com\/detrailbikes\/"]}]}},"_links":{"self":[{"href":"https:\/\/www.detrailbikes.com\/sv\/wp-json\/wp\/v2\/pages\/931","targetHints":{"allow":["GET"]}}],"collection":[{"href":"https:\/\/www.detrailbikes.com\/sv\/wp-json\/wp\/v2\/pages"}],"about":[{"href":"https:\/\/www.detrailbikes.com\/sv\/wp-json\/wp\/v2\/types\/page"}],"author":[{"embeddable":true,"href":"https:\/\/www.detrailbikes.com\/sv\/wp-json\/wp\/v2\/users\/1"}],"replies":[{"embeddable":true,"href":"https:\/\/www.detrailbikes.com\/sv\/wp-json\/wp\/v2\/comments?post=931"}],"version-history":[{"count":18,"href":"https:\/\/www.detrailbikes.com\/sv\/wp-json\/wp\/v2\/pages\/931\/revisions"}],"predecessor-version":[{"id":21304,"href":"https:\/\/www.detrailbikes.com\/sv\/wp-json\/wp\/v2\/pages\/931\/revisions\/21304"}],"wp:attachment":[{"href":"https:\/\/www.detrailbikes.com\/sv\/wp-json\/wp\/v2\/media?parent=931"}],"curies":[{"name":"wp","href":"https:\/\/api.w.org\/{rel}","templated":true}]}}