{"id":21118,"date":"2025-01-03T19:44:27","date_gmt":"2025-01-03T18:44:27","guid":{"rendered":"https:\/\/www.detrailbikes.com\/framgaffel\/"},"modified":"2025-01-03T19:49:35","modified_gmt":"2025-01-03T18:49:35","slug":"framgaffel","status":"publish","type":"page","link":"https:\/\/www.detrailbikes.com\/sv\/framgaffel\/","title":{"rendered":"framgaffel"},"content":{"rendered":"\n<figure class=\"wp-block-image size-full is-resized lw lw--cntnt-pd\"><img loading=\"lazy\" decoding=\"async\" width=\"1020\" height=\"394\" src=\"https:\/\/www.detrailbikes.com\/wp-content\/uploads\/2025\/01\/fs-sid-sel2-crn-29-sb-120-dfb-44-d1-c-front-v-e1735920258291.png\" alt=\"\" class=\"wp-image-21069\" style=\"width:1351px;height:auto\" srcset=\"https:\/\/www.detrailbikes.com\/wp-content\/uploads\/2025\/01\/fs-sid-sel2-crn-29-sb-120-dfb-44-d1-c-front-v-e1735920258291.png 1020w, https:\/\/www.detrailbikes.com\/wp-content\/uploads\/2025\/01\/fs-sid-sel2-crn-29-sb-120-dfb-44-d1-c-front-v-e1735920258291-300x116.png 300w, https:\/\/www.detrailbikes.com\/wp-content\/uploads\/2025\/01\/fs-sid-sel2-crn-29-sb-120-dfb-44-d1-c-front-v-e1735920258291-150x58.png 150w, https:\/\/www.detrailbikes.com\/wp-content\/uploads\/2025\/01\/fs-sid-sel2-crn-29-sb-120-dfb-44-d1-c-front-v-e1735920258291-768x297.png 768w, https:\/\/www.detrailbikes.com\/wp-content\/uploads\/2025\/01\/fs-sid-sel2-crn-29-sb-120-dfb-44-d1-c-front-v-e1735920258291-16x6.png 16w, https:\/\/www.detrailbikes.com\/wp-content\/uploads\/2025\/01\/fs-sid-sel2-crn-29-sb-120-dfb-44-d1-c-front-v-e1735920258291-600x232.png 600w\" sizes=\"auto, (max-width: 1020px) 100vw, 1020px\" \/><\/figure>\n\n<h1 class=\"wp-block-heading\">ST\u00d6TD\u00c4MPAR ALTERNATIV <\/h1>\n\n<p>Oavsett vilket alternativ du v\u00e4ljer f\u00e5r du en cykel med h\u00f6g kvalitet och p\u00e5litliga komponenter som lever upp till v\u00e5ra h\u00f6ga standarder.<\/p>\n\n<div class=\"wp-block-columns lw lw--cntnt-pd\">\n<div class=\"wp-block-column lw lw--cntnt-pd bw\">\n<h2 class=\"wp-block-heading\">CORE<\/h2>\n\n\n\n<figure class=\"wp-block-image size-large lw lw--txt\"><img loading=\"lazy\" decoding=\"async\" width=\"859\" height=\"1024\" src=\"https:\/\/www.detrailbikes.com\/wp-content\/uploads\/2025\/01\/recon_silver-859x1024.jpg\" alt=\"\" class=\"wp-image-21065\" srcset=\"https:\/\/www.detrailbikes.com\/wp-content\/uploads\/2025\/01\/recon_silver-859x1024.jpg 859w, https:\/\/www.detrailbikes.com\/wp-content\/uploads\/2025\/01\/recon_silver-252x300.jpg 252w, https:\/\/www.detrailbikes.com\/wp-content\/uploads\/2025\/01\/recon_silver-126x150.jpg 126w, https:\/\/www.detrailbikes.com\/wp-content\/uploads\/2025\/01\/recon_silver-768x915.jpg 768w, https:\/\/www.detrailbikes.com\/wp-content\/uploads\/2025\/01\/recon_silver-1289x1536.jpg 1289w, https:\/\/www.detrailbikes.com\/wp-content\/uploads\/2025\/01\/recon_silver-13x16.jpg 13w, https:\/\/www.detrailbikes.com\/wp-content\/uploads\/2025\/01\/recon_silver-600x715.jpg 600w, https:\/\/www.detrailbikes.com\/wp-content\/uploads\/2025\/01\/recon_silver.jpg 1712w\" sizes=\"auto, (max-width: 859px) 100vw, 859px\" \/><\/figure>\n\n\n\n<p>Utformat f\u00f6r dig som vill ha en robust cykel med prestanda som r\u00e4cker f\u00f6r allsidig anv\u00e4ndning. H\u00e4r hittar du RockShox Recon Silver-st\u00f6td\u00e4mpare, en p\u00e5litlig l\u00f6sning f\u00f6r b\u00e5de stigcykling och l\u00e5nglopp. Med ett balanserat fokus p\u00e5 pris och funktion \u00e4r detta valet f\u00f6r dig som vill utforska utan att kompromissa p\u00e5 kvalitet. D\u00e4mparen g\u00e5r att l\u00e5sa manuellt och med det slipper du extra vajerh\u00f6ljen p\u00e5 styret.<\/p>\n<\/div>\n\n\n\n<div class=\"wp-block-column lw lw--cntnt-pd bw\">\n<h2 class=\"wp-block-heading\">performance<\/h2>\n\n\n\n<figure class=\"wp-block-image size-large lw lw--txt\"><img loading=\"lazy\" decoding=\"async\" width=\"859\" height=\"1024\" src=\"https:\/\/www.detrailbikes.com\/wp-content\/uploads\/2025\/01\/00-4020-549-002-859x1024.png\" alt=\"\" class=\"wp-image-21054\" srcset=\"https:\/\/www.detrailbikes.com\/wp-content\/uploads\/2025\/01\/00-4020-549-002-859x1024.png 859w, https:\/\/www.detrailbikes.com\/wp-content\/uploads\/2025\/01\/00-4020-549-002-252x300.png 252w, https:\/\/www.detrailbikes.com\/wp-content\/uploads\/2025\/01\/00-4020-549-002-126x150.png 126w, https:\/\/www.detrailbikes.com\/wp-content\/uploads\/2025\/01\/00-4020-549-002-768x915.png 768w, https:\/\/www.detrailbikes.com\/wp-content\/uploads\/2025\/01\/00-4020-549-002-1289x1536.png 1289w, https:\/\/www.detrailbikes.com\/wp-content\/uploads\/2025\/01\/00-4020-549-002-13x16.png 13w, https:\/\/www.detrailbikes.com\/wp-content\/uploads\/2025\/01\/00-4020-549-002-600x715.png 600w, https:\/\/www.detrailbikes.com\/wp-content\/uploads\/2025\/01\/00-4020-549-002.png 1712w\" sizes=\"auto, (max-width: 859px) 100vw, 859px\" \/><\/figure>\n\n\n\n<p>Passar dig som vill t\u00e4vla med din cykel och d\u00e4r tiden \u00e4r en parameter i din tr\u00e4ning. St\u00f6td\u00e4mparen SID Select med sin bepr\u00f6vade Charger RL d\u00e4mpare ger dig det b\u00e4sta av drifts\u00e4kerhet och prestanda. Med ett l\u00e4tt knyck p\u00e5 styret l\u00e5ser sig st\u00f6td\u00e4mparen och ingen av din kraft blir outnyttjad. <\/p>\n<\/div>\n<\/div>\n\n<div class=\"wp-block-columns lw lw--cntnt-pd\">\n<div class=\"wp-block-column lw lw--cntnt-pd bw\">\n<h2 class=\"wp-block-heading\">EXPERT<\/h2>\n\n\n\n<figure class=\"wp-block-image size-large lw lw--txt\"><img loading=\"lazy\" decoding=\"async\" width=\"859\" height=\"1024\" src=\"https:\/\/www.detrailbikes.com\/wp-content\/uploads\/2025\/01\/00-4020-548-002-859x1024.png\" alt=\"\" class=\"wp-image-21051\" srcset=\"https:\/\/www.detrailbikes.com\/wp-content\/uploads\/2025\/01\/00-4020-548-002-859x1024.png 859w, https:\/\/www.detrailbikes.com\/wp-content\/uploads\/2025\/01\/00-4020-548-002-252x300.png 252w, https:\/\/www.detrailbikes.com\/wp-content\/uploads\/2025\/01\/00-4020-548-002-126x150.png 126w, https:\/\/www.detrailbikes.com\/wp-content\/uploads\/2025\/01\/00-4020-548-002-768x915.png 768w, https:\/\/www.detrailbikes.com\/wp-content\/uploads\/2025\/01\/00-4020-548-002-1289x1536.png 1289w, https:\/\/www.detrailbikes.com\/wp-content\/uploads\/2025\/01\/00-4020-548-002-13x16.png 13w, https:\/\/www.detrailbikes.com\/wp-content\/uploads\/2025\/01\/00-4020-548-002-600x715.png 600w, https:\/\/www.detrailbikes.com\/wp-content\/uploads\/2025\/01\/00-4020-548-002.png 1712w\" sizes=\"auto, (max-width: 859px) 100vw, 859px\" \/><\/figure>\n\n\n\n<p>Expert \u00e4r valet f\u00f6r dig som s\u00f6ker det absolut b\u00e4sta. Med RockShox SID Ultimate f\u00e5r du en ultral\u00e4tt och h\u00f6gpresterande st\u00f6td\u00e4mpare som \u00e4r optimerad f\u00f6r t\u00e4vling och avancerad stigcykling. Precis som i Performance l\u00e5ser sig st\u00f6td\u00e4mparen med ett l\u00e4tt knyck p\u00e5 styret. <\/p>\n<\/div>\n\n\n\n<div class=\"wp-block-column lw lw--cntnt-pd bw\">\n<h2 class=\"wp-block-heading\"> Lock-out handtag p\u00e5 styret<\/h2>\n\n\n\n<figure class=\"wp-block-image size-full lw lw--txt\"><img loading=\"lazy\" decoding=\"async\" width=\"1000\" height=\"1000\" src=\"https:\/\/www.detrailbikes.com\/wp-content\/uploads\/2025\/01\/00-4318-059-000.png\" alt=\"\" class=\"wp-image-21114\" srcset=\"https:\/\/www.detrailbikes.com\/wp-content\/uploads\/2025\/01\/00-4318-059-000.png 1000w, https:\/\/www.detrailbikes.com\/wp-content\/uploads\/2025\/01\/00-4318-059-000-300x300.png 300w, https:\/\/www.detrailbikes.com\/wp-content\/uploads\/2025\/01\/00-4318-059-000-150x150.png 150w, https:\/\/www.detrailbikes.com\/wp-content\/uploads\/2025\/01\/00-4318-059-000-768x768.png 768w, https:\/\/www.detrailbikes.com\/wp-content\/uploads\/2025\/01\/00-4318-059-000-16x16.png 16w, https:\/\/www.detrailbikes.com\/wp-content\/uploads\/2025\/01\/00-4318-059-000-600x600.png 600w, https:\/\/www.detrailbikes.com\/wp-content\/uploads\/2025\/01\/00-4318-059-000-100x100.png 100w\" sizes=\"auto, (max-width: 1000px) 100vw, 1000px\" \/><\/figure>\n\n\n\n<p><\/p>\n<\/div>\n<\/div>\n","protected":false},"excerpt":{"rendered":"<p>ST\u00d6TD\u00c4MPAR ALTERNATIV Oavsett vilket alternativ du v\u00e4ljer f\u00e5r du en cykel med h\u00f6g kvalitet och p\u00e5litliga komponenter som lever upp till v\u00e5ra h\u00f6ga standarder. CORE Utformat f\u00f6r dig som vill ha en robust cykel med prestanda som r\u00e4cker f\u00f6r allsidig anv\u00e4ndning. H\u00e4r hittar du RockShox Recon Silver-st\u00f6td\u00e4mpare, en p\u00e5litlig l\u00f6sning f\u00f6r b\u00e5de stigcykling och l\u00e5nglopp. [&hellip;]<\/p>\n","protected":false},"author":2,"featured_media":0,"parent":0,"menu_order":0,"comment_status":"closed","ping_status":"closed","template":"","meta":{"_acf_changed":false,"footnotes":""},"class_list":["post-21118","page","type-page","status-publish","hentry"],"acf":[],"yoast_head":"<!-- This site is optimized with the Yoast SEO plugin v27.2 - https:\/\/yoast.com\/product\/yoast-seo-wordpress\/ -->\n<title>framgaffel - Detrail Bikes<\/title>\n<meta name=\"robots\" content=\"index, follow, max-snippet:-1, max-image-preview:large, max-video-preview:-1\" \/>\n<link rel=\"canonical\" href=\"https:\/\/www.detrailbikes.com\/sv\/framgaffel\/\" \/>\n<meta property=\"og:locale\" content=\"sv_SE\" \/>\n<meta property=\"og:type\" content=\"article\" \/>\n<meta property=\"og:title\" content=\"framgaffel - Detrail Bikes\" \/>\n<meta property=\"og:description\" content=\"ST\u00d6TD\u00c4MPAR ALTERNATIV Oavsett vilket alternativ du v\u00e4ljer f\u00e5r du en cykel med h\u00f6g kvalitet och p\u00e5litliga komponenter som lever upp till v\u00e5ra h\u00f6ga standarder. CORE Utformat f\u00f6r dig som vill ha en robust cykel med prestanda som r\u00e4cker f\u00f6r allsidig anv\u00e4ndning. H\u00e4r hittar du RockShox Recon Silver-st\u00f6td\u00e4mpare, en p\u00e5litlig l\u00f6sning f\u00f6r b\u00e5de stigcykling och l\u00e5nglopp. [&hellip;]\" \/>\n<meta property=\"og:url\" content=\"https:\/\/www.detrailbikes.com\/sv\/framgaffel\/\" \/>\n<meta property=\"og:site_name\" content=\"Detrail Bikes\" \/>\n<meta property=\"article:modified_time\" content=\"2025-01-03T18:49:35+00:00\" \/>\n<meta property=\"og:image\" content=\"https:\/\/www.detrailbikes.com\/wp-content\/uploads\/2025\/01\/fs-sid-sel2-crn-29-sb-120-dfb-44-d1-c-front-v-e1735920258291.png\" \/>\n<meta name=\"twitter:card\" content=\"summary_large_image\" \/>\n<meta name=\"twitter:label1\" content=\"Ber\u00e4knad l\u00e4stid\" \/>\n\t<meta name=\"twitter:data1\" content=\"1 minut\" \/>\n<script type=\"application\/ld+json\" class=\"yoast-schema-graph\">{\"@context\":\"https:\/\/schema.org\",\"@graph\":[{\"@type\":\"WebPage\",\"@id\":\"https:\/\/www.detrailbikes.com\/sv\/framgaffel\/\",\"url\":\"https:\/\/www.detrailbikes.com\/sv\/framgaffel\/\",\"name\":\"framgaffel - Detrail Bikes\",\"isPartOf\":{\"@id\":\"https:\/\/www.detrailbikes.com\/sv\/#website\"},\"primaryImageOfPage\":{\"@id\":\"https:\/\/www.detrailbikes.com\/sv\/framgaffel\/#primaryimage\"},\"image\":{\"@id\":\"https:\/\/www.detrailbikes.com\/sv\/framgaffel\/#primaryimage\"},\"thumbnailUrl\":\"https:\/\/www.detrailbikes.com\/wp-content\/uploads\/2025\/01\/fs-sid-sel2-crn-29-sb-120-dfb-44-d1-c-front-v-e1735920258291.png\",\"datePublished\":\"2025-01-03T18:44:27+00:00\",\"dateModified\":\"2025-01-03T18:49:35+00:00\",\"breadcrumb\":{\"@id\":\"https:\/\/www.detrailbikes.com\/sv\/framgaffel\/#breadcrumb\"},\"inLanguage\":\"sv-SE\",\"potentialAction\":[{\"@type\":\"ReadAction\",\"target\":[\"https:\/\/www.detrailbikes.com\/sv\/framgaffel\/\"]}]},{\"@type\":\"ImageObject\",\"inLanguage\":\"sv-SE\",\"@id\":\"https:\/\/www.detrailbikes.com\/sv\/framgaffel\/#primaryimage\",\"url\":\"https:\/\/www.detrailbikes.com\/wp-content\/uploads\/2025\/01\/fs-sid-sel2-crn-29-sb-120-dfb-44-d1-c-front-v-e1735920258291.png\",\"contentUrl\":\"https:\/\/www.detrailbikes.com\/wp-content\/uploads\/2025\/01\/fs-sid-sel2-crn-29-sb-120-dfb-44-d1-c-front-v-e1735920258291.png\"},{\"@type\":\"BreadcrumbList\",\"@id\":\"https:\/\/www.detrailbikes.com\/sv\/framgaffel\/#breadcrumb\",\"itemListElement\":[{\"@type\":\"ListItem\",\"position\":1,\"name\":\"Home\",\"item\":\"https:\/\/www.detrailbikes.com\/sv\/\"},{\"@type\":\"ListItem\",\"position\":2,\"name\":\"framgaffel\"}]},{\"@type\":\"WebSite\",\"@id\":\"https:\/\/www.detrailbikes.com\/sv\/#website\",\"url\":\"https:\/\/www.detrailbikes.com\/sv\/\",\"name\":\"Detrail Bikes\",\"description\":\"\",\"publisher\":{\"@id\":\"https:\/\/www.detrailbikes.com\/sv\/#organization\"},\"potentialAction\":[{\"@type\":\"SearchAction\",\"target\":{\"@type\":\"EntryPoint\",\"urlTemplate\":\"https:\/\/www.detrailbikes.com\/sv\/?s={search_term_string}\"},\"query-input\":{\"@type\":\"PropertyValueSpecification\",\"valueRequired\":true,\"valueName\":\"search_term_string\"}}],\"inLanguage\":\"sv-SE\"},{\"@type\":\"Organization\",\"@id\":\"https:\/\/www.detrailbikes.com\/sv\/#organization\",\"name\":\"Detrail\",\"url\":\"https:\/\/www.detrailbikes.com\/sv\/\",\"logo\":{\"@type\":\"ImageObject\",\"inLanguage\":\"sv-SE\",\"@id\":\"https:\/\/www.detrailbikes.com\/sv\/#\/schema\/logo\/image\/\",\"url\":\"https:\/\/www.detrailbikes.com\/wp-content\/uploads\/2022\/04\/detrail-logo-horizontal-black.png\",\"contentUrl\":\"https:\/\/www.detrailbikes.com\/wp-content\/uploads\/2022\/04\/detrail-logo-horizontal-black.png\",\"width\":1266,\"height\":135,\"caption\":\"Detrail\"},\"image\":{\"@id\":\"https:\/\/www.detrailbikes.com\/sv\/#\/schema\/logo\/image\/\"},\"sameAs\":[\"https:\/\/www.instagram.com\/detrailbikes\/\"]}]}<\/script>\n<!-- \/ Yoast SEO plugin. -->","yoast_head_json":{"title":"framgaffel - Detrail Bikes","robots":{"index":"index","follow":"follow","max-snippet":"max-snippet:-1","max-image-preview":"max-image-preview:large","max-video-preview":"max-video-preview:-1"},"canonical":"https:\/\/www.detrailbikes.com\/sv\/framgaffel\/","og_locale":"sv_SE","og_type":"article","og_title":"framgaffel - Detrail Bikes","og_description":"ST\u00d6TD\u00c4MPAR ALTERNATIV Oavsett vilket alternativ du v\u00e4ljer f\u00e5r du en cykel med h\u00f6g kvalitet och p\u00e5litliga komponenter som lever upp till v\u00e5ra h\u00f6ga standarder. CORE Utformat f\u00f6r dig som vill ha en robust cykel med prestanda som r\u00e4cker f\u00f6r allsidig anv\u00e4ndning. H\u00e4r hittar du RockShox Recon Silver-st\u00f6td\u00e4mpare, en p\u00e5litlig l\u00f6sning f\u00f6r b\u00e5de stigcykling och l\u00e5nglopp. [&hellip;]","og_url":"https:\/\/www.detrailbikes.com\/sv\/framgaffel\/","og_site_name":"Detrail Bikes","article_modified_time":"2025-01-03T18:49:35+00:00","og_image":[{"url":"https:\/\/www.detrailbikes.com\/wp-content\/uploads\/2025\/01\/fs-sid-sel2-crn-29-sb-120-dfb-44-d1-c-front-v-e1735920258291.png","type":"","width":"","height":""}],"twitter_card":"summary_large_image","twitter_misc":{"Ber\u00e4knad l\u00e4stid":"1 minut"},"schema":{"@context":"https:\/\/schema.org","@graph":[{"@type":"WebPage","@id":"https:\/\/www.detrailbikes.com\/sv\/framgaffel\/","url":"https:\/\/www.detrailbikes.com\/sv\/framgaffel\/","name":"framgaffel - Detrail Bikes","isPartOf":{"@id":"https:\/\/www.detrailbikes.com\/sv\/#website"},"primaryImageOfPage":{"@id":"https:\/\/www.detrailbikes.com\/sv\/framgaffel\/#primaryimage"},"image":{"@id":"https:\/\/www.detrailbikes.com\/sv\/framgaffel\/#primaryimage"},"thumbnailUrl":"https:\/\/www.detrailbikes.com\/wp-content\/uploads\/2025\/01\/fs-sid-sel2-crn-29-sb-120-dfb-44-d1-c-front-v-e1735920258291.png","datePublished":"2025-01-03T18:44:27+00:00","dateModified":"2025-01-03T18:49:35+00:00","breadcrumb":{"@id":"https:\/\/www.detrailbikes.com\/sv\/framgaffel\/#breadcrumb"},"inLanguage":"sv-SE","potentialAction":[{"@type":"ReadAction","target":["https:\/\/www.detrailbikes.com\/sv\/framgaffel\/"]}]},{"@type":"ImageObject","inLanguage":"sv-SE","@id":"https:\/\/www.detrailbikes.com\/sv\/framgaffel\/#primaryimage","url":"https:\/\/www.detrailbikes.com\/wp-content\/uploads\/2025\/01\/fs-sid-sel2-crn-29-sb-120-dfb-44-d1-c-front-v-e1735920258291.png","contentUrl":"https:\/\/www.detrailbikes.com\/wp-content\/uploads\/2025\/01\/fs-sid-sel2-crn-29-sb-120-dfb-44-d1-c-front-v-e1735920258291.png"},{"@type":"BreadcrumbList","@id":"https:\/\/www.detrailbikes.com\/sv\/framgaffel\/#breadcrumb","itemListElement":[{"@type":"ListItem","position":1,"name":"Home","item":"https:\/\/www.detrailbikes.com\/sv\/"},{"@type":"ListItem","position":2,"name":"framgaffel"}]},{"@type":"WebSite","@id":"https:\/\/www.detrailbikes.com\/sv\/#website","url":"https:\/\/www.detrailbikes.com\/sv\/","name":"Detrail Bikes","description":"","publisher":{"@id":"https:\/\/www.detrailbikes.com\/sv\/#organization"},"potentialAction":[{"@type":"SearchAction","target":{"@type":"EntryPoint","urlTemplate":"https:\/\/www.detrailbikes.com\/sv\/?s={search_term_string}"},"query-input":{"@type":"PropertyValueSpecification","valueRequired":true,"valueName":"search_term_string"}}],"inLanguage":"sv-SE"},{"@type":"Organization","@id":"https:\/\/www.detrailbikes.com\/sv\/#organization","name":"Detrail","url":"https:\/\/www.detrailbikes.com\/sv\/","logo":{"@type":"ImageObject","inLanguage":"sv-SE","@id":"https:\/\/www.detrailbikes.com\/sv\/#\/schema\/logo\/image\/","url":"https:\/\/www.detrailbikes.com\/wp-content\/uploads\/2022\/04\/detrail-logo-horizontal-black.png","contentUrl":"https:\/\/www.detrailbikes.com\/wp-content\/uploads\/2022\/04\/detrail-logo-horizontal-black.png","width":1266,"height":135,"caption":"Detrail"},"image":{"@id":"https:\/\/www.detrailbikes.com\/sv\/#\/schema\/logo\/image\/"},"sameAs":["https:\/\/www.instagram.com\/detrailbikes\/"]}]}},"_links":{"self":[{"href":"https:\/\/www.detrailbikes.com\/sv\/wp-json\/wp\/v2\/pages\/21118","targetHints":{"allow":["GET"]}}],"collection":[{"href":"https:\/\/www.detrailbikes.com\/sv\/wp-json\/wp\/v2\/pages"}],"about":[{"href":"https:\/\/www.detrailbikes.com\/sv\/wp-json\/wp\/v2\/types\/page"}],"author":[{"embeddable":true,"href":"https:\/\/www.detrailbikes.com\/sv\/wp-json\/wp\/v2\/users\/2"}],"replies":[{"embeddable":true,"href":"https:\/\/www.detrailbikes.com\/sv\/wp-json\/wp\/v2\/comments?post=21118"}],"version-history":[{"count":1,"href":"https:\/\/www.detrailbikes.com\/sv\/wp-json\/wp\/v2\/pages\/21118\/revisions"}],"predecessor-version":[{"id":21119,"href":"https:\/\/www.detrailbikes.com\/sv\/wp-json\/wp\/v2\/pages\/21118\/revisions\/21119"}],"wp:attachment":[{"href":"https:\/\/www.detrailbikes.com\/sv\/wp-json\/wp\/v2\/media?parent=21118"}],"curies":[{"name":"wp","href":"https:\/\/api.w.org\/{rel}","templated":true}]}}