{"id":19224,"date":"2024-08-26T20:28:13","date_gmt":"2024-08-26T18:28:13","guid":{"rendered":"https:\/\/www.detrailbikes.com\/hunt\/"},"modified":"2024-08-26T20:44:02","modified_gmt":"2024-08-26T18:44:02","slug":"hunt","status":"publish","type":"page","link":"https:\/\/www.detrailbikes.com\/sv\/hunt\/","title":{"rendered":"HUNT HJUL"},"content":{"rendered":"\n<div class=\"hero&#x20;lw&#x20;lw--fw\" style=\"\">\n  <div class=\"hero__inner\">\n    <div class=\"hero__image\">\n        \n\n\n<div class=\"image&#x20;image--object-fit\">\n      <img fetchpriority=\"high\" decoding=\"async\" width=\"2560\" height=\"1708\" src=\"https:\/\/www.detrailbikes.com\/wp-content\/uploads\/2024\/08\/Hunt-Bike-Wheels-2927-scaled.jpg\" class=\"attachment- size-\" alt=\"\" loading=\"eager\" srcset=\"https:\/\/www.detrailbikes.com\/wp-content\/uploads\/2024\/08\/Hunt-Bike-Wheels-2927-scaled.jpg 2560w, https:\/\/www.detrailbikes.com\/wp-content\/uploads\/2024\/08\/Hunt-Bike-Wheels-2927-300x200.jpg 300w, https:\/\/www.detrailbikes.com\/wp-content\/uploads\/2024\/08\/Hunt-Bike-Wheels-2927-1024x683.jpg 1024w, https:\/\/www.detrailbikes.com\/wp-content\/uploads\/2024\/08\/Hunt-Bike-Wheels-2927-150x100.jpg 150w, https:\/\/www.detrailbikes.com\/wp-content\/uploads\/2024\/08\/Hunt-Bike-Wheels-2927-768x513.jpg 768w, https:\/\/www.detrailbikes.com\/wp-content\/uploads\/2024\/08\/Hunt-Bike-Wheels-2927-1536x1025.jpg 1536w, https:\/\/www.detrailbikes.com\/wp-content\/uploads\/2024\/08\/Hunt-Bike-Wheels-2927-2048x1367.jpg 2048w, https:\/\/www.detrailbikes.com\/wp-content\/uploads\/2024\/08\/Hunt-Bike-Wheels-2927-16x11.jpg 16w, https:\/\/www.detrailbikes.com\/wp-content\/uploads\/2024\/08\/Hunt-Bike-Wheels-2927-600x400.jpg 600w\" sizes=\"(max-width: 2560px) 100vw, 2560px\" \/>\n  <\/div>\n\n    <\/div>\n      <\/div>\n<\/div>\n<h1 class=\"wp-block-heading\">HJUL fr\u00e5n HUNT<\/h1>\n\n<p class=\"mc mc--l\">V\u00e4lj mellan hjulset i kolfiber eller aluminium, b\u00e5da kommer med 30mm f\u00e4lginnerbredd f\u00f6r optimalt d\u00e4ckst\u00f6d.<\/p>\n\n<div class=\"wp-block-columns lw lw--cntnt-pd\">\n<div class=\"wp-block-column lw lw--cntnt-pd bw\">\n<h2 class=\"wp-block-heading\">KOLFIBER<\/h2>\n\n\n\n<figure class=\"wp-block-image size-large lw lw--txt\"><img loading=\"lazy\" decoding=\"async\" width=\"1024\" height=\"683\" src=\"https:\/\/www.detrailbikes.com\/wp-content\/uploads\/2024\/08\/Hunt-Bike-Wheels-2930-1024x683.jpg\" alt=\"\" class=\"wp-image-19209\" srcset=\"https:\/\/www.detrailbikes.com\/wp-content\/uploads\/2024\/08\/Hunt-Bike-Wheels-2930-1024x683.jpg 1024w, https:\/\/www.detrailbikes.com\/wp-content\/uploads\/2024\/08\/Hunt-Bike-Wheels-2930-300x200.jpg 300w, https:\/\/www.detrailbikes.com\/wp-content\/uploads\/2024\/08\/Hunt-Bike-Wheels-2930-150x100.jpg 150w, https:\/\/www.detrailbikes.com\/wp-content\/uploads\/2024\/08\/Hunt-Bike-Wheels-2930-768x512.jpg 768w, https:\/\/www.detrailbikes.com\/wp-content\/uploads\/2024\/08\/Hunt-Bike-Wheels-2930-1536x1025.jpg 1536w, https:\/\/www.detrailbikes.com\/wp-content\/uploads\/2024\/08\/Hunt-Bike-Wheels-2930-2048x1367.jpg 2048w, https:\/\/www.detrailbikes.com\/wp-content\/uploads\/2024\/08\/Hunt-Bike-Wheels-2930-16x11.jpg 16w, https:\/\/www.detrailbikes.com\/wp-content\/uploads\/2024\/08\/Hunt-Bike-Wheels-2930-600x400.jpg 600w\" sizes=\"auto, (max-width: 1024px) 100vw, 1024px\" \/><\/figure>\n\n\n\n<p>Med en vikt p\u00e5 endast 1469g ger HUNT Proven-hjulsetet dig extra prestanda f\u00f6r att ta dig upp och ner f\u00f6r vilken MTB-led som helst p\u00e5 ett effektivt s\u00e4tt.<\/p>\n<\/div>\n\n\n\n<div class=\"wp-block-column lw lw--cntnt-pd bw\">\n<h2 class=\"wp-block-heading\">Aluminium<\/h2>\n\n\n\n<figure class=\"wp-block-image size-large lw lw--txt\"><img loading=\"lazy\" decoding=\"async\" width=\"1024\" height=\"684\" src=\"https:\/\/www.detrailbikes.com\/wp-content\/uploads\/2024\/08\/HUNT-TrailWide-MTB-Rim-1024x684.jpg\" alt=\"\" class=\"wp-image-19212\" srcset=\"https:\/\/www.detrailbikes.com\/wp-content\/uploads\/2024\/08\/HUNT-TrailWide-MTB-Rim-1024x684.jpg 1024w, https:\/\/www.detrailbikes.com\/wp-content\/uploads\/2024\/08\/HUNT-TrailWide-MTB-Rim-300x200.jpg 300w, https:\/\/www.detrailbikes.com\/wp-content\/uploads\/2024\/08\/HUNT-TrailWide-MTB-Rim-150x100.jpg 150w, https:\/\/www.detrailbikes.com\/wp-content\/uploads\/2024\/08\/HUNT-TrailWide-MTB-Rim-768x513.jpg 768w, https:\/\/www.detrailbikes.com\/wp-content\/uploads\/2024\/08\/HUNT-TrailWide-MTB-Rim-1536x1025.jpg 1536w, https:\/\/www.detrailbikes.com\/wp-content\/uploads\/2024\/08\/HUNT-TrailWide-MTB-Rim-16x11.jpg 16w, https:\/\/www.detrailbikes.com\/wp-content\/uploads\/2024\/08\/HUNT-TrailWide-MTB-Rim-600x401.jpg 600w, https:\/\/www.detrailbikes.com\/wp-content\/uploads\/2024\/08\/HUNT-TrailWide-MTB-Rim.jpg 2000w\" sizes=\"auto, (max-width: 1024px) 100vw, 1024px\" \/><\/figure>\n\n\n\n<p>Ett robust hjulset som \u00e4nd\u00e5 levererar l\u00e4tthet och effektivitet. Med en vikt p\u00e5 endast 1831g blir HUNT Trail Wide ett prisv\u00e4rt alternativ. <\/p>\n<\/div>\n<\/div>\n\n<div class=\"wp-block-columns lw lw--cntnt-pd\">\n<div class=\"wp-block-column lw lw--cntnt-pd bw\">\n<h2 class=\"wp-block-heading\">NAV<\/h2>\n\n\n\n<figure class=\"wp-block-image size-large lw lw--txt\"><img loading=\"lazy\" decoding=\"async\" width=\"1024\" height=\"683\" src=\"https:\/\/www.detrailbikes.com\/wp-content\/uploads\/2024\/08\/Hunt-Bike-Wheels-2932-1024x683.jpg\" alt=\"\" class=\"wp-image-19215\" srcset=\"https:\/\/www.detrailbikes.com\/wp-content\/uploads\/2024\/08\/Hunt-Bike-Wheels-2932-1024x683.jpg 1024w, https:\/\/www.detrailbikes.com\/wp-content\/uploads\/2024\/08\/Hunt-Bike-Wheels-2932-300x200.jpg 300w, https:\/\/www.detrailbikes.com\/wp-content\/uploads\/2024\/08\/Hunt-Bike-Wheels-2932-150x100.jpg 150w, https:\/\/www.detrailbikes.com\/wp-content\/uploads\/2024\/08\/Hunt-Bike-Wheels-2932-768x513.jpg 768w, https:\/\/www.detrailbikes.com\/wp-content\/uploads\/2024\/08\/Hunt-Bike-Wheels-2932-1536x1025.jpg 1536w, https:\/\/www.detrailbikes.com\/wp-content\/uploads\/2024\/08\/Hunt-Bike-Wheels-2932-2048x1367.jpg 2048w, https:\/\/www.detrailbikes.com\/wp-content\/uploads\/2024\/08\/Hunt-Bike-Wheels-2932-16x11.jpg 16w, https:\/\/www.detrailbikes.com\/wp-content\/uploads\/2024\/08\/Hunt-Bike-Wheels-2932-600x400.jpg 600w\" sizes=\"auto, (max-width: 1024px) 100vw, 1024px\" \/><\/figure>\n\n\n\n<p>Det snabba RapidEngage frihjulssystemet med en 5-graders ingreppsvinkel, samt anv\u00e4ndning av h\u00e5llbara material som 6069-T6 aluminium<\/p>\n<\/div>\n\n\n\n<div class=\"wp-block-column lw lw--cntnt-pd bw\">\n<h2 class=\"wp-block-heading\">Varf\u00f6r HUNT?<\/h2>\n\n\n\n<figure class=\"wp-block-image size-large lw lw--txt\"><img loading=\"lazy\" decoding=\"async\" width=\"1024\" height=\"684\" src=\"https:\/\/www.detrailbikes.com\/wp-content\/uploads\/2024\/08\/TrailWide-in-the-box-1024x684.jpg\" alt=\"\" class=\"wp-image-19218\" srcset=\"https:\/\/www.detrailbikes.com\/wp-content\/uploads\/2024\/08\/TrailWide-in-the-box-1024x684.jpg 1024w, https:\/\/www.detrailbikes.com\/wp-content\/uploads\/2024\/08\/TrailWide-in-the-box-300x200.jpg 300w, https:\/\/www.detrailbikes.com\/wp-content\/uploads\/2024\/08\/TrailWide-in-the-box-150x100.jpg 150w, https:\/\/www.detrailbikes.com\/wp-content\/uploads\/2024\/08\/TrailWide-in-the-box-768x513.jpg 768w, https:\/\/www.detrailbikes.com\/wp-content\/uploads\/2024\/08\/TrailWide-in-the-box-1536x1025.jpg 1536w, https:\/\/www.detrailbikes.com\/wp-content\/uploads\/2024\/08\/TrailWide-in-the-box-16x11.jpg 16w, https:\/\/www.detrailbikes.com\/wp-content\/uploads\/2024\/08\/TrailWide-in-the-box-600x401.jpg 600w, https:\/\/www.detrailbikes.com\/wp-content\/uploads\/2024\/08\/TrailWide-in-the-box.jpg 2000w\" sizes=\"auto, (max-width: 1024px) 100vw, 1024px\" \/><\/figure>\n\n\n\n<p>Hunts cykelhjul utm\u00e4rker sig genom sin avancerade materialanv\u00e4ndning och tekniska innovationer. Dessa egenskaper har gjort att Hunt\u00b4s hjul vunnit otaliga priser n\u00e4r pressen testar hjul fr\u00e5n olika tillverkare.<\/p>\n<\/div>\n<\/div>\n","protected":false},"excerpt":{"rendered":"<p>HJUL fr\u00e5n HUNT V\u00e4lj mellan hjulset i kolfiber eller aluminium, b\u00e5da kommer med 30mm f\u00e4lginnerbredd f\u00f6r optimalt d\u00e4ckst\u00f6d. KOLFIBER Med en vikt p\u00e5 endast 1469g ger HUNT Proven-hjulsetet dig extra prestanda f\u00f6r att ta dig upp och ner f\u00f6r vilken MTB-led som helst p\u00e5 ett effektivt s\u00e4tt. Aluminium Ett robust hjulset som \u00e4nd\u00e5 levererar l\u00e4tthet [&hellip;]<\/p>\n","protected":false},"author":2,"featured_media":0,"parent":0,"menu_order":0,"comment_status":"closed","ping_status":"closed","template":"","meta":{"_acf_changed":false,"footnotes":""},"class_list":["post-19224","page","type-page","status-publish","hentry"],"acf":[],"yoast_head":"<!-- This site is optimized with the Yoast SEO plugin v27.2 - https:\/\/yoast.com\/product\/yoast-seo-wordpress\/ -->\n<title>HUNT HJUL - Detrail Bikes<\/title>\n<meta name=\"robots\" content=\"index, follow, max-snippet:-1, max-image-preview:large, max-video-preview:-1\" \/>\n<link rel=\"canonical\" href=\"https:\/\/www.detrailbikes.com\/sv\/hunt\/\" \/>\n<meta property=\"og:locale\" content=\"sv_SE\" \/>\n<meta property=\"og:type\" content=\"article\" \/>\n<meta property=\"og:title\" content=\"HUNT HJUL - Detrail Bikes\" \/>\n<meta property=\"og:description\" content=\"HJUL fr\u00e5n HUNT V\u00e4lj mellan hjulset i kolfiber eller aluminium, b\u00e5da kommer med 30mm f\u00e4lginnerbredd f\u00f6r optimalt d\u00e4ckst\u00f6d. KOLFIBER Med en vikt p\u00e5 endast 1469g ger HUNT Proven-hjulsetet dig extra prestanda f\u00f6r att ta dig upp och ner f\u00f6r vilken MTB-led som helst p\u00e5 ett effektivt s\u00e4tt. Aluminium Ett robust hjulset som \u00e4nd\u00e5 levererar l\u00e4tthet [&hellip;]\" \/>\n<meta property=\"og:url\" content=\"https:\/\/www.detrailbikes.com\/sv\/hunt\/\" \/>\n<meta property=\"og:site_name\" content=\"Detrail Bikes\" \/>\n<meta property=\"article:modified_time\" content=\"2024-08-26T18:44:02+00:00\" \/>\n<meta property=\"og:image\" content=\"https:\/\/www.detrailbikes.com\/wp-content\/uploads\/2024\/08\/Hunt-Bike-Wheels-2930-1024x683.jpg\" \/>\n<meta name=\"twitter:card\" content=\"summary_large_image\" \/>\n<meta name=\"twitter:label1\" content=\"Ber\u00e4knad l\u00e4stid\" \/>\n\t<meta name=\"twitter:data1\" content=\"1 minut\" \/>\n<script type=\"application\/ld+json\" class=\"yoast-schema-graph\">{\"@context\":\"https:\/\/schema.org\",\"@graph\":[{\"@type\":\"WebPage\",\"@id\":\"https:\/\/www.detrailbikes.com\/sv\/hunt\/\",\"url\":\"https:\/\/www.detrailbikes.com\/sv\/hunt\/\",\"name\":\"HUNT HJUL - Detrail Bikes\",\"isPartOf\":{\"@id\":\"https:\/\/www.detrailbikes.com\/sv\/#website\"},\"primaryImageOfPage\":{\"@id\":\"https:\/\/www.detrailbikes.com\/sv\/hunt\/#primaryimage\"},\"image\":{\"@id\":\"https:\/\/www.detrailbikes.com\/sv\/hunt\/#primaryimage\"},\"thumbnailUrl\":\"https:\/\/www.detrailbikes.com\/wp-content\/uploads\/2024\/08\/Hunt-Bike-Wheels-2930-1024x683.jpg\",\"datePublished\":\"2024-08-26T18:28:13+00:00\",\"dateModified\":\"2024-08-26T18:44:02+00:00\",\"breadcrumb\":{\"@id\":\"https:\/\/www.detrailbikes.com\/sv\/hunt\/#breadcrumb\"},\"inLanguage\":\"sv-SE\",\"potentialAction\":[{\"@type\":\"ReadAction\",\"target\":[\"https:\/\/www.detrailbikes.com\/sv\/hunt\/\"]}]},{\"@type\":\"ImageObject\",\"inLanguage\":\"sv-SE\",\"@id\":\"https:\/\/www.detrailbikes.com\/sv\/hunt\/#primaryimage\",\"url\":\"https:\/\/www.detrailbikes.com\/wp-content\/uploads\/2024\/08\/Hunt-Bike-Wheels-2930-1024x683.jpg\",\"contentUrl\":\"https:\/\/www.detrailbikes.com\/wp-content\/uploads\/2024\/08\/Hunt-Bike-Wheels-2930-1024x683.jpg\"},{\"@type\":\"BreadcrumbList\",\"@id\":\"https:\/\/www.detrailbikes.com\/sv\/hunt\/#breadcrumb\",\"itemListElement\":[{\"@type\":\"ListItem\",\"position\":1,\"name\":\"Home\",\"item\":\"https:\/\/www.detrailbikes.com\/sv\/\"},{\"@type\":\"ListItem\",\"position\":2,\"name\":\"HUNT HJUL\"}]},{\"@type\":\"WebSite\",\"@id\":\"https:\/\/www.detrailbikes.com\/sv\/#website\",\"url\":\"https:\/\/www.detrailbikes.com\/sv\/\",\"name\":\"Detrail Bikes\",\"description\":\"\",\"publisher\":{\"@id\":\"https:\/\/www.detrailbikes.com\/sv\/#organization\"},\"potentialAction\":[{\"@type\":\"SearchAction\",\"target\":{\"@type\":\"EntryPoint\",\"urlTemplate\":\"https:\/\/www.detrailbikes.com\/sv\/?s={search_term_string}\"},\"query-input\":{\"@type\":\"PropertyValueSpecification\",\"valueRequired\":true,\"valueName\":\"search_term_string\"}}],\"inLanguage\":\"sv-SE\"},{\"@type\":\"Organization\",\"@id\":\"https:\/\/www.detrailbikes.com\/sv\/#organization\",\"name\":\"Detrail\",\"url\":\"https:\/\/www.detrailbikes.com\/sv\/\",\"logo\":{\"@type\":\"ImageObject\",\"inLanguage\":\"sv-SE\",\"@id\":\"https:\/\/www.detrailbikes.com\/sv\/#\/schema\/logo\/image\/\",\"url\":\"https:\/\/www.detrailbikes.com\/wp-content\/uploads\/2022\/04\/detrail-logo-horizontal-black.png\",\"contentUrl\":\"https:\/\/www.detrailbikes.com\/wp-content\/uploads\/2022\/04\/detrail-logo-horizontal-black.png\",\"width\":1266,\"height\":135,\"caption\":\"Detrail\"},\"image\":{\"@id\":\"https:\/\/www.detrailbikes.com\/sv\/#\/schema\/logo\/image\/\"},\"sameAs\":[\"https:\/\/www.instagram.com\/detrailbikes\/\"]}]}<\/script>\n<!-- \/ Yoast SEO plugin. -->","yoast_head_json":{"title":"HUNT HJUL - Detrail Bikes","robots":{"index":"index","follow":"follow","max-snippet":"max-snippet:-1","max-image-preview":"max-image-preview:large","max-video-preview":"max-video-preview:-1"},"canonical":"https:\/\/www.detrailbikes.com\/sv\/hunt\/","og_locale":"sv_SE","og_type":"article","og_title":"HUNT HJUL - Detrail Bikes","og_description":"HJUL fr\u00e5n HUNT V\u00e4lj mellan hjulset i kolfiber eller aluminium, b\u00e5da kommer med 30mm f\u00e4lginnerbredd f\u00f6r optimalt d\u00e4ckst\u00f6d. KOLFIBER Med en vikt p\u00e5 endast 1469g ger HUNT Proven-hjulsetet dig extra prestanda f\u00f6r att ta dig upp och ner f\u00f6r vilken MTB-led som helst p\u00e5 ett effektivt s\u00e4tt. Aluminium Ett robust hjulset som \u00e4nd\u00e5 levererar l\u00e4tthet [&hellip;]","og_url":"https:\/\/www.detrailbikes.com\/sv\/hunt\/","og_site_name":"Detrail Bikes","article_modified_time":"2024-08-26T18:44:02+00:00","og_image":[{"url":"https:\/\/www.detrailbikes.com\/wp-content\/uploads\/2024\/08\/Hunt-Bike-Wheels-2930-1024x683.jpg","type":"","width":"","height":""}],"twitter_card":"summary_large_image","twitter_misc":{"Ber\u00e4knad l\u00e4stid":"1 minut"},"schema":{"@context":"https:\/\/schema.org","@graph":[{"@type":"WebPage","@id":"https:\/\/www.detrailbikes.com\/sv\/hunt\/","url":"https:\/\/www.detrailbikes.com\/sv\/hunt\/","name":"HUNT HJUL - Detrail Bikes","isPartOf":{"@id":"https:\/\/www.detrailbikes.com\/sv\/#website"},"primaryImageOfPage":{"@id":"https:\/\/www.detrailbikes.com\/sv\/hunt\/#primaryimage"},"image":{"@id":"https:\/\/www.detrailbikes.com\/sv\/hunt\/#primaryimage"},"thumbnailUrl":"https:\/\/www.detrailbikes.com\/wp-content\/uploads\/2024\/08\/Hunt-Bike-Wheels-2930-1024x683.jpg","datePublished":"2024-08-26T18:28:13+00:00","dateModified":"2024-08-26T18:44:02+00:00","breadcrumb":{"@id":"https:\/\/www.detrailbikes.com\/sv\/hunt\/#breadcrumb"},"inLanguage":"sv-SE","potentialAction":[{"@type":"ReadAction","target":["https:\/\/www.detrailbikes.com\/sv\/hunt\/"]}]},{"@type":"ImageObject","inLanguage":"sv-SE","@id":"https:\/\/www.detrailbikes.com\/sv\/hunt\/#primaryimage","url":"https:\/\/www.detrailbikes.com\/wp-content\/uploads\/2024\/08\/Hunt-Bike-Wheels-2930-1024x683.jpg","contentUrl":"https:\/\/www.detrailbikes.com\/wp-content\/uploads\/2024\/08\/Hunt-Bike-Wheels-2930-1024x683.jpg"},{"@type":"BreadcrumbList","@id":"https:\/\/www.detrailbikes.com\/sv\/hunt\/#breadcrumb","itemListElement":[{"@type":"ListItem","position":1,"name":"Home","item":"https:\/\/www.detrailbikes.com\/sv\/"},{"@type":"ListItem","position":2,"name":"HUNT HJUL"}]},{"@type":"WebSite","@id":"https:\/\/www.detrailbikes.com\/sv\/#website","url":"https:\/\/www.detrailbikes.com\/sv\/","name":"Detrail Bikes","description":"","publisher":{"@id":"https:\/\/www.detrailbikes.com\/sv\/#organization"},"potentialAction":[{"@type":"SearchAction","target":{"@type":"EntryPoint","urlTemplate":"https:\/\/www.detrailbikes.com\/sv\/?s={search_term_string}"},"query-input":{"@type":"PropertyValueSpecification","valueRequired":true,"valueName":"search_term_string"}}],"inLanguage":"sv-SE"},{"@type":"Organization","@id":"https:\/\/www.detrailbikes.com\/sv\/#organization","name":"Detrail","url":"https:\/\/www.detrailbikes.com\/sv\/","logo":{"@type":"ImageObject","inLanguage":"sv-SE","@id":"https:\/\/www.detrailbikes.com\/sv\/#\/schema\/logo\/image\/","url":"https:\/\/www.detrailbikes.com\/wp-content\/uploads\/2022\/04\/detrail-logo-horizontal-black.png","contentUrl":"https:\/\/www.detrailbikes.com\/wp-content\/uploads\/2022\/04\/detrail-logo-horizontal-black.png","width":1266,"height":135,"caption":"Detrail"},"image":{"@id":"https:\/\/www.detrailbikes.com\/sv\/#\/schema\/logo\/image\/"},"sameAs":["https:\/\/www.instagram.com\/detrailbikes\/"]}]}},"_links":{"self":[{"href":"https:\/\/www.detrailbikes.com\/sv\/wp-json\/wp\/v2\/pages\/19224","targetHints":{"allow":["GET"]}}],"collection":[{"href":"https:\/\/www.detrailbikes.com\/sv\/wp-json\/wp\/v2\/pages"}],"about":[{"href":"https:\/\/www.detrailbikes.com\/sv\/wp-json\/wp\/v2\/types\/page"}],"author":[{"embeddable":true,"href":"https:\/\/www.detrailbikes.com\/sv\/wp-json\/wp\/v2\/users\/2"}],"replies":[{"embeddable":true,"href":"https:\/\/www.detrailbikes.com\/sv\/wp-json\/wp\/v2\/comments?post=19224"}],"version-history":[{"count":4,"href":"https:\/\/www.detrailbikes.com\/sv\/wp-json\/wp\/v2\/pages\/19224\/revisions"}],"predecessor-version":[{"id":19230,"href":"https:\/\/www.detrailbikes.com\/sv\/wp-json\/wp\/v2\/pages\/19224\/revisions\/19230"}],"wp:attachment":[{"href":"https:\/\/www.detrailbikes.com\/sv\/wp-json\/wp\/v2\/media?parent=19224"}],"curies":[{"name":"wp","href":"https:\/\/api.w.org\/{rel}","templated":true}]}}