{"id":17842,"date":"2024-02-23T11:34:14","date_gmt":"2024-02-23T10:34:14","guid":{"rendered":"https:\/\/www.detrailbikes.com\/?page_id=17842"},"modified":"2024-10-25T15:16:57","modified_gmt":"2024-10-25T13:16:57","slug":"detrail-vs-trek-fuel-ex-7","status":"publish","type":"page","link":"https:\/\/www.detrailbikes.com\/sv\/detrail-vs-trek-fuel-ex-7\/","title":{"rendered":"Detrail vs. trek fuel ex 7"},"content":{"rendered":"\n<div class=\"hero&#x20;mc&#x20;mc--xl&#x20;lw&#x20;lw--fw&#x20;hero--use-overlay\" style=\"--hero-overlay-opacity&#x3A;&#x20;0.12&#x3B;\">\n  <div class=\"hero__inner\">\n    <div class=\"hero__image\">\n        \n\n\n<div class=\"image&#x20;image--object-fit\" style=\"--center-of-interest&#x3A;&#x20;70&#x25;&#x20;50&#x25;&#x3B;\">\n      <img fetchpriority=\"high\" decoding=\"async\" width=\"2000\" height=\"1333\" src=\"https:\/\/www.detrailbikes.com\/wp-content\/uploads\/2023\/04\/hero-stig-135.jpg\" class=\"attachment- size-\" alt=\"\" loading=\"eager\" srcset=\"https:\/\/www.detrailbikes.com\/wp-content\/uploads\/2023\/04\/hero-stig-135.jpg 2000w, https:\/\/www.detrailbikes.com\/wp-content\/uploads\/2023\/04\/hero-stig-135-300x200.jpg 300w, https:\/\/www.detrailbikes.com\/wp-content\/uploads\/2023\/04\/hero-stig-135-1024x682.jpg 1024w, https:\/\/www.detrailbikes.com\/wp-content\/uploads\/2023\/04\/hero-stig-135-150x100.jpg 150w, https:\/\/www.detrailbikes.com\/wp-content\/uploads\/2023\/04\/hero-stig-135-768x512.jpg 768w, https:\/\/www.detrailbikes.com\/wp-content\/uploads\/2023\/04\/hero-stig-135-1536x1024.jpg 1536w, https:\/\/www.detrailbikes.com\/wp-content\/uploads\/2023\/04\/hero-stig-135-16x11.jpg 16w, https:\/\/www.detrailbikes.com\/wp-content\/uploads\/2023\/04\/hero-stig-135-600x400.jpg 600w\" sizes=\"(max-width: 2000px) 100vw, 2000px\" \/>\n  <\/div>\n\n    <\/div>\n          <div class=\"hero__content\">\n        <div class=\"hero__content-inner bw color-theme-white\">\n          \n\n<h2 class=\"wp-block-heading\">detrail vs. FUEL EX 7  <\/h2>\n\n\n        <\/div>\n      <\/div>\n      <\/div>\n<\/div>\n\n\n<h2 class=\"wp-block-heading\">Svenskt alternativ till Trek fuel ex 7<\/h2>\n\n\n\n<p>Detrail har som uppgift att maximera din k\u00e4nsla p\u00e5 stigen. Vi g\u00f6r det genom att handplocka och produktutveckla f\u00f6r den svenska naturen. Noga utvalda komponenter testas och matchas ihop med cykelramar med modern geometri f\u00f6r att skapa b\u00e4sta f\u00f6ruts\u00e4ttningarna f\u00f6r dig.<\/p>\n\n\n\n<p><\/p>\n\n\n\n<div class=\"wp-block-columns lw lw--cntnt-pd\">\n<div class=\"wp-block-column lw lw--cntnt-pd bw\">\n<figure class=\"wp-block-image size-large is-resized mc mc--l lw lw--txt\"><img loading=\"lazy\" decoding=\"async\" width=\"1024\" height=\"576\" src=\"https:\/\/www.detrailbikes.com\/wp-content\/uploads\/2023\/06\/S135-SMP-S3D1B3-C-1-1024x576.jpg\" alt=\"\" class=\"wp-image-11231\" srcset=\"https:\/\/www.detrailbikes.com\/wp-content\/uploads\/2023\/06\/S135-SMP-S3D1B3-C-1-1024x576.jpg 1024w, https:\/\/www.detrailbikes.com\/wp-content\/uploads\/2023\/06\/S135-SMP-S3D1B3-C-1-300x169.jpg 300w, https:\/\/www.detrailbikes.com\/wp-content\/uploads\/2023\/06\/S135-SMP-S3D1B3-C-1-150x84.jpg 150w, https:\/\/www.detrailbikes.com\/wp-content\/uploads\/2023\/06\/S135-SMP-S3D1B3-C-1-768x432.jpg 768w, https:\/\/www.detrailbikes.com\/wp-content\/uploads\/2023\/06\/S135-SMP-S3D1B3-C-1-1536x864.jpg 1536w, https:\/\/www.detrailbikes.com\/wp-content\/uploads\/2023\/06\/S135-SMP-S3D1B3-C-1-16x9.jpg 16w, https:\/\/www.detrailbikes.com\/wp-content\/uploads\/2023\/06\/S135-SMP-S3D1B3-C-1-600x338.jpg 600w, https:\/\/www.detrailbikes.com\/wp-content\/uploads\/2023\/06\/S135-SMP-S3D1B3-C-1.jpg 1920w\" sizes=\"auto, (max-width: 1024px) 100vw, 1024px\" \/><\/figure>\n\n\n\n<h2 class=\"wp-block-heading\">stig 135 vs. fuel EX 7<\/h2>\n\n\n\n<p>H\u00e4r nedan j\u00e4mf\u00f6r vi modellerna  STIG 135 mot Fuel EX 7 och vi har valt highlighta omr\u00e5den som gaffelvinkel, r\u00e4ckvidd och slagl\u00e4ng p\u00e5 st\u00f6td\u00e4mparna. L\u00e4ngre ned p\u00e5 sidan j\u00e4mf\u00f6r vi Detrail med Trek. <\/p>\n\n\n\n<p>Vi har valt att inte g\u00e5 in och j\u00e4mf\u00f6ra modell f\u00f6r modell p\u00e5 komponentniv\u00e5 helt enkelt f\u00f6r att cyklarna inte har exakt samma komponenter rakt igenom. Men d\u00e5 Detrail s\u00e4ljer direkt till dig utan mellanh\u00e4nder s\u00e5 f\u00e5r du alltid b\u00e4ttre komponenter \u00e4n p\u00e5 en Trek Fuel EX 7 i samma prisklass. <\/p>\n\n\n\n<p>Detrail erbjuder i dagsl\u00e4get enbart cyklar tillverkade av kolfiber f\u00f6r b\u00e4sta balansen mellan vikt och prestanda. Trek Fuel EX finns b\u00e5de i aluminium och kolfiber varianter. Fuel EX 7 tillverkas i aluminium medan andra Fuel EX tillverkas i kolfiber.<\/p>\n\n\n\n\n\n<div class=\"btn-group&#x20;lw&#x20;lw--txt&#x20;aligncenter\">\n  <div class=\"btn-group__inner\">\n                  \n\n<a class=\"btn&#x20;btn--solid&#x20;btn--color-text\" href=\"https&#x3A;&#x2F;&#x2F;www.detrailbikes.com&#x2F;sv&#x2F;stig-135&#x2F;\" target=\"\">\n  <span>G\u00c5 DIREKT TILL STIG 135<\/span>\n  <\/a>\n            <\/div>\n<\/div><\/div>\n\n\n\n<div class=\"wp-block-column lw lw--cntnt-pd bw\">\n<figure class=\"wp-block-image size-large mc mc--m lw lw--txt\"><img loading=\"lazy\" decoding=\"async\" width=\"1024\" height=\"602\" src=\"https:\/\/www.detrailbikes.com\/wp-content\/uploads\/2023\/08\/STIG135_final2-1024x602.png\" alt=\"\" class=\"wp-image-12646\" srcset=\"https:\/\/www.detrailbikes.com\/wp-content\/uploads\/2023\/08\/STIG135_final2-1024x602.png 1024w, https:\/\/www.detrailbikes.com\/wp-content\/uploads\/2023\/08\/STIG135_final2-300x176.png 300w, https:\/\/www.detrailbikes.com\/wp-content\/uploads\/2023\/08\/STIG135_final2-150x88.png 150w, https:\/\/www.detrailbikes.com\/wp-content\/uploads\/2023\/08\/STIG135_final2-768x452.png 768w, https:\/\/www.detrailbikes.com\/wp-content\/uploads\/2023\/08\/STIG135_final2-16x9.png 16w, https:\/\/www.detrailbikes.com\/wp-content\/uploads\/2023\/08\/STIG135_final2-600x353.png 600w, https:\/\/www.detrailbikes.com\/wp-content\/uploads\/2023\/08\/STIG135_final2.png 1348w\" sizes=\"auto, (max-width: 1024px) 100vw, 1024px\" \/><\/figure>\n\n\n\n<h2 class=\"wp-block-heading mc mc--none\">Gaffelvinkel<\/h2>\n\n\n\n<div class=\"specifications&#x20;lw&#x20;lw--cntnt-pd\">\n  <div class=\"specifications__inner\">\n    <div class=\"specifications__heading-wrapper\">\n      <h3 class=\"specifications__heading\" id=\"specifications-0-\">\n        \n      <\/h3>\n          <\/div>\n    <dl class=\"specifications__dl bw\" aria-labelledby=\"specifications-0-\">\n              \n<div class=\"specification-item&#x20;mc&#x20;mc--m\">\n  <div class=\"specification-item__inner\">\n    <dt>\n      Fuel EX 7\n    <\/dt>\n    <dd class=\"bw\"><p>64,5\u00b0 vid standardinst\u00e4llning  <\/p>\n<\/dd>\n  <\/div>\n<\/div>\n              \n<div class=\"specification-item&#x20;mc&#x20;mc--m\">\n  <div class=\"specification-item__inner\">\n    <dt>\n      STIG 135\n    <\/dt>\n    <dd class=\"bw\"><p>65\u00b0<\/p>\n<\/dd>\n  <\/div>\n<\/div>\n          <\/dl>\n  <\/div>\n<\/div>\n\n\n<h2 class=\"wp-block-heading mc mc--none\">Slagl\u00e4ngd  <\/h2>\n\n\n\n<div class=\"specifications&#x20;lw&#x20;lw--cntnt-pd\">\n  <div class=\"specifications__inner\">\n    <div class=\"specifications__heading-wrapper\">\n      <h3 class=\"specifications__heading\" id=\"specifications-1-\">\n        \n      <\/h3>\n          <\/div>\n    <dl class=\"specifications__dl bw\" aria-labelledby=\"specifications-1-\">\n              \n<div class=\"specification-item&#x20;mc&#x20;mc--m\">\n  <div class=\"specification-item__inner\">\n    <dt>\n      Fuel EX 7\n    <\/dt>\n    <dd class=\"bw\"><p>150mm fram, 140mm bak<\/p>\n<\/dd>\n  <\/div>\n<\/div>\n              \n<div class=\"specification-item&#x20;mc&#x20;mc--m\">\n  <div class=\"specification-item__inner\">\n    <dt>\n      STIG 135\n    <\/dt>\n    <dd class=\"bw\"><p>140mm\/150mm fram, 135mm bak<\/p>\n<\/dd>\n  <\/div>\n<\/div>\n          <\/dl>\n  <\/div>\n<\/div>\n\n\n<h2 class=\"wp-block-heading mc mc--none\">R\u00e4ckvidd  <\/h2>\n\n\n\n<div class=\"specifications&#x20;lw&#x20;lw--cntnt-pd\">\n  <div class=\"specifications__inner\">\n    <div class=\"specifications__heading-wrapper\">\n      <h3 class=\"specifications__heading\" id=\"specifications-2-\">\n        \n      <\/h3>\n          <\/div>\n    <dl class=\"specifications__dl bw\" aria-labelledby=\"specifications-2-\">\n              \n<div class=\"specification-item&#x20;mc&#x20;mc--m\">\n  <div class=\"specification-item__inner\">\n    <dt>\n      Fuel EX 7\n    <\/dt>\n    <dd class=\"bw\"><p>S 43cm, M 45cm, M\/L 47cm, L 48,5cm, XL 51,5cm, XXL 54,5cm<\/p>\n<\/dd>\n  <\/div>\n<\/div>\n              \n<div class=\"specification-item&#x20;mc&#x20;mc--m\">\n  <div class=\"specification-item__inner\">\n    <dt>\n      STIG 135\n    <\/dt>\n    <dd class=\"bw\"><p>S\/M 44,5, M\/L 46,7, L\/XL 49cm,<\/p>\n<\/dd>\n  <\/div>\n<\/div>\n          <\/dl>\n  <\/div>\n<\/div><\/div>\n<\/div>\n\n\n\n<h2 class=\"wp-block-heading has-text-align-left mc mc--xl lw lw--txt\"><strong>H\u00e4r j\u00e4mf\u00f6r vi DETRAIL med TREk<\/strong><\/h2>\n\n\n\n<h3 class=\"wp-block-heading has-text-align-left mc mc--m lw lw--txt\">F\u00f6rdelar med att handla cykel fr\u00e5n Trek<\/h3>\n\n\n\n<p>&gt; Stort och globalt f\u00f6retag med l\u00e5ng erfarenhet och ett v\u00e4lk\u00e4nt varum\u00e4rke.<\/p>\n\n\n\n<p>&gt; \u00c5terf\u00f6rs\u00e4ljarn\u00e4t som erbjuder service och f\u00f6rs\u00e4ljning.<\/p>\n\n\n\n<p class=\"mc mc--l\">&gt; Cykelteam med v\u00e4lk\u00e4nda proffs som marknadsf\u00f6r varum\u00e4rket mot konsumenten.<\/p>\n\n\n\n<h3 class=\"wp-block-heading mc mc--m\">F\u00f6rdelar med att handla cykel fr\u00e5n DETRAIL<\/h3>\n\n\n\n<p>&gt; Litet och nischat f\u00f6retag som produktutvecklar f\u00f6r den nordiska naturen med en tydlig skandinavisk touch..<\/p>\n\n\n\n<p>&gt; M\u00f6jlighet att direkt kontakta personen som byggt din cykel f\u00f6r tips och tricks..<\/p>\n\n\n\n<p>&gt; Enbart cykelramar i kolfiber f\u00f6r b\u00e4sta balansen mellan vikt och prestanda.<\/p>\n\n\n\n<p>&gt; Serva din cykel d\u00e4r du bor (Vi lagerf\u00f6r samtliga reservdelar till Detrails produkter och anv\u00e4nder enbart komponenter fr\u00e5n v\u00e4lk\u00e4nda varum\u00e4rken vilket g\u00f6r det enkelt f\u00f6r andra att serva din cykel)<\/p>\n\n\n\n<p class=\"mc mc--xl\">&gt; S\u00e4ljer direkt till dig utan mellanh\u00e4nder vilket g\u00f6r att du f\u00e5r mer cykel f\u00f6r pengarna.<\/p>\n\n\n\n\n\n<div class=\"btn-group&#x20;lw&#x20;lw--txt&#x20;aligncenter\">\n  <div class=\"btn-group__inner\">\n                  \n\n<a class=\"btn&#x20;btn--solid&#x20;btn--color-text\" href=\"https&#x3A;&#x2F;&#x2F;www.detrailbikes.com&#x2F;sv&#x2F;stig-135&#x2F;\" target=\"\">\n  <span>G\u00c5 TILL LANDNINGSSIDAN F\u00d6R STIG 135 <\/span>\n  <\/a>\n            <\/div>\n<\/div>\n\n<div class=\"hammer&#x20;is-style-head-right&#x20;lw&#x20;lw--cntnt-pd\">\n  <div class=\"hammer__inner\">\n    <div class=\"hammer__head\">\n      <div class=\"hammer__image\">\n          \n\n\n<div class=\"image&#x20;image--object-fit\">\n      <img width=\"1852\" height=\"1055\" data-src=\"https:\/\/www.detrailbikes.com\/wp-content\/uploads\/2023\/12\/650c0fad987aa.jpeg\" class=\"lazyload\" alt=\"\" data-sizes=\"auto\" data-srcset=\"https:\/\/www.detrailbikes.com\/wp-content\/uploads\/2023\/12\/650c0fad987aa.jpeg 1852w, https:\/\/www.detrailbikes.com\/wp-content\/uploads\/2023\/12\/650c0fad987aa-300x171.jpeg 300w, https:\/\/www.detrailbikes.com\/wp-content\/uploads\/2023\/12\/650c0fad987aa-1024x583.jpeg 1024w, https:\/\/www.detrailbikes.com\/wp-content\/uploads\/2023\/12\/650c0fad987aa-150x85.jpeg 150w, https:\/\/www.detrailbikes.com\/wp-content\/uploads\/2023\/12\/650c0fad987aa-768x437.jpeg 768w, https:\/\/www.detrailbikes.com\/wp-content\/uploads\/2023\/12\/650c0fad987aa-1536x875.jpeg 1536w, https:\/\/www.detrailbikes.com\/wp-content\/uploads\/2023\/12\/650c0fad987aa-16x9.jpeg 16w, https:\/\/www.detrailbikes.com\/wp-content\/uploads\/2023\/12\/650c0fad987aa-600x342.jpeg 600w\" \/>\n  <\/div>\n\n      <\/div>\n    <\/div>\n    <div class=\"hammer__handle\">\n      <div class=\"hammer__content bw\">\n        \n\n<h2 class=\"wp-block-heading\"><strong>Toppbetyg 5 av 5 <\/strong><\/h2>\n\n\n\n<p>Finlands ledande cykeltidning, Fillari (nr. 4\/2023) och deras cykeltestare, Jukka&nbsp;M\u00e4ennen\u00e4, l\u00e5ngtestar STIG 135. Han s\u00e4ger bland annat:  &#8221;En trailcykel i sin renaste form Stig 135 \u00e4r som en prototyp av en modern trailcykel. Den har en l\u00e5ng, men inte extremt utdragen geometri, avslappnade vinkelm\u00e5tt och en helhetsk\u00e4nsla som \u00e4r genomarbetad.&#8221; \n&#8221;I sitt element n\u00e4stan \u00f6verallt. Redan de f\u00f6rsta trampslagen ger en tydlig indikation p\u00e5 Stigs karakt\u00e4r. Cykeln reagerar effektivt p\u00e5 pedaltryck.&#8221;<\/p>\n\n\n\n<p>&#8221;Sammanfattningsvis \u00e4r Stig 135 extremt balanserad och kanske till och med det b\u00e4sta som har korsat min v\u00e4g p\u00e5 denna sida. Nedf\u00f6r utg\u00f6r inget omr\u00e5de eller komponent n\u00e5gon begr\u00e4nsning eller flaskhals f\u00f6r prestanda.&#8221;\n\n&#8221;En stark helhet, Detrail lyckas fullt ut med sitt l\u00f6fte om n\u00f6je med Stig 135-modellen.&#8221;\n\n&#8221;I sin presentation av en modern terr\u00e4ngcykel f\u00e5r Stig 135 femstj\u00e4rnor eller tre kronor- vilket uttryck du \u00e4n vill anv\u00e4nda.&#8221;<\/p>\n\n\n      <\/div>\n    <\/div>\n  <\/div>\n<\/div>","protected":false},"excerpt":{"rendered":"<p>Svenskt alternativ till Trek fuel ex 7 Detrail har som uppgift att maximera din k\u00e4nsla p\u00e5 stigen. Vi g\u00f6r det genom att handplocka och produktutveckla f\u00f6r den svenska naturen. Noga utvalda komponenter testas och matchas ihop med cykelramar med modern geometri f\u00f6r att skapa b\u00e4sta f\u00f6ruts\u00e4ttningarna f\u00f6r dig. stig 135 vs. fuel EX 7 H\u00e4r [&hellip;]<\/p>\n","protected":false},"author":2,"featured_media":0,"parent":0,"menu_order":0,"comment_status":"closed","ping_status":"closed","template":"","meta":{"_acf_changed":false,"footnotes":""},"class_list":["post-17842","page","type-page","status-publish","hentry"],"acf":[],"yoast_head":"<!-- This site is optimized with the Yoast SEO plugin v27.2 - https:\/\/yoast.com\/product\/yoast-seo-wordpress\/ -->\n<title>Detrail vs. trek fuel ex 7 - Detrail Bikes<\/title>\n<meta name=\"robots\" content=\"index, follow, max-snippet:-1, max-image-preview:large, max-video-preview:-1\" \/>\n<link rel=\"canonical\" href=\"https:\/\/www.detrailbikes.com\/sv\/detrail-vs-trek-fuel-ex-7\/\" \/>\n<meta property=\"og:locale\" content=\"sv_SE\" \/>\n<meta property=\"og:type\" content=\"article\" \/>\n<meta property=\"og:title\" content=\"Detrail vs. trek fuel ex 7 - Detrail Bikes\" \/>\n<meta property=\"og:description\" content=\"Svenskt alternativ till Trek fuel ex 7 Detrail har som uppgift att maximera din k\u00e4nsla p\u00e5 stigen. Vi g\u00f6r det genom att handplocka och produktutveckla f\u00f6r den svenska naturen. Noga utvalda komponenter testas och matchas ihop med cykelramar med modern geometri f\u00f6r att skapa b\u00e4sta f\u00f6ruts\u00e4ttningarna f\u00f6r dig. stig 135 vs. fuel EX 7 H\u00e4r [&hellip;]\" \/>\n<meta property=\"og:url\" content=\"https:\/\/www.detrailbikes.com\/sv\/detrail-vs-trek-fuel-ex-7\/\" \/>\n<meta property=\"og:site_name\" content=\"Detrail Bikes\" \/>\n<meta property=\"article:modified_time\" content=\"2024-10-25T13:16:57+00:00\" \/>\n<meta property=\"og:image\" content=\"https:\/\/www.detrailbikes.com\/wp-content\/uploads\/2023\/06\/S135-SMP-S3D1B3-C-1-1024x576.jpg\" \/>\n<meta name=\"twitter:card\" content=\"summary_large_image\" \/>\n<meta name=\"twitter:label1\" content=\"Ber\u00e4knad l\u00e4stid\" \/>\n\t<meta name=\"twitter:data1\" content=\"3 minuter\" \/>\n<script type=\"application\/ld+json\" class=\"yoast-schema-graph\">{\"@context\":\"https:\/\/schema.org\",\"@graph\":[{\"@type\":\"WebPage\",\"@id\":\"https:\/\/www.detrailbikes.com\/sv\/detrail-vs-trek-fuel-ex-7\/\",\"url\":\"https:\/\/www.detrailbikes.com\/sv\/detrail-vs-trek-fuel-ex-7\/\",\"name\":\"Detrail vs. trek fuel ex 7 - Detrail Bikes\",\"isPartOf\":{\"@id\":\"https:\/\/www.detrailbikes.com\/sv\/#website\"},\"primaryImageOfPage\":{\"@id\":\"https:\/\/www.detrailbikes.com\/sv\/detrail-vs-trek-fuel-ex-7\/#primaryimage\"},\"image\":{\"@id\":\"https:\/\/www.detrailbikes.com\/sv\/detrail-vs-trek-fuel-ex-7\/#primaryimage\"},\"thumbnailUrl\":\"https:\/\/www.detrailbikes.com\/wp-content\/uploads\/2023\/06\/S135-SMP-S3D1B3-C-1-1024x576.jpg\",\"datePublished\":\"2024-02-23T10:34:14+00:00\",\"dateModified\":\"2024-10-25T13:16:57+00:00\",\"breadcrumb\":{\"@id\":\"https:\/\/www.detrailbikes.com\/sv\/detrail-vs-trek-fuel-ex-7\/#breadcrumb\"},\"inLanguage\":\"sv-SE\",\"potentialAction\":[{\"@type\":\"ReadAction\",\"target\":[\"https:\/\/www.detrailbikes.com\/sv\/detrail-vs-trek-fuel-ex-7\/\"]}]},{\"@type\":\"ImageObject\",\"inLanguage\":\"sv-SE\",\"@id\":\"https:\/\/www.detrailbikes.com\/sv\/detrail-vs-trek-fuel-ex-7\/#primaryimage\",\"url\":\"https:\/\/www.detrailbikes.com\/wp-content\/uploads\/2023\/06\/S135-SMP-S3D1B3-C-1-1024x576.jpg\",\"contentUrl\":\"https:\/\/www.detrailbikes.com\/wp-content\/uploads\/2023\/06\/S135-SMP-S3D1B3-C-1-1024x576.jpg\"},{\"@type\":\"BreadcrumbList\",\"@id\":\"https:\/\/www.detrailbikes.com\/sv\/detrail-vs-trek-fuel-ex-7\/#breadcrumb\",\"itemListElement\":[{\"@type\":\"ListItem\",\"position\":1,\"name\":\"Home\",\"item\":\"https:\/\/www.detrailbikes.com\/sv\/\"},{\"@type\":\"ListItem\",\"position\":2,\"name\":\"Detrail vs. trek fuel ex 7\"}]},{\"@type\":\"WebSite\",\"@id\":\"https:\/\/www.detrailbikes.com\/sv\/#website\",\"url\":\"https:\/\/www.detrailbikes.com\/sv\/\",\"name\":\"Detrail Bikes\",\"description\":\"\",\"publisher\":{\"@id\":\"https:\/\/www.detrailbikes.com\/sv\/#organization\"},\"potentialAction\":[{\"@type\":\"SearchAction\",\"target\":{\"@type\":\"EntryPoint\",\"urlTemplate\":\"https:\/\/www.detrailbikes.com\/sv\/?s={search_term_string}\"},\"query-input\":{\"@type\":\"PropertyValueSpecification\",\"valueRequired\":true,\"valueName\":\"search_term_string\"}}],\"inLanguage\":\"sv-SE\"},{\"@type\":\"Organization\",\"@id\":\"https:\/\/www.detrailbikes.com\/sv\/#organization\",\"name\":\"Detrail\",\"url\":\"https:\/\/www.detrailbikes.com\/sv\/\",\"logo\":{\"@type\":\"ImageObject\",\"inLanguage\":\"sv-SE\",\"@id\":\"https:\/\/www.detrailbikes.com\/sv\/#\/schema\/logo\/image\/\",\"url\":\"https:\/\/www.detrailbikes.com\/wp-content\/uploads\/2022\/04\/detrail-logo-horizontal-black.png\",\"contentUrl\":\"https:\/\/www.detrailbikes.com\/wp-content\/uploads\/2022\/04\/detrail-logo-horizontal-black.png\",\"width\":1266,\"height\":135,\"caption\":\"Detrail\"},\"image\":{\"@id\":\"https:\/\/www.detrailbikes.com\/sv\/#\/schema\/logo\/image\/\"},\"sameAs\":[\"https:\/\/www.instagram.com\/detrailbikes\/\"]}]}<\/script>\n<!-- \/ Yoast SEO plugin. -->","yoast_head_json":{"title":"Detrail vs. trek fuel ex 7 - Detrail Bikes","robots":{"index":"index","follow":"follow","max-snippet":"max-snippet:-1","max-image-preview":"max-image-preview:large","max-video-preview":"max-video-preview:-1"},"canonical":"https:\/\/www.detrailbikes.com\/sv\/detrail-vs-trek-fuel-ex-7\/","og_locale":"sv_SE","og_type":"article","og_title":"Detrail vs. trek fuel ex 7 - Detrail Bikes","og_description":"Svenskt alternativ till Trek fuel ex 7 Detrail har som uppgift att maximera din k\u00e4nsla p\u00e5 stigen. Vi g\u00f6r det genom att handplocka och produktutveckla f\u00f6r den svenska naturen. Noga utvalda komponenter testas och matchas ihop med cykelramar med modern geometri f\u00f6r att skapa b\u00e4sta f\u00f6ruts\u00e4ttningarna f\u00f6r dig. stig 135 vs. fuel EX 7 H\u00e4r [&hellip;]","og_url":"https:\/\/www.detrailbikes.com\/sv\/detrail-vs-trek-fuel-ex-7\/","og_site_name":"Detrail Bikes","article_modified_time":"2024-10-25T13:16:57+00:00","og_image":[{"url":"https:\/\/www.detrailbikes.com\/wp-content\/uploads\/2023\/06\/S135-SMP-S3D1B3-C-1-1024x576.jpg","type":"","width":"","height":""}],"twitter_card":"summary_large_image","twitter_misc":{"Ber\u00e4knad l\u00e4stid":"3 minuter"},"schema":{"@context":"https:\/\/schema.org","@graph":[{"@type":"WebPage","@id":"https:\/\/www.detrailbikes.com\/sv\/detrail-vs-trek-fuel-ex-7\/","url":"https:\/\/www.detrailbikes.com\/sv\/detrail-vs-trek-fuel-ex-7\/","name":"Detrail vs. trek fuel ex 7 - Detrail Bikes","isPartOf":{"@id":"https:\/\/www.detrailbikes.com\/sv\/#website"},"primaryImageOfPage":{"@id":"https:\/\/www.detrailbikes.com\/sv\/detrail-vs-trek-fuel-ex-7\/#primaryimage"},"image":{"@id":"https:\/\/www.detrailbikes.com\/sv\/detrail-vs-trek-fuel-ex-7\/#primaryimage"},"thumbnailUrl":"https:\/\/www.detrailbikes.com\/wp-content\/uploads\/2023\/06\/S135-SMP-S3D1B3-C-1-1024x576.jpg","datePublished":"2024-02-23T10:34:14+00:00","dateModified":"2024-10-25T13:16:57+00:00","breadcrumb":{"@id":"https:\/\/www.detrailbikes.com\/sv\/detrail-vs-trek-fuel-ex-7\/#breadcrumb"},"inLanguage":"sv-SE","potentialAction":[{"@type":"ReadAction","target":["https:\/\/www.detrailbikes.com\/sv\/detrail-vs-trek-fuel-ex-7\/"]}]},{"@type":"ImageObject","inLanguage":"sv-SE","@id":"https:\/\/www.detrailbikes.com\/sv\/detrail-vs-trek-fuel-ex-7\/#primaryimage","url":"https:\/\/www.detrailbikes.com\/wp-content\/uploads\/2023\/06\/S135-SMP-S3D1B3-C-1-1024x576.jpg","contentUrl":"https:\/\/www.detrailbikes.com\/wp-content\/uploads\/2023\/06\/S135-SMP-S3D1B3-C-1-1024x576.jpg"},{"@type":"BreadcrumbList","@id":"https:\/\/www.detrailbikes.com\/sv\/detrail-vs-trek-fuel-ex-7\/#breadcrumb","itemListElement":[{"@type":"ListItem","position":1,"name":"Home","item":"https:\/\/www.detrailbikes.com\/sv\/"},{"@type":"ListItem","position":2,"name":"Detrail vs. trek fuel ex 7"}]},{"@type":"WebSite","@id":"https:\/\/www.detrailbikes.com\/sv\/#website","url":"https:\/\/www.detrailbikes.com\/sv\/","name":"Detrail Bikes","description":"","publisher":{"@id":"https:\/\/www.detrailbikes.com\/sv\/#organization"},"potentialAction":[{"@type":"SearchAction","target":{"@type":"EntryPoint","urlTemplate":"https:\/\/www.detrailbikes.com\/sv\/?s={search_term_string}"},"query-input":{"@type":"PropertyValueSpecification","valueRequired":true,"valueName":"search_term_string"}}],"inLanguage":"sv-SE"},{"@type":"Organization","@id":"https:\/\/www.detrailbikes.com\/sv\/#organization","name":"Detrail","url":"https:\/\/www.detrailbikes.com\/sv\/","logo":{"@type":"ImageObject","inLanguage":"sv-SE","@id":"https:\/\/www.detrailbikes.com\/sv\/#\/schema\/logo\/image\/","url":"https:\/\/www.detrailbikes.com\/wp-content\/uploads\/2022\/04\/detrail-logo-horizontal-black.png","contentUrl":"https:\/\/www.detrailbikes.com\/wp-content\/uploads\/2022\/04\/detrail-logo-horizontal-black.png","width":1266,"height":135,"caption":"Detrail"},"image":{"@id":"https:\/\/www.detrailbikes.com\/sv\/#\/schema\/logo\/image\/"},"sameAs":["https:\/\/www.instagram.com\/detrailbikes\/"]}]}},"_links":{"self":[{"href":"https:\/\/www.detrailbikes.com\/sv\/wp-json\/wp\/v2\/pages\/17842","targetHints":{"allow":["GET"]}}],"collection":[{"href":"https:\/\/www.detrailbikes.com\/sv\/wp-json\/wp\/v2\/pages"}],"about":[{"href":"https:\/\/www.detrailbikes.com\/sv\/wp-json\/wp\/v2\/types\/page"}],"author":[{"embeddable":true,"href":"https:\/\/www.detrailbikes.com\/sv\/wp-json\/wp\/v2\/users\/2"}],"replies":[{"embeddable":true,"href":"https:\/\/www.detrailbikes.com\/sv\/wp-json\/wp\/v2\/comments?post=17842"}],"version-history":[{"count":3,"href":"https:\/\/www.detrailbikes.com\/sv\/wp-json\/wp\/v2\/pages\/17842\/revisions"}],"predecessor-version":[{"id":20882,"href":"https:\/\/www.detrailbikes.com\/sv\/wp-json\/wp\/v2\/pages\/17842\/revisions\/20882"}],"wp:attachment":[{"href":"https:\/\/www.detrailbikes.com\/sv\/wp-json\/wp\/v2\/media?parent=17842"}],"curies":[{"name":"wp","href":"https:\/\/api.w.org\/{rel}","templated":true}]}}