{"id":17797,"date":"2024-02-21T21:05:53","date_gmt":"2024-02-21T20:05:53","guid":{"rendered":"https:\/\/www.detrailbikes.com\/?page_id=17797"},"modified":"2024-02-21T21:54:34","modified_gmt":"2024-02-21T20:54:34","slug":"intervju","status":"publish","type":"page","link":"https:\/\/www.detrailbikes.com\/sv\/intervju\/","title":{"rendered":"Intervju"},"content":{"rendered":"\n<h2 class=\"wp-block-heading has-text-align-center\"><strong>Intervju med Anders HaglunD<\/strong><\/h2>\n\n\n\n<p class=\"lw lw--cntnt-pd\">Vi \u00e4r stolta \u00f6ver att presentera en exklusiv intervju med Anders Haglund, en framst\u00e5ende personlig coach som brinner f\u00f6r att hj\u00e4lpa andra att uppn\u00e5 sina dr\u00f6mmar. Anders \u00e4r en inspirerande talare och coachar dagligen n\u00e4ringslivets toppar och professionella atleter.<\/p>\n\n\n\n\n<div class=\"iframe-wrapper&#x20;mc&#x20;mc--l&#x20;lw&#x20;lw--cntnt-pd\" style=\"--aspect-ratio&#x3A;&#x20;56,25&#x25;&#x3B;\">\n  <div class=\"iframe-wrapper__inner\">\n    <div class=\"iframe-wrapper__iframe\">\n              <iframe width=\"560\" height=\"315\" data-src=\"https:\/\/www.youtube.com\/embed\/hLEoMPYFid0?si=7D9Yk9eO6rp7QPhD\" title=\"YouTube video player\" frameborder=\"0\" allow=\"accelerometer; autoplay; clipboard-write; encrypted-media; gyroscope; picture-in-picture; web-share\" allowfullscreen><\/iframe>\n          <\/div>\n            \n\n\n<div class=\"image&#x20;image--object-fit\">\n      <img loading=\"lazy\" decoding=\"async\" width=\"2560\" height=\"1437\" src=\"data:image\/jpeg;base64, \/9j\/4AAQSkZJRgABAQAAAAAAAAD\/4gxYSUNDX1BST0ZJTEUAAQEAAAxITGlubwIQAABtbnRyUkdCIFhZWiAHzgACAAkABgAxAABhY3NwTVNGVAAAAABJRUMgc1JHQgAAAAAAAAAAAAAAAAAA9tYAAQAAAADTLUhQICAAAAAAAAAAAAAAAAAAAAAAAAAAAAAAAAAAAAAAAAAAAAAAAAAAAAAAAAAAAAAAABFjcHJ0AAABUAAAADNkZXNjAAABhAAAAGx3dHB0AAAB8AAAABRia3B0AAACBAAAABRyWFlaAAACGAAAABRnWFlaAAACLAAAABRiWFlaAAACQAAAABRkbW5kAAACVAAAAHBkbWRkAAACxAAAAIh2dWVkAAADTAAAAIZ2aWV3AAAD1AAAACRsdW1pAAAD+AAAABRtZWFzAAAEDAAAACR0ZWNoAAAEMAAAAAxyVFJDAAAEPAAACAxnVFJDAAAEPAAACAxiVFJDAAAEPAAACAx0ZXh0AAAAAENvcHlyaWdodCAoYykgMTk5OCBIZXdsZXR0LVBhY2thcmQgQ29tcGFueQAAZGVzYwAAAAAAAAASc1JHQiBJRUM2MTk2Ni0yLjEAAAAAAAAAAAAAABJzUkdCIElFQzYxOTY2LTIuMQAAAAAAAAAAAAAAAAAAAAAAAAAAAAAAAAAAAAAAAAAAAAAAAAAAAAAAAAAAAAAAAAAAWFlaIAAAAAAAAPNRAAEAAAABFsxYWVogAAAAAAAAAAAAAAAAAAAAAFhZWiAAAAAAAABvogAAOPUAAAOQWFlaIAAAAAAAAGKZAAC3hQAAGNpYWVogAAAAAAAAJKAAAA+EAAC2z2Rlc2MAAAAAAAAAFklFQyBodHRwOi8vd3d3LmllYy5jaAAAAAAAAAAAAAAAFklFQyBodHRwOi8vd3d3LmllYy5jaAAAAAAAAAAAAAAAAAAAAAAAAAAAAAAAAAAAAAAAAAAAAAAAAAAAAAAAAAAAAABkZXNjAAAAAAAAAC5JRUMgNjE5NjYtMi4xIERlZmF1bHQgUkdCIGNvbG91ciBzcGFjZSAtIHNSR0IAAAAAAAAAAAAAAC5JRUMgNjE5NjYtMi4xIERlZmF1bHQgUkdCIGNvbG91ciBzcGFjZSAtIHNSR0IAAAAAAAAAAAAAAAAAAAAAAAAAAAAAZGVzYwAAAAAAAAAsUmVmZXJlbmNlIFZpZXdpbmcgQ29uZGl0aW9uIGluIElFQzYxOTY2LTIuMQAAAAAAAAAAAAAALFJlZmVyZW5jZSBWaWV3aW5nIENvbmRpdGlvbiBpbiBJRUM2MTk2Ni0yLjEAAAAAAAAAAAAAAAAAAAAAAAAAAAAAAAAAAHZpZXcAAAAAABOk\/gAUXy4AEM8UAAPtzAAEEwsAA1yeAAAAAVhZWiAAAAAAAEwJVgBQAAAAVx\/nbWVhcwAAAAAAAAABAAAAAAAAAAAAAAAAAAAAAAAAAo8AAAACc2lnIAAAAABDUlQgY3VydgAAAAAAAAQAAAAABQAKAA8AFAAZAB4AIwAoAC0AMgA3ADsAQABFAEoATwBUAFkAXgBjAGgAbQByAHcAfACBAIYAiwCQAJUAmgCfAKQAqQCuALIAtwC8AMEAxgDLANAA1QDbAOAA5QDrAPAA9gD7AQEBBwENARMBGQEfASUBKwEyATgBPgFFAUwBUgFZAWABZwFuAXUBfAGDAYsBkgGaAaEBqQGxAbkBwQHJAdEB2QHhAekB8gH6AgMCDAIUAh0CJgIvAjgCQQJLAlQCXQJnAnECegKEAo4CmAKiAqwCtgLBAssC1QLgAusC9QMAAwsDFgMhAy0DOANDA08DWgNmA3IDfgOKA5YDogOuA7oDxwPTA+AD7AP5BAYEEwQgBC0EOwRIBFUEYwRxBH4EjASaBKgEtgTEBNME4QTwBP4FDQUcBSsFOgVJBVgFZwV3BYYFlgWmBbUFxQXVBeUF9gYGBhYGJwY3BkgGWQZqBnsGjAadBq8GwAbRBuMG9QcHBxkHKwc9B08HYQd0B4YHmQesB78H0gflB\/gICwgfCDIIRghaCG4IggiWCKoIvgjSCOcI+wkQCSUJOglPCWQJeQmPCaQJugnPCeUJ+woRCicKPQpUCmoKgQqYCq4KxQrcCvMLCwsiCzkLUQtpC4ALmAuwC8gL4Qv5DBIMKgxDDFwMdQyODKcMwAzZDPMNDQ0mDUANWg10DY4NqQ3DDd4N+A4TDi4OSQ5kDn8Omw62DtIO7g8JDyUPQQ9eD3oPlg+zD88P7BAJECYQQxBhEH4QmxC5ENcQ9RETETERTxFtEYwRqhHJEegSBxImEkUSZBKEEqMSwxLjEwMTIxNDE2MTgxOkE8UT5RQGFCcUSRRqFIsUrRTOFPAVEhU0FVYVeBWbFb0V4BYDFiYWSRZsFo8WshbWFvoXHRdBF2UXiReuF9IX9xgbGEAYZRiKGK8Y1Rj6GSAZRRlrGZEZtxndGgQaKhpRGncanhrFGuwbFBs7G2MbihuyG9ocAhwqHFIcexyjHMwc9R0eHUcdcB2ZHcMd7B4WHkAeah6UHr4e6R8THz4faR+UH78f6iAVIEEgbCCYIMQg8CEcIUghdSGhIc4h+yInIlUigiKvIt0jCiM4I2YjlCPCI\/AkHyRNJHwkqyTaJQklOCVoJZclxyX3JicmVyaHJrcm6CcYJ0kneierJ9woDSg\/KHEooijUKQYpOClrKZ0p0CoCKjUqaCqbKs8rAis2K2krnSvRLAUsOSxuLKIs1y0MLUEtdi2rLeEuFi5MLoIuty7uLyQvWi+RL8cv\/jA1MGwwpDDbMRIxSjGCMbox8jIqMmMymzLUMw0zRjN\/M7gz8TQrNGU0njTYNRM1TTWHNcI1\/TY3NnI2rjbpNyQ3YDecN9c4FDhQOIw4yDkFOUI5fzm8Ofk6Njp0OrI67zstO2s7qjvoPCc8ZTykPOM9Ij1hPaE94D4gPmA+oD7gPyE\/YT+iP+JAI0BkQKZA50EpQWpBrEHuQjBCckK1QvdDOkN9Q8BEA0RHRIpEzkUSRVVFmkXeRiJGZ0arRvBHNUd7R8BIBUhLSJFI10kdSWNJqUnwSjdKfUrESwxLU0uaS+JMKkxyTLpNAk1KTZNN3E4lTm5Ot08AT0lPk0\/dUCdQcVC7UQZRUFGbUeZSMVJ8UsdTE1NfU6pT9lRCVI9U21UoVXVVwlYPVlxWqVb3V0RXklfgWC9YfVjLWRpZaVm4WgdaVlqmWvVbRVuVW+VcNVyGXNZdJ114XcleGl5sXr1fD19hX7NgBWBXYKpg\/GFPYaJh9WJJYpxi8GNDY5dj62RAZJRk6WU9ZZJl52Y9ZpJm6Gc9Z5Nn6Wg\/aJZo7GlDaZpp8WpIap9q92tPa6dr\/2xXbK9tCG1gbbluEm5rbsRvHm94b9FwK3CGcOBxOnGVcfByS3KmcwFzXXO4dBR0cHTMdSh1hXXhdj52m3b4d1Z3s3gReG54zHkqeYl553pGeqV7BHtje8J8IXyBfOF9QX2hfgF+Yn7CfyN\/hH\/lgEeAqIEKgWuBzYIwgpKC9INXg7qEHYSAhOOFR4Wrhg6GcobXhzuHn4gEiGmIzokziZmJ\/opkisqLMIuWi\/yMY4zKjTGNmI3\/jmaOzo82j56QBpBukNaRP5GokhGSepLjk02TtpQglIqU9JVflcmWNJaflwqXdZfgmEyYuJkkmZCZ\/JpomtWbQpuvnByciZz3nWSd0p5Anq6fHZ+Ln\/qgaaDYoUehtqImopajBqN2o+akVqTHpTilqaYapoum\/adup+CoUqjEqTepqaocqo+rAqt1q+msXKzQrUStuK4trqGvFq+LsACwdbDqsWCx1rJLssKzOLOutCW0nLUTtYq2AbZ5tvC3aLfguFm40blKucK6O7q1uy67p7whvJu9Fb2Pvgq+hL7\/v3q\/9cBwwOzBZ8Hjwl\/C28NYw9TEUcTOxUvFyMZGxsPHQce\/yD3IvMk6ybnKOMq3yzbLtsw1zLXNNc21zjbOts83z7jQOdC60TzRvtI\/0sHTRNPG1EnUy9VO1dHWVdbY11zX4Nhk2OjZbNnx2nba+9uA3AXcit0Q3ZbeHN6i3ynfr+A24L3hROHM4lPi2+Nj4+vkc+T85YTmDeaW5x\/nqegy6LzpRunQ6lvq5etw6\/vshu0R7ZzuKO6070DvzPBY8OXxcvH\/8ozzGfOn9DT0wvVQ9d72bfb794r4Gfio+Tj5x\/pX+uf7d\/wH\/Jj9Kf26\/kv+3P9t\/\/\/\/2wBDAAYEBAUEBAYFBQUGBgYHCQ4JCQgICRINDQoOFRIWFhUSFBQXGiEcFxgfGRQUHScdHyIjJSUlFhwpLCgkKyEkJST\/2wBDAQYGBgkICREJCREkGBQYJCQkJCQkJCQkJCQkJCQkJCQkJCQkJCQkJCQkJCQkJCQkJCQkJCQkJCQkJCQkJCQkJCT\/wAARCAAJABADAREAAhEBAxEB\/8QAFgABAQEAAAAAAAAAAAAAAAAABgEH\/8QAJRAAAQMDBAAHAAAAAAAAAAAAAQIDBAAFEQY0QVESYXFydbHB\/8QAFAEBAAAAAAAAAAAAAAAAAAAABf\/EAB8RAAICAQQDAAAAAAAAAAAAAAEDAAIxERIhQRMiof\/aAAwDAQACEQMRAD8AJs2eNH0\/JjM22c447KTIZKUELWyRnITykeE8dUgkM3AN+YhblL8RKR7ccnMujtW2ex25mPcErbmocwDgnCVnI8us+oodyr2ZrXEfXegURbMYRd7afhP1NOwM9zHJ+9ne9r7RRncUn\/\/Z\" class=\"lazyload\" alt=\"\" data-sizes=\"auto\" data-srcset=\"https:\/\/www.detrailbikes.com\/wp-content\/uploads\/2024\/02\/Intervju-Anders-Haglung-scaled.jpg 2560w, https:\/\/www.detrailbikes.com\/wp-content\/uploads\/2024\/02\/Intervju-Anders-Haglung-300x168.jpg 300w, https:\/\/www.detrailbikes.com\/wp-content\/uploads\/2024\/02\/Intervju-Anders-Haglung-1024x575.jpg 1024w, https:\/\/www.detrailbikes.com\/wp-content\/uploads\/2024\/02\/Intervju-Anders-Haglung-150x84.jpg 150w, https:\/\/www.detrailbikes.com\/wp-content\/uploads\/2024\/02\/Intervju-Anders-Haglung-768x431.jpg 768w, https:\/\/www.detrailbikes.com\/wp-content\/uploads\/2024\/02\/Intervju-Anders-Haglung-1536x862.jpg 1536w, https:\/\/www.detrailbikes.com\/wp-content\/uploads\/2024\/02\/Intervju-Anders-Haglung-2048x1150.jpg 2048w, https:\/\/www.detrailbikes.com\/wp-content\/uploads\/2024\/02\/Intervju-Anders-Haglung-16x9.jpg 16w, https:\/\/www.detrailbikes.com\/wp-content\/uploads\/2024\/02\/Intervju-Anders-Haglung-600x337.jpg 600w\" \/>\n  <\/div>\n\n      \n<span class=\"icon&#x20;icon--play-o\">\n    <svg xmlns=\"http:\/\/www.w3.org\/2000\/svg\" aria-hidden=\"true\" focusable=\"false\" id=\"svg-69fdea64ec664\" viewBox=\"0 0 24 24\"><path clip-rule=\"evenodd\" d=\"M12 21a9 9 0 1 0 0-18 9 9 0 0 0 0 18Zm0 2a11 11 0 1 0 0-22 11 11 0 0 0 0 22Z\" fill-rule=\"evenodd\"><\/path><path d=\"m16 12-6 4V8l6 4Z\"><\/path><\/svg>\n<\/span>\n      <\/div>\n<\/div>\n\n\n<p class=\"lw lw--cntnt-pd\">Under v\u00e5r intervju med Anders utforskade vi en rad tankev\u00e4ckande \u00e4mnen som utmanar v\u00e5ra perspektiv och inspirerar till personlig utveckling. Fr\u00e5n att diskutera den passion f\u00f6r tr\u00e4ning som kan utvecklas till en livsstil, till att utforska den djupa meningen med att leva i nuet och att omfamna naturens sk\u00f6nhet, Anders delade med sig av sina rika erfarenheter och insikter f\u00f6r att navigera genom livets olika utmaningar och m\u00f6jligheter.<\/p>\n\n\n\n<p><strong>I videon dyker vi ner i olika \u00e4mnen som:<\/strong><\/p>\n\n\n\n<p>\u2022 Har du blivit beroende av tr\u00e4ning?<\/p>\n\n\n\n<p>\u2022 En enkel formel f\u00f6r att bli b\u00e4st i v\u00e4rlden.<\/p>\n\n\n\n<p>\u2022 Bloddoping f\u00f6r motion\u00e4rer.<\/p>\n\n\n\n<p>\u2022 Naturen \u00e4r fantastisk.<\/p>\n\n\n\n<p>\u2022 Att leva i nuet.<\/p>\n\n\n\n<p>\u2022 \u00c4r stigcykling meningen med livet?<\/p>\n\n\n\n<div class=\"contact-section&#x20;lw&#x20;lw--cntnt-pd\">\n  <div class=\"contact-section__inner lw lw--cntnt-pd\">\n    <div class=\"contact-section__content\">\n      \n    <\/div>\n    <div class=\"contact-section__form\">\n      \n<div class=\"wpcf7 no-js\" id=\"wpcf7-f954-o1\" lang=\"sv-SE\" dir=\"ltr\" data-wpcf7-id=\"954\">\n<div class=\"screen-reader-response\"><p role=\"status\" aria-live=\"polite\" aria-atomic=\"true\"><\/p> <ul><\/ul><\/div>\n<form action=\"\/sv\/wp-json\/wp\/v2\/pages\/17797#wpcf7-f954-o1\" method=\"post\" class=\"wpcf7-form init\" aria-label=\"Kontaktformul\u00e4r\" novalidate=\"novalidate\" data-status=\"init\">\n<fieldset class=\"hidden-fields-container\"><input type=\"hidden\" name=\"_wpcf7\" value=\"954\" \/><input type=\"hidden\" name=\"_wpcf7_version\" value=\"6.1.5\" \/><input type=\"hidden\" name=\"_wpcf7_locale\" value=\"sv_SE\" \/><input type=\"hidden\" name=\"_wpcf7_unit_tag\" value=\"wpcf7-f954-o1\" \/><input type=\"hidden\" name=\"_wpcf7_container_post\" value=\"0\" \/><input type=\"hidden\" name=\"_wpcf7_posted_data_hash\" value=\"\" \/>\n<\/fieldset>\n<div class=\"bw\">\n\t<h2 class=\"mc mc--s\">H\u00e5ll dig uppdaterad &#8211; f\u00e5 v\u00e5rt nyhetsbrev\n\t<\/h2>\n\t<p>F\u00e5 nyheter och uppdateringar om v\u00e5ra produkter och tj\u00e4nster, i enlighet med v\u00e5r <a href=\"\/sv\/integritetspolicy\">integritetspolicy<\/a>.\n\t<\/p>\n\t<div class=\"field field--submit-aside\">\n\t\t<p><span class=\"wpcf7-form-control-wrap\" data-name=\"your-email\"><input size=\"40\" maxlength=\"400\" class=\"wpcf7-form-control wpcf7-email wpcf7-validates-as-required wpcf7-text wpcf7-validates-as-email\" aria-required=\"true\" aria-invalid=\"false\" placeholder=\"E-postadress\" value=\"\" type=\"email\" name=\"your-email\" \/><\/span><br \/>\n<input class=\"wpcf7-form-control wpcf7-submit has-spinner btn btn--solid btn--color-text btn--slim\" type=\"submit\" value=\"Anm\u00e4l dig\" \/>\n\t\t<\/p>\n\t<\/div>\n<\/div><div class=\"wpcf7-response-output\" aria-hidden=\"true\"><\/div>\n<\/form>\n<\/div>\n\n    <\/div>\n  <\/div>\n<\/div>","protected":false},"excerpt":{"rendered":"<p>Intervju med Anders HaglunD Vi \u00e4r stolta \u00f6ver att presentera en exklusiv intervju med Anders Haglund, en framst\u00e5ende personlig coach som brinner f\u00f6r att hj\u00e4lpa andra att uppn\u00e5 sina dr\u00f6mmar. Anders \u00e4r en inspirerande talare och coachar dagligen n\u00e4ringslivets toppar och professionella atleter. Under v\u00e5r intervju med Anders utforskade vi en rad tankev\u00e4ckande \u00e4mnen som [&hellip;]<\/p>\n","protected":false},"author":2,"featured_media":0,"parent":0,"menu_order":0,"comment_status":"closed","ping_status":"closed","template":"","meta":{"_acf_changed":false,"footnotes":""},"class_list":["post-17797","page","type-page","status-publish","hentry"],"acf":[],"yoast_head":"<!-- This site is optimized with the Yoast SEO plugin v27.2 - https:\/\/yoast.com\/product\/yoast-seo-wordpress\/ -->\n<title>Intervju - Detrail Bikes<\/title>\n<meta name=\"robots\" content=\"index, follow, max-snippet:-1, max-image-preview:large, max-video-preview:-1\" \/>\n<link rel=\"canonical\" href=\"https:\/\/www.detrailbikes.com\/sv\/intervju\/\" \/>\n<meta property=\"og:locale\" content=\"sv_SE\" \/>\n<meta property=\"og:type\" content=\"article\" \/>\n<meta property=\"og:title\" content=\"Intervju - Detrail Bikes\" \/>\n<meta property=\"og:description\" content=\"Intervju med Anders HaglunD Vi \u00e4r stolta \u00f6ver att presentera en exklusiv intervju med Anders Haglund, en framst\u00e5ende personlig coach som brinner f\u00f6r att hj\u00e4lpa andra att uppn\u00e5 sina dr\u00f6mmar. Anders \u00e4r en inspirerande talare och coachar dagligen n\u00e4ringslivets toppar och professionella atleter. Under v\u00e5r intervju med Anders utforskade vi en rad tankev\u00e4ckande \u00e4mnen som [&hellip;]\" \/>\n<meta property=\"og:url\" content=\"https:\/\/www.detrailbikes.com\/sv\/intervju\/\" \/>\n<meta property=\"og:site_name\" content=\"Detrail Bikes\" \/>\n<meta property=\"article:modified_time\" content=\"2024-02-21T20:54:34+00:00\" \/>\n<meta name=\"twitter:card\" content=\"summary_large_image\" \/>\n<meta name=\"twitter:label1\" content=\"Ber\u00e4knad l\u00e4stid\" \/>\n\t<meta name=\"twitter:data1\" content=\"1 minut\" \/>\n<script type=\"application\/ld+json\" class=\"yoast-schema-graph\">{\"@context\":\"https:\/\/schema.org\",\"@graph\":[{\"@type\":\"WebPage\",\"@id\":\"https:\/\/www.detrailbikes.com\/sv\/intervju\/\",\"url\":\"https:\/\/www.detrailbikes.com\/sv\/intervju\/\",\"name\":\"Intervju - Detrail Bikes\",\"isPartOf\":{\"@id\":\"https:\/\/www.detrailbikes.com\/sv\/#website\"},\"datePublished\":\"2024-02-21T20:05:53+00:00\",\"dateModified\":\"2024-02-21T20:54:34+00:00\",\"breadcrumb\":{\"@id\":\"https:\/\/www.detrailbikes.com\/sv\/intervju\/#breadcrumb\"},\"inLanguage\":\"sv-SE\",\"potentialAction\":[{\"@type\":\"ReadAction\",\"target\":[\"https:\/\/www.detrailbikes.com\/sv\/intervju\/\"]}]},{\"@type\":\"BreadcrumbList\",\"@id\":\"https:\/\/www.detrailbikes.com\/sv\/intervju\/#breadcrumb\",\"itemListElement\":[{\"@type\":\"ListItem\",\"position\":1,\"name\":\"Home\",\"item\":\"https:\/\/www.detrailbikes.com\/sv\/\"},{\"@type\":\"ListItem\",\"position\":2,\"name\":\"Intervju\"}]},{\"@type\":\"WebSite\",\"@id\":\"https:\/\/www.detrailbikes.com\/sv\/#website\",\"url\":\"https:\/\/www.detrailbikes.com\/sv\/\",\"name\":\"Detrail Bikes\",\"description\":\"\",\"publisher\":{\"@id\":\"https:\/\/www.detrailbikes.com\/sv\/#organization\"},\"potentialAction\":[{\"@type\":\"SearchAction\",\"target\":{\"@type\":\"EntryPoint\",\"urlTemplate\":\"https:\/\/www.detrailbikes.com\/sv\/?s={search_term_string}\"},\"query-input\":{\"@type\":\"PropertyValueSpecification\",\"valueRequired\":true,\"valueName\":\"search_term_string\"}}],\"inLanguage\":\"sv-SE\"},{\"@type\":\"Organization\",\"@id\":\"https:\/\/www.detrailbikes.com\/sv\/#organization\",\"name\":\"Detrail\",\"url\":\"https:\/\/www.detrailbikes.com\/sv\/\",\"logo\":{\"@type\":\"ImageObject\",\"inLanguage\":\"sv-SE\",\"@id\":\"https:\/\/www.detrailbikes.com\/sv\/#\/schema\/logo\/image\/\",\"url\":\"https:\/\/www.detrailbikes.com\/wp-content\/uploads\/2022\/04\/detrail-logo-horizontal-black.png\",\"contentUrl\":\"https:\/\/www.detrailbikes.com\/wp-content\/uploads\/2022\/04\/detrail-logo-horizontal-black.png\",\"width\":1266,\"height\":135,\"caption\":\"Detrail\"},\"image\":{\"@id\":\"https:\/\/www.detrailbikes.com\/sv\/#\/schema\/logo\/image\/\"},\"sameAs\":[\"https:\/\/www.instagram.com\/detrailbikes\/\"]}]}<\/script>\n<!-- \/ Yoast SEO plugin. -->","yoast_head_json":{"title":"Intervju - Detrail Bikes","robots":{"index":"index","follow":"follow","max-snippet":"max-snippet:-1","max-image-preview":"max-image-preview:large","max-video-preview":"max-video-preview:-1"},"canonical":"https:\/\/www.detrailbikes.com\/sv\/intervju\/","og_locale":"sv_SE","og_type":"article","og_title":"Intervju - Detrail Bikes","og_description":"Intervju med Anders HaglunD Vi \u00e4r stolta \u00f6ver att presentera en exklusiv intervju med Anders Haglund, en framst\u00e5ende personlig coach som brinner f\u00f6r att hj\u00e4lpa andra att uppn\u00e5 sina dr\u00f6mmar. Anders \u00e4r en inspirerande talare och coachar dagligen n\u00e4ringslivets toppar och professionella atleter. Under v\u00e5r intervju med Anders utforskade vi en rad tankev\u00e4ckande \u00e4mnen som [&hellip;]","og_url":"https:\/\/www.detrailbikes.com\/sv\/intervju\/","og_site_name":"Detrail Bikes","article_modified_time":"2024-02-21T20:54:34+00:00","twitter_card":"summary_large_image","twitter_misc":{"Ber\u00e4knad l\u00e4stid":"1 minut"},"schema":{"@context":"https:\/\/schema.org","@graph":[{"@type":"WebPage","@id":"https:\/\/www.detrailbikes.com\/sv\/intervju\/","url":"https:\/\/www.detrailbikes.com\/sv\/intervju\/","name":"Intervju - Detrail Bikes","isPartOf":{"@id":"https:\/\/www.detrailbikes.com\/sv\/#website"},"datePublished":"2024-02-21T20:05:53+00:00","dateModified":"2024-02-21T20:54:34+00:00","breadcrumb":{"@id":"https:\/\/www.detrailbikes.com\/sv\/intervju\/#breadcrumb"},"inLanguage":"sv-SE","potentialAction":[{"@type":"ReadAction","target":["https:\/\/www.detrailbikes.com\/sv\/intervju\/"]}]},{"@type":"BreadcrumbList","@id":"https:\/\/www.detrailbikes.com\/sv\/intervju\/#breadcrumb","itemListElement":[{"@type":"ListItem","position":1,"name":"Home","item":"https:\/\/www.detrailbikes.com\/sv\/"},{"@type":"ListItem","position":2,"name":"Intervju"}]},{"@type":"WebSite","@id":"https:\/\/www.detrailbikes.com\/sv\/#website","url":"https:\/\/www.detrailbikes.com\/sv\/","name":"Detrail Bikes","description":"","publisher":{"@id":"https:\/\/www.detrailbikes.com\/sv\/#organization"},"potentialAction":[{"@type":"SearchAction","target":{"@type":"EntryPoint","urlTemplate":"https:\/\/www.detrailbikes.com\/sv\/?s={search_term_string}"},"query-input":{"@type":"PropertyValueSpecification","valueRequired":true,"valueName":"search_term_string"}}],"inLanguage":"sv-SE"},{"@type":"Organization","@id":"https:\/\/www.detrailbikes.com\/sv\/#organization","name":"Detrail","url":"https:\/\/www.detrailbikes.com\/sv\/","logo":{"@type":"ImageObject","inLanguage":"sv-SE","@id":"https:\/\/www.detrailbikes.com\/sv\/#\/schema\/logo\/image\/","url":"https:\/\/www.detrailbikes.com\/wp-content\/uploads\/2022\/04\/detrail-logo-horizontal-black.png","contentUrl":"https:\/\/www.detrailbikes.com\/wp-content\/uploads\/2022\/04\/detrail-logo-horizontal-black.png","width":1266,"height":135,"caption":"Detrail"},"image":{"@id":"https:\/\/www.detrailbikes.com\/sv\/#\/schema\/logo\/image\/"},"sameAs":["https:\/\/www.instagram.com\/detrailbikes\/"]}]}},"_links":{"self":[{"href":"https:\/\/www.detrailbikes.com\/sv\/wp-json\/wp\/v2\/pages\/17797","targetHints":{"allow":["GET"]}}],"collection":[{"href":"https:\/\/www.detrailbikes.com\/sv\/wp-json\/wp\/v2\/pages"}],"about":[{"href":"https:\/\/www.detrailbikes.com\/sv\/wp-json\/wp\/v2\/types\/page"}],"author":[{"embeddable":true,"href":"https:\/\/www.detrailbikes.com\/sv\/wp-json\/wp\/v2\/users\/2"}],"replies":[{"embeddable":true,"href":"https:\/\/www.detrailbikes.com\/sv\/wp-json\/wp\/v2\/comments?post=17797"}],"version-history":[{"count":8,"href":"https:\/\/www.detrailbikes.com\/sv\/wp-json\/wp\/v2\/pages\/17797\/revisions"}],"predecessor-version":[{"id":17814,"href":"https:\/\/www.detrailbikes.com\/sv\/wp-json\/wp\/v2\/pages\/17797\/revisions\/17814"}],"wp:attachment":[{"href":"https:\/\/www.detrailbikes.com\/sv\/wp-json\/wp\/v2\/media?parent=17797"}],"curies":[{"name":"wp","href":"https:\/\/api.w.org\/{rel}","templated":true}]}}