{"id":10244,"date":"2023-04-04T09:14:00","date_gmt":"2023-04-04T09:14:00","guid":{"rendered":"https:\/\/www.detrailbikes.com\/press\/"},"modified":"2024-03-26T21:43:46","modified_gmt":"2024-03-26T20:43:46","slug":"press","status":"publish","type":"page","link":"https:\/\/www.detrailbikes.com\/sv\/press\/","title":{"rendered":"Press"},"content":{"rendered":"\n<div class=\"hero&#x20;lw&#x20;lw--fw&#x20;hero--use-overlay\" style=\"--hero-overlay-opacity&#x3A;&#x20;0.45&#x3B;\">\n  <div class=\"hero__inner\">\n    <div class=\"hero__image\">\n        \n\n\n<div class=\"image&#x20;image--object-fit\">\n      <img fetchpriority=\"high\" decoding=\"async\" width=\"2000\" height=\"1500\" src=\"https:\/\/www.detrailbikes.com\/wp-content\/uploads\/2023\/04\/stig-115-hero.jpg\" class=\"attachment- size-\" alt=\"\" loading=\"eager\" srcset=\"https:\/\/www.detrailbikes.com\/wp-content\/uploads\/2023\/04\/stig-115-hero.jpg 2000w, https:\/\/www.detrailbikes.com\/wp-content\/uploads\/2023\/04\/stig-115-hero-300x225.jpg 300w, https:\/\/www.detrailbikes.com\/wp-content\/uploads\/2023\/04\/stig-115-hero-1024x768.jpg 1024w, https:\/\/www.detrailbikes.com\/wp-content\/uploads\/2023\/04\/stig-115-hero-150x113.jpg 150w, https:\/\/www.detrailbikes.com\/wp-content\/uploads\/2023\/04\/stig-115-hero-768x576.jpg 768w, https:\/\/www.detrailbikes.com\/wp-content\/uploads\/2023\/04\/stig-115-hero-1536x1152.jpg 1536w, https:\/\/www.detrailbikes.com\/wp-content\/uploads\/2023\/04\/stig-115-hero-16x12.jpg 16w, https:\/\/www.detrailbikes.com\/wp-content\/uploads\/2023\/04\/stig-115-hero-600x450.jpg 600w\" sizes=\"(max-width: 2000px) 100vw, 2000px\" \/>\n  <\/div>\n\n    <\/div>\n          <div class=\"hero__content\">\n        <div class=\"hero__content-inner bw color-theme-white\">\n          \n\n<h1 class=\"wp-block-heading\">PRESS<\/h1>\n\n\n        <\/div>\n      <\/div>\n      <\/div>\n<\/div>\n<div class=\"postcard&#x20;is-style-bottom-left&#x20;lw&#x20;lw--cntnt-pd\">\n  <div class=\"postcard__inner\">\n    <div class=\"postcard__image\">\n        \n\n\n<div class=\"image&#x20;image--object-fit\">\n      <img width=\"2560\" height=\"1440\" data-src=\"https:\/\/www.detrailbikes.com\/wp-content\/uploads\/2023\/10\/Detrail_Berg155_Master_20237-scaled.jpg\" class=\"lazyload\" alt=\"\" data-sizes=\"auto\" data-srcset=\"https:\/\/www.detrailbikes.com\/wp-content\/uploads\/2023\/10\/Detrail_Berg155_Master_20237-scaled.jpg 2560w, https:\/\/www.detrailbikes.com\/wp-content\/uploads\/2023\/10\/Detrail_Berg155_Master_20237-300x169.jpg 300w, https:\/\/www.detrailbikes.com\/wp-content\/uploads\/2023\/10\/Detrail_Berg155_Master_20237-1024x576.jpg 1024w, https:\/\/www.detrailbikes.com\/wp-content\/uploads\/2023\/10\/Detrail_Berg155_Master_20237-150x84.jpg 150w, https:\/\/www.detrailbikes.com\/wp-content\/uploads\/2023\/10\/Detrail_Berg155_Master_20237-768x432.jpg 768w, https:\/\/www.detrailbikes.com\/wp-content\/uploads\/2023\/10\/Detrail_Berg155_Master_20237-1536x864.jpg 1536w, https:\/\/www.detrailbikes.com\/wp-content\/uploads\/2023\/10\/Detrail_Berg155_Master_20237-2048x1152.jpg 2048w, https:\/\/www.detrailbikes.com\/wp-content\/uploads\/2023\/10\/Detrail_Berg155_Master_20237-16x9.jpg 16w, https:\/\/www.detrailbikes.com\/wp-content\/uploads\/2023\/10\/Detrail_Berg155_Master_20237-600x338.jpg 600w\" \/>\n  <\/div>\n\n    <\/div>\n    <div class=\"postcard__content bw color-theme-white\">\n      \n\n<h3 class=\"wp-block-heading\">Thursday, OCTOBER 19, 2023<\/h3>\n\n\n\n<p class=\"is-style-default\"><strong>produktlansering<\/strong><\/p>\n\n\n\n<p>Hos Detrail Bikes, drivs vi av passionen att skapa genuina cykelupplevelser. Efter framg\u00e5ngen med v\u00e5ra stigcyklar \u00e4r det nu dags att kliva upp n\u00e5gra h\u00f6jdkurvor och forts\u00e4tta utforskandet. <\/p>\n\n\n\n\n\n<div class=\"btn-group&#x20;mc&#x20;mc--xl&#x20;lw&#x20;lw--cntnt-pd\">\n  <div class=\"btn-group__inner\">\n                  \n\n<a class=\"btn&#x20;btn--outline&#x20;btn--color-text\" href=\"https&#x3A;&#x2F;&#x2F;www.detrailbikes.com&#x2F;sv&#x2F;mini-super-enduro&#x2F;\" target=\"\">\n  <span>L\u00e4s Pressrelease<\/span>\n  <\/a>\n            <\/div>\n<\/div>\n\n    <\/div>\n  <\/div>\n<\/div>\n<div class=\"postcard&#x20;is-style-bottom-left&#x20;lw&#x20;lw--cntnt-pd\">\n  <div class=\"postcard__inner\">\n    <div class=\"postcard__image\">\n        \n\n\n<div class=\"image&#x20;image--object-fit\">\n      <img width=\"2000\" height=\"1395\" data-src=\"https:\/\/www.detrailbikes.com\/wp-content\/uploads\/2023\/04\/robin_detrail.jpg\" class=\"lazyload\" alt=\"\" data-sizes=\"auto\" data-srcset=\"https:\/\/www.detrailbikes.com\/wp-content\/uploads\/2023\/04\/robin_detrail.jpg 2000w, https:\/\/www.detrailbikes.com\/wp-content\/uploads\/2023\/04\/robin_detrail-300x209.jpg 300w, https:\/\/www.detrailbikes.com\/wp-content\/uploads\/2023\/04\/robin_detrail-1024x714.jpg 1024w, https:\/\/www.detrailbikes.com\/wp-content\/uploads\/2023\/04\/robin_detrail-150x105.jpg 150w, https:\/\/www.detrailbikes.com\/wp-content\/uploads\/2023\/04\/robin_detrail-768x536.jpg 768w, https:\/\/www.detrailbikes.com\/wp-content\/uploads\/2023\/04\/robin_detrail-1536x1071.jpg 1536w, https:\/\/www.detrailbikes.com\/wp-content\/uploads\/2023\/04\/robin_detrail-16x11.jpg 16w, https:\/\/www.detrailbikes.com\/wp-content\/uploads\/2023\/04\/robin_detrail-600x419.jpg 600w\" \/>\n  <\/div>\n\n    <\/div>\n    <div class=\"postcard__content bw color-theme-white\">\n      \n\n<h3 class=\"wp-block-heading\">Tisdag, 4 april, 2023<\/h3>\n\n\n\n<p class=\"is-style-default\"><strong>SVERIGES NYA CYKELM\u00c4RKE F\u00d6R MOUNTAINBIKES<\/strong><\/p>\n\n\n\n<p>K\u00e4rleken till skogen och m\u00e4nniskors v\u00e4lm\u00e5ende resulterade i svenska stigcyklar. Tillsammans med en veteran inom cykelv\u00e4rlden, Alastair Beckett, mixar vi det b\u00e4sta av expertis och passion.<\/p>\n\n\n\n\n\n<div class=\"btn-group&#x20;mc&#x20;mc--xl&#x20;lw&#x20;lw--cntnt-pd\">\n  <div class=\"btn-group__inner\">\n                  \n\n<a class=\"btn&#x20;btn--outline&#x20;btn--color-text\" href=\"https&#x3A;&#x2F;&#x2F;www.detrailbikes.com&#x2F;sv&#x2F;sveriges-nya-cykelmarke&#x2F;\" target=\"\">\n  <span>L\u00e4s Pressrelease<\/span>\n  <\/a>\n            <\/div>\n<\/div>\n\n    <\/div>\n  <\/div>\n<\/div>\n\n\n<div class=\"btn-group&#x20;lw&#x20;lw--cntnt-pd\">\n  <div class=\"btn-group__inner\">\n                  \n\n<a class=\"btn&#x20;btn--solid&#x20;btn--color-text\" href=\"https&#x3A;&#x2F;&#x2F;drive.google.com&#x2F;drive&#x2F;folders&#x2F;1CtjgdbbZTgB9U9VjiErNn66muyXwCm6g&#x3F;usp&#x3D;sharing\" target=\"_blank\" rel=\"noreferrer&#x20;noopener\">\n  <span>MEDIA KIT<\/span>\n  <\/a>\n            <\/div>\n<\/div>","protected":false},"excerpt":{"rendered":"","protected":false},"author":2,"featured_media":0,"parent":0,"menu_order":0,"comment_status":"closed","ping_status":"closed","template":"","meta":{"_acf_changed":false,"footnotes":""},"class_list":["post-10244","page","type-page","status-publish","hentry"],"acf":[],"yoast_head":"<!-- This site is optimized with the Yoast SEO plugin v27.2 - https:\/\/yoast.com\/product\/yoast-seo-wordpress\/ -->\n<title>Press - Detrail Bikes<\/title>\n<meta name=\"robots\" content=\"index, follow, max-snippet:-1, max-image-preview:large, max-video-preview:-1\" \/>\n<link rel=\"canonical\" href=\"https:\/\/www.detrailbikes.com\/sv\/press\/\" \/>\n<meta property=\"og:locale\" content=\"sv_SE\" \/>\n<meta property=\"og:type\" content=\"article\" \/>\n<meta property=\"og:title\" content=\"Press - Detrail Bikes\" \/>\n<meta property=\"og:url\" content=\"https:\/\/www.detrailbikes.com\/sv\/press\/\" \/>\n<meta property=\"og:site_name\" content=\"Detrail Bikes\" \/>\n<meta property=\"article:modified_time\" content=\"2024-03-26T20:43:46+00:00\" \/>\n<meta name=\"twitter:card\" content=\"summary_large_image\" \/>\n<script type=\"application\/ld+json\" class=\"yoast-schema-graph\">{\"@context\":\"https:\/\/schema.org\",\"@graph\":[{\"@type\":\"WebPage\",\"@id\":\"https:\/\/www.detrailbikes.com\/sv\/press\/\",\"url\":\"https:\/\/www.detrailbikes.com\/sv\/press\/\",\"name\":\"Press - Detrail Bikes\",\"isPartOf\":{\"@id\":\"https:\/\/www.detrailbikes.com\/sv\/#website\"},\"datePublished\":\"2023-04-04T09:14:00+00:00\",\"dateModified\":\"2024-03-26T20:43:46+00:00\",\"breadcrumb\":{\"@id\":\"https:\/\/www.detrailbikes.com\/sv\/press\/#breadcrumb\"},\"inLanguage\":\"sv-SE\",\"potentialAction\":[{\"@type\":\"ReadAction\",\"target\":[\"https:\/\/www.detrailbikes.com\/sv\/press\/\"]}]},{\"@type\":\"BreadcrumbList\",\"@id\":\"https:\/\/www.detrailbikes.com\/sv\/press\/#breadcrumb\",\"itemListElement\":[{\"@type\":\"ListItem\",\"position\":1,\"name\":\"Home\",\"item\":\"https:\/\/www.detrailbikes.com\/sv\/\"},{\"@type\":\"ListItem\",\"position\":2,\"name\":\"Press\"}]},{\"@type\":\"WebSite\",\"@id\":\"https:\/\/www.detrailbikes.com\/sv\/#website\",\"url\":\"https:\/\/www.detrailbikes.com\/sv\/\",\"name\":\"Detrail Bikes\",\"description\":\"\",\"publisher\":{\"@id\":\"https:\/\/www.detrailbikes.com\/sv\/#organization\"},\"potentialAction\":[{\"@type\":\"SearchAction\",\"target\":{\"@type\":\"EntryPoint\",\"urlTemplate\":\"https:\/\/www.detrailbikes.com\/sv\/?s={search_term_string}\"},\"query-input\":{\"@type\":\"PropertyValueSpecification\",\"valueRequired\":true,\"valueName\":\"search_term_string\"}}],\"inLanguage\":\"sv-SE\"},{\"@type\":\"Organization\",\"@id\":\"https:\/\/www.detrailbikes.com\/sv\/#organization\",\"name\":\"Detrail\",\"url\":\"https:\/\/www.detrailbikes.com\/sv\/\",\"logo\":{\"@type\":\"ImageObject\",\"inLanguage\":\"sv-SE\",\"@id\":\"https:\/\/www.detrailbikes.com\/sv\/#\/schema\/logo\/image\/\",\"url\":\"https:\/\/www.detrailbikes.com\/wp-content\/uploads\/2022\/04\/detrail-logo-horizontal-black.png\",\"contentUrl\":\"https:\/\/www.detrailbikes.com\/wp-content\/uploads\/2022\/04\/detrail-logo-horizontal-black.png\",\"width\":1266,\"height\":135,\"caption\":\"Detrail\"},\"image\":{\"@id\":\"https:\/\/www.detrailbikes.com\/sv\/#\/schema\/logo\/image\/\"},\"sameAs\":[\"https:\/\/www.instagram.com\/detrailbikes\/\"]}]}<\/script>\n<!-- \/ Yoast SEO plugin. -->","yoast_head_json":{"title":"Press - Detrail Bikes","robots":{"index":"index","follow":"follow","max-snippet":"max-snippet:-1","max-image-preview":"max-image-preview:large","max-video-preview":"max-video-preview:-1"},"canonical":"https:\/\/www.detrailbikes.com\/sv\/press\/","og_locale":"sv_SE","og_type":"article","og_title":"Press - Detrail Bikes","og_url":"https:\/\/www.detrailbikes.com\/sv\/press\/","og_site_name":"Detrail Bikes","article_modified_time":"2024-03-26T20:43:46+00:00","twitter_card":"summary_large_image","schema":{"@context":"https:\/\/schema.org","@graph":[{"@type":"WebPage","@id":"https:\/\/www.detrailbikes.com\/sv\/press\/","url":"https:\/\/www.detrailbikes.com\/sv\/press\/","name":"Press - Detrail Bikes","isPartOf":{"@id":"https:\/\/www.detrailbikes.com\/sv\/#website"},"datePublished":"2023-04-04T09:14:00+00:00","dateModified":"2024-03-26T20:43:46+00:00","breadcrumb":{"@id":"https:\/\/www.detrailbikes.com\/sv\/press\/#breadcrumb"},"inLanguage":"sv-SE","potentialAction":[{"@type":"ReadAction","target":["https:\/\/www.detrailbikes.com\/sv\/press\/"]}]},{"@type":"BreadcrumbList","@id":"https:\/\/www.detrailbikes.com\/sv\/press\/#breadcrumb","itemListElement":[{"@type":"ListItem","position":1,"name":"Home","item":"https:\/\/www.detrailbikes.com\/sv\/"},{"@type":"ListItem","position":2,"name":"Press"}]},{"@type":"WebSite","@id":"https:\/\/www.detrailbikes.com\/sv\/#website","url":"https:\/\/www.detrailbikes.com\/sv\/","name":"Detrail Bikes","description":"","publisher":{"@id":"https:\/\/www.detrailbikes.com\/sv\/#organization"},"potentialAction":[{"@type":"SearchAction","target":{"@type":"EntryPoint","urlTemplate":"https:\/\/www.detrailbikes.com\/sv\/?s={search_term_string}"},"query-input":{"@type":"PropertyValueSpecification","valueRequired":true,"valueName":"search_term_string"}}],"inLanguage":"sv-SE"},{"@type":"Organization","@id":"https:\/\/www.detrailbikes.com\/sv\/#organization","name":"Detrail","url":"https:\/\/www.detrailbikes.com\/sv\/","logo":{"@type":"ImageObject","inLanguage":"sv-SE","@id":"https:\/\/www.detrailbikes.com\/sv\/#\/schema\/logo\/image\/","url":"https:\/\/www.detrailbikes.com\/wp-content\/uploads\/2022\/04\/detrail-logo-horizontal-black.png","contentUrl":"https:\/\/www.detrailbikes.com\/wp-content\/uploads\/2022\/04\/detrail-logo-horizontal-black.png","width":1266,"height":135,"caption":"Detrail"},"image":{"@id":"https:\/\/www.detrailbikes.com\/sv\/#\/schema\/logo\/image\/"},"sameAs":["https:\/\/www.instagram.com\/detrailbikes\/"]}]}},"_links":{"self":[{"href":"https:\/\/www.detrailbikes.com\/sv\/wp-json\/wp\/v2\/pages\/10244","targetHints":{"allow":["GET"]}}],"collection":[{"href":"https:\/\/www.detrailbikes.com\/sv\/wp-json\/wp\/v2\/pages"}],"about":[{"href":"https:\/\/www.detrailbikes.com\/sv\/wp-json\/wp\/v2\/types\/page"}],"author":[{"embeddable":true,"href":"https:\/\/www.detrailbikes.com\/sv\/wp-json\/wp\/v2\/users\/2"}],"replies":[{"embeddable":true,"href":"https:\/\/www.detrailbikes.com\/sv\/wp-json\/wp\/v2\/comments?post=10244"}],"version-history":[{"count":7,"href":"https:\/\/www.detrailbikes.com\/sv\/wp-json\/wp\/v2\/pages\/10244\/revisions"}],"predecessor-version":[{"id":18008,"href":"https:\/\/www.detrailbikes.com\/sv\/wp-json\/wp\/v2\/pages\/10244\/revisions\/18008"}],"wp:attachment":[{"href":"https:\/\/www.detrailbikes.com\/sv\/wp-json\/wp\/v2\/media?parent=10244"}],"curies":[{"name":"wp","href":"https:\/\/api.w.org\/{rel}","templated":true}]}}