{"id":10018,"date":"2023-02-27T16:17:16","date_gmt":"2023-02-27T16:17:16","guid":{"rendered":"https:\/\/www.detrailbikes.com\/rekommendera-mig-en-storlek\/"},"modified":"2023-02-27T16:24:15","modified_gmt":"2023-02-27T16:24:15","slug":"rekommendera-mig-en-storlek","status":"publish","type":"page","link":"https:\/\/www.detrailbikes.com\/sv\/rekommendera-mig-en-storlek\/","title":{"rendered":"rekommendera mig en storlek"},"content":{"rendered":"\n<h2 class=\"has-text-align-center wp-block-heading\"><strong>Rekommendera mig en storlek<\/strong><\/h2>\n\n<p class=\"has-text-align-center\">Fyll i formul\u00e4ret s\u00e5 \u00e5terkommer vi fortast m\u00f6jligt med vilken storlek som vi tycker passar er.  <\/p>\n\n<div class=\"contact-section&#x20;lw&#x20;lw--cntnt-pd\">\n  <div class=\"contact-section__inner lw lw--cntnt-pd\">\n    <div class=\"contact-section__content\">\n      \n    <\/div>\n    <div class=\"contact-section__form\">\n      \n<div class=\"wpcf7 no-js\" id=\"wpcf7-f5429-o1\" lang=\"en-US\" dir=\"ltr\" data-wpcf7-id=\"5429\">\n<div class=\"screen-reader-response\"><p role=\"status\" aria-live=\"polite\" aria-atomic=\"true\"><\/p> <ul><\/ul><\/div>\n<form action=\"\/sv\/wp-json\/wp\/v2\/pages\/10018#wpcf7-f5429-o1\" method=\"post\" class=\"wpcf7-form init wpcf7-acceptance-as-validation\" aria-label=\"Contact form\" novalidate=\"novalidate\" data-status=\"init\">\n<fieldset class=\"hidden-fields-container\"><input type=\"hidden\" name=\"_wpcf7\" value=\"5429\" \/><input type=\"hidden\" name=\"_wpcf7_version\" value=\"6.1.5\" \/><input type=\"hidden\" name=\"_wpcf7_locale\" value=\"en_US\" \/><input type=\"hidden\" name=\"_wpcf7_unit_tag\" value=\"wpcf7-f5429-o1\" \/><input type=\"hidden\" name=\"_wpcf7_container_post\" value=\"0\" \/><input type=\"hidden\" name=\"_wpcf7_posted_data_hash\" value=\"\" \/>\n<\/fieldset>\n<div class=\"\">\n\t<div class=\"field-columns\">\n\t\t<div class=\"field\">\n\t\t\t<p><label>Name* <span class=\"wpcf7-form-control-wrap\" data-name=\"your-name\"><input size=\"40\" maxlength=\"400\" class=\"wpcf7-form-control wpcf7-text wpcf7-validates-as-required\" aria-required=\"true\" aria-invalid=\"false\" value=\"\" type=\"text\" name=\"your-name\" \/><\/span><\/label>\n\t\t\t<\/p>\n\t\t<\/div>\n\t\t<div class=\"field\">\n\t\t\t<p><label>Email Address* <span class=\"wpcf7-form-control-wrap\" data-name=\"your-email\"><input size=\"40\" maxlength=\"400\" class=\"wpcf7-form-control wpcf7-email wpcf7-validates-as-required wpcf7-text wpcf7-validates-as-email\" aria-required=\"true\" aria-invalid=\"false\" value=\"\" type=\"email\" name=\"your-email\" \/><\/span><\/label>\n\t\t\t<\/p>\n\t\t<\/div>\n\t<\/div>\n\t<div class=\"field-columns\">\n\t\t<div class=\"field\">\n\t\t\t<p><label>City* <span class=\"wpcf7-form-control-wrap\" data-name=\"your-city\"><input size=\"40\" maxlength=\"400\" class=\"wpcf7-form-control wpcf7-text wpcf7-validates-as-required\" aria-required=\"true\" aria-invalid=\"false\" value=\"\" type=\"text\" name=\"your-city\" \/><\/span><\/label>\n\t\t\t<\/p>\n\t\t<\/div>\n\t\t<div class=\"field\">\n\t\t\t<p><label>Your Height (cm)* <span class=\"wpcf7-form-control-wrap\" data-name=\"your-height\"><input size=\"40\" maxlength=\"400\" class=\"wpcf7-form-control wpcf7-text wpcf7-validates-as-required\" aria-required=\"true\" aria-invalid=\"false\" value=\"\" type=\"text\" name=\"your-height\" \/><\/span><\/label>\n\t\t\t<\/p>\n\t\t<\/div>\n\t<\/div>\n\t<div class=\"field-columns\">\n\t\t<div class=\"field\">\n\t\t\t<p><label>Your Inseam\/Inside leg (cm)* <span class=\"wpcf7-form-control-wrap\" data-name=\"your-inseam\"><input size=\"40\" maxlength=\"400\" class=\"wpcf7-form-control wpcf7-text wpcf7-validates-as-required\" aria-required=\"true\" aria-invalid=\"false\" value=\"\" type=\"text\" name=\"your-inseam\" \/><\/span><\/label>\n\t\t\t<\/p>\n\t\t<\/div>\n\t\t<div class=\"field\">\n\t\t\t<p><label>Your Reach (cm) <span class=\"wpcf7-form-control-wrap\" data-name=\"your-reach\"><input size=\"40\" maxlength=\"400\" class=\"wpcf7-form-control wpcf7-text\" aria-invalid=\"false\" value=\"\" type=\"text\" name=\"your-reach\" \/><\/span><\/label>\n\t\t\t<\/p>\n\t\t<\/div>\n\t<\/div>\n\t<div class=\"field-columns\">\n\t\t<div class=\"field\">\n\t\t\t<p><label>Bike* <\/label>\n\t\t\t<\/p>\n\t\t\t<div class=\"dropdown\">\n\t\t\t\t<p><span class=\"wpcf7-form-control-wrap\" data-name=\"your-bike\"><select class=\"wpcf7-form-control wpcf7-select wpcf7-validates-as-required\" aria-required=\"true\" aria-invalid=\"false\" name=\"your-bike\"><option value=\"-- Select bike --\">&#8212; Select bike &#8212;<\/option><option value=\"STIG\">STIG<\/option><option value=\"STIG 115\">STIG 115<\/option><option value=\"STIG 135\">STIG 135<\/option><option value=\"BERG 155\">BERG 155<\/option><option value=\"GRUS\">GRUS<\/option><\/select><\/span>\n\t\t\t\t<\/p>\n\t\t\t<\/div>\n\t\t<\/div>\n\t\t<div class=\"field\">\n\t\t\t<p><label>Bike Color <\/label>\n\t\t\t<\/p>\n\t\t\t<div class=\"dropdown\">\n\t\t\t\t<p><span class=\"wpcf7-form-control-wrap\" data-name=\"your-bike-color\"><select class=\"wpcf7-form-control wpcf7-select\" aria-invalid=\"false\" name=\"your-bike-color\"><option value=\"-- Select color --\">&#8212; Select color &#8212;<\/option><option value=\"Black Granite\">Black Granite<\/option><option value=\"Pine Green\">Pine Green<\/option><option value=\"Bark Gray\">Bark Gray<\/option><option value=\"Rowan Red\">Rowan Red<\/option><\/select><\/span>\n\t\t\t\t<\/p>\n\t\t\t<\/div>\n\t\t<\/div>\n\t<\/div>\n\t<div class=\"field-columns\">\n\t\t<div class=\"field\">\n\t\t\t<p><label>Message <span class=\"wpcf7-form-control-wrap\" data-name=\"your-message\"><textarea cols=\"40\" rows=\"10\" maxlength=\"2000\" class=\"wpcf7-form-control wpcf7-textarea\" aria-invalid=\"false\" placeholder=\"Write here...\" name=\"your-message\"><\/textarea><\/span><\/label>\n\t\t\t<\/p>\n\t\t<\/div>\n\t<\/div>\n\t<div class=\"field-columns field-columns--narrow\">\n\t\t<p><span id=\"wpcf7-69fddddc68de3-wrapper\" class=\"wpcf7-form-control-wrap website-wrap\" ><input type=\"hidden\" name=\"website-time-start\" value=\"1778245084\"><input type=\"hidden\" name=\"website-time-check\" value=\"4\"><label for=\"wpcf7-69fddddc68de3-field\" class=\"hp-message\">Please leave this field empty.<\/label><input id=\"wpcf7-69fddddc68de3-field\"  class=\"wpcf7-form-control wpcf7-text\" type=\"text\" name=\"website\" value=\"\" size=\"40\" tabindex=\"-1\" autocomplete=\"new-password\" \/><\/span>\n\t\t<\/p>\n\t\t<div class=\"field\">\n\t\t\t<p><span class=\"wpcf7-form-control-wrap\" data-name=\"acceptance\"><span class=\"wpcf7-form-control wpcf7-acceptance\"><span class=\"wpcf7-list-item\"><label><input type=\"checkbox\" name=\"acceptance\" value=\"1\" aria-invalid=\"false\" \/><span class=\"wpcf7-list-item-label\">By clicking the checkbox, I ask Detrail to contact me, in accordance with their <a href=\"\/privacy-policy\" target=\"_blank\">privacy policy<\/a>.<\/span><\/label><\/span><\/span><\/span>\n\t\t\t<\/p>\n\t\t<\/div>\n\t<\/div>\n\t<div class=\"field-columns field-columns--center\">\n\t\t<div class=\"field\">\n\t\t\t<p><input class=\"wpcf7-form-control wpcf7-submit has-spinner btn btn--solid btn--color-text\" type=\"submit\" value=\"Send\" \/>\n\t\t\t<\/p>\n\t\t<\/div>\n\t<\/div>\n<\/div><div class=\"wpcf7-response-output\" aria-hidden=\"true\"><\/div>\n<\/form>\n<\/div>\n\n    <\/div>\n  <\/div>\n<\/div>\n<h2 class=\"has-text-align-center mc mc--l wp-block-heading\"><strong>L\u00e4s mer om v\u00e5r MTB-Fit<\/strong><\/h2>\n\n\n\n<div class=\"btn-group&#x20;mc&#x20;mc--none&#x20;lw&#x20;lw--txt&#x20;aligncenter\">\n  <div class=\"btn-group__inner\">\n                  \n\n<a class=\"btn&#x20;btn--outline&#x20;btn--color-text\" href=\"https&#x3A;&#x2F;&#x2F;www.detrailbikes.com&#x2F;sv&#x2F;mtb-fit&#x2F;\" target=\"\">\n  <span>MTB-fit<\/span>\n  <\/a>\n            <\/div>\n<\/div>\n<figure class=\"wp-block-image size-large is-resized lw lw--txt\"><img loading=\"lazy\" decoding=\"async\" src=\"https:\/\/www.detrailbikes.com\/wp-content\/uploads\/2023\/01\/MTB-FITartch-1024x615.png\" alt=\"\" class=\"wp-image-808\" width=\"654\" height=\"392\" srcset=\"https:\/\/www.detrailbikes.com\/wp-content\/uploads\/2023\/01\/MTB-FITartch-1024x615.png 1024w, https:\/\/www.detrailbikes.com\/wp-content\/uploads\/2023\/01\/MTB-FITartch-600x360.png 600w, https:\/\/www.detrailbikes.com\/wp-content\/uploads\/2023\/01\/MTB-FITartch-300x180.png 300w, https:\/\/www.detrailbikes.com\/wp-content\/uploads\/2023\/01\/MTB-FITartch-150x90.png 150w, https:\/\/www.detrailbikes.com\/wp-content\/uploads\/2023\/01\/MTB-FITartch-768x461.png 768w, https:\/\/www.detrailbikes.com\/wp-content\/uploads\/2023\/01\/MTB-FITartch-1536x922.png 1536w, https:\/\/www.detrailbikes.com\/wp-content\/uploads\/2023\/01\/MTB-FITartch-2048x1229.png 2048w, https:\/\/www.detrailbikes.com\/wp-content\/uploads\/2023\/01\/MTB-FITartch-16x10.png 16w\" sizes=\"auto, (max-width: 654px) 100vw, 654px\" \/><\/figure>\n","protected":false},"excerpt":{"rendered":"<p>Rekommendera mig en storlek Fyll i formul\u00e4ret s\u00e5 \u00e5terkommer vi fortast m\u00f6jligt med vilken storlek som vi tycker passar er. L\u00e4s mer om v\u00e5r MTB-Fit<\/p>\n","protected":false},"author":2,"featured_media":0,"parent":0,"menu_order":0,"comment_status":"closed","ping_status":"closed","template":"","meta":{"_acf_changed":false,"footnotes":""},"class_list":["post-10018","page","type-page","status-publish","hentry"],"acf":[],"yoast_head":"<!-- This site is optimized with the Yoast SEO plugin v27.2 - https:\/\/yoast.com\/product\/yoast-seo-wordpress\/ -->\n<title>rekommendera mig en storlek - Detrail Bikes<\/title>\n<meta name=\"robots\" content=\"index, follow, max-snippet:-1, max-image-preview:large, max-video-preview:-1\" \/>\n<link rel=\"canonical\" href=\"https:\/\/www.detrailbikes.com\/sv\/rekommendera-mig-en-storlek\/\" \/>\n<meta property=\"og:locale\" content=\"sv_SE\" \/>\n<meta property=\"og:type\" content=\"article\" \/>\n<meta property=\"og:title\" content=\"rekommendera mig en storlek - Detrail Bikes\" \/>\n<meta property=\"og:description\" content=\"Rekommendera mig en storlek Fyll i formul\u00e4ret s\u00e5 \u00e5terkommer vi fortast m\u00f6jligt med vilken storlek som vi tycker passar er. L\u00e4s mer om v\u00e5r MTB-Fit\" \/>\n<meta property=\"og:url\" content=\"https:\/\/www.detrailbikes.com\/sv\/rekommendera-mig-en-storlek\/\" \/>\n<meta property=\"og:site_name\" content=\"Detrail Bikes\" \/>\n<meta property=\"article:modified_time\" content=\"2023-02-27T16:24:15+00:00\" \/>\n<meta property=\"og:image\" content=\"https:\/\/www.detrailbikes.com\/wp-content\/uploads\/2023\/01\/MTB-FITartch-1024x615.png\" \/>\n<meta name=\"twitter:card\" content=\"summary_large_image\" \/>\n<script type=\"application\/ld+json\" class=\"yoast-schema-graph\">{\"@context\":\"https:\/\/schema.org\",\"@graph\":[{\"@type\":\"WebPage\",\"@id\":\"https:\/\/www.detrailbikes.com\/sv\/rekommendera-mig-en-storlek\/\",\"url\":\"https:\/\/www.detrailbikes.com\/sv\/rekommendera-mig-en-storlek\/\",\"name\":\"rekommendera mig en storlek - Detrail Bikes\",\"isPartOf\":{\"@id\":\"https:\/\/www.detrailbikes.com\/sv\/#website\"},\"primaryImageOfPage\":{\"@id\":\"https:\/\/www.detrailbikes.com\/sv\/rekommendera-mig-en-storlek\/#primaryimage\"},\"image\":{\"@id\":\"https:\/\/www.detrailbikes.com\/sv\/rekommendera-mig-en-storlek\/#primaryimage\"},\"thumbnailUrl\":\"https:\/\/www.detrailbikes.com\/wp-content\/uploads\/2023\/01\/MTB-FITartch-1024x615.png\",\"datePublished\":\"2023-02-27T16:17:16+00:00\",\"dateModified\":\"2023-02-27T16:24:15+00:00\",\"breadcrumb\":{\"@id\":\"https:\/\/www.detrailbikes.com\/sv\/rekommendera-mig-en-storlek\/#breadcrumb\"},\"inLanguage\":\"sv-SE\",\"potentialAction\":[{\"@type\":\"ReadAction\",\"target\":[\"https:\/\/www.detrailbikes.com\/sv\/rekommendera-mig-en-storlek\/\"]}]},{\"@type\":\"ImageObject\",\"inLanguage\":\"sv-SE\",\"@id\":\"https:\/\/www.detrailbikes.com\/sv\/rekommendera-mig-en-storlek\/#primaryimage\",\"url\":\"https:\/\/www.detrailbikes.com\/wp-content\/uploads\/2023\/01\/MTB-FITartch-1024x615.png\",\"contentUrl\":\"https:\/\/www.detrailbikes.com\/wp-content\/uploads\/2023\/01\/MTB-FITartch-1024x615.png\"},{\"@type\":\"BreadcrumbList\",\"@id\":\"https:\/\/www.detrailbikes.com\/sv\/rekommendera-mig-en-storlek\/#breadcrumb\",\"itemListElement\":[{\"@type\":\"ListItem\",\"position\":1,\"name\":\"Home\",\"item\":\"https:\/\/www.detrailbikes.com\/sv\/\"},{\"@type\":\"ListItem\",\"position\":2,\"name\":\"rekommendera mig en storlek\"}]},{\"@type\":\"WebSite\",\"@id\":\"https:\/\/www.detrailbikes.com\/sv\/#website\",\"url\":\"https:\/\/www.detrailbikes.com\/sv\/\",\"name\":\"Detrail Bikes\",\"description\":\"\",\"publisher\":{\"@id\":\"https:\/\/www.detrailbikes.com\/sv\/#organization\"},\"potentialAction\":[{\"@type\":\"SearchAction\",\"target\":{\"@type\":\"EntryPoint\",\"urlTemplate\":\"https:\/\/www.detrailbikes.com\/sv\/?s={search_term_string}\"},\"query-input\":{\"@type\":\"PropertyValueSpecification\",\"valueRequired\":true,\"valueName\":\"search_term_string\"}}],\"inLanguage\":\"sv-SE\"},{\"@type\":\"Organization\",\"@id\":\"https:\/\/www.detrailbikes.com\/sv\/#organization\",\"name\":\"Detrail\",\"url\":\"https:\/\/www.detrailbikes.com\/sv\/\",\"logo\":{\"@type\":\"ImageObject\",\"inLanguage\":\"sv-SE\",\"@id\":\"https:\/\/www.detrailbikes.com\/sv\/#\/schema\/logo\/image\/\",\"url\":\"https:\/\/www.detrailbikes.com\/wp-content\/uploads\/2022\/04\/detrail-logo-horizontal-black.png\",\"contentUrl\":\"https:\/\/www.detrailbikes.com\/wp-content\/uploads\/2022\/04\/detrail-logo-horizontal-black.png\",\"width\":1266,\"height\":135,\"caption\":\"Detrail\"},\"image\":{\"@id\":\"https:\/\/www.detrailbikes.com\/sv\/#\/schema\/logo\/image\/\"},\"sameAs\":[\"https:\/\/www.instagram.com\/detrailbikes\/\"]}]}<\/script>\n<!-- \/ Yoast SEO plugin. -->","yoast_head_json":{"title":"rekommendera mig en storlek - Detrail Bikes","robots":{"index":"index","follow":"follow","max-snippet":"max-snippet:-1","max-image-preview":"max-image-preview:large","max-video-preview":"max-video-preview:-1"},"canonical":"https:\/\/www.detrailbikes.com\/sv\/rekommendera-mig-en-storlek\/","og_locale":"sv_SE","og_type":"article","og_title":"rekommendera mig en storlek - Detrail Bikes","og_description":"Rekommendera mig en storlek Fyll i formul\u00e4ret s\u00e5 \u00e5terkommer vi fortast m\u00f6jligt med vilken storlek som vi tycker passar er. L\u00e4s mer om v\u00e5r MTB-Fit","og_url":"https:\/\/www.detrailbikes.com\/sv\/rekommendera-mig-en-storlek\/","og_site_name":"Detrail Bikes","article_modified_time":"2023-02-27T16:24:15+00:00","og_image":[{"url":"https:\/\/www.detrailbikes.com\/wp-content\/uploads\/2023\/01\/MTB-FITartch-1024x615.png","type":"","width":"","height":""}],"twitter_card":"summary_large_image","schema":{"@context":"https:\/\/schema.org","@graph":[{"@type":"WebPage","@id":"https:\/\/www.detrailbikes.com\/sv\/rekommendera-mig-en-storlek\/","url":"https:\/\/www.detrailbikes.com\/sv\/rekommendera-mig-en-storlek\/","name":"rekommendera mig en storlek - Detrail Bikes","isPartOf":{"@id":"https:\/\/www.detrailbikes.com\/sv\/#website"},"primaryImageOfPage":{"@id":"https:\/\/www.detrailbikes.com\/sv\/rekommendera-mig-en-storlek\/#primaryimage"},"image":{"@id":"https:\/\/www.detrailbikes.com\/sv\/rekommendera-mig-en-storlek\/#primaryimage"},"thumbnailUrl":"https:\/\/www.detrailbikes.com\/wp-content\/uploads\/2023\/01\/MTB-FITartch-1024x615.png","datePublished":"2023-02-27T16:17:16+00:00","dateModified":"2023-02-27T16:24:15+00:00","breadcrumb":{"@id":"https:\/\/www.detrailbikes.com\/sv\/rekommendera-mig-en-storlek\/#breadcrumb"},"inLanguage":"sv-SE","potentialAction":[{"@type":"ReadAction","target":["https:\/\/www.detrailbikes.com\/sv\/rekommendera-mig-en-storlek\/"]}]},{"@type":"ImageObject","inLanguage":"sv-SE","@id":"https:\/\/www.detrailbikes.com\/sv\/rekommendera-mig-en-storlek\/#primaryimage","url":"https:\/\/www.detrailbikes.com\/wp-content\/uploads\/2023\/01\/MTB-FITartch-1024x615.png","contentUrl":"https:\/\/www.detrailbikes.com\/wp-content\/uploads\/2023\/01\/MTB-FITartch-1024x615.png"},{"@type":"BreadcrumbList","@id":"https:\/\/www.detrailbikes.com\/sv\/rekommendera-mig-en-storlek\/#breadcrumb","itemListElement":[{"@type":"ListItem","position":1,"name":"Home","item":"https:\/\/www.detrailbikes.com\/sv\/"},{"@type":"ListItem","position":2,"name":"rekommendera mig en storlek"}]},{"@type":"WebSite","@id":"https:\/\/www.detrailbikes.com\/sv\/#website","url":"https:\/\/www.detrailbikes.com\/sv\/","name":"Detrail Bikes","description":"","publisher":{"@id":"https:\/\/www.detrailbikes.com\/sv\/#organization"},"potentialAction":[{"@type":"SearchAction","target":{"@type":"EntryPoint","urlTemplate":"https:\/\/www.detrailbikes.com\/sv\/?s={search_term_string}"},"query-input":{"@type":"PropertyValueSpecification","valueRequired":true,"valueName":"search_term_string"}}],"inLanguage":"sv-SE"},{"@type":"Organization","@id":"https:\/\/www.detrailbikes.com\/sv\/#organization","name":"Detrail","url":"https:\/\/www.detrailbikes.com\/sv\/","logo":{"@type":"ImageObject","inLanguage":"sv-SE","@id":"https:\/\/www.detrailbikes.com\/sv\/#\/schema\/logo\/image\/","url":"https:\/\/www.detrailbikes.com\/wp-content\/uploads\/2022\/04\/detrail-logo-horizontal-black.png","contentUrl":"https:\/\/www.detrailbikes.com\/wp-content\/uploads\/2022\/04\/detrail-logo-horizontal-black.png","width":1266,"height":135,"caption":"Detrail"},"image":{"@id":"https:\/\/www.detrailbikes.com\/sv\/#\/schema\/logo\/image\/"},"sameAs":["https:\/\/www.instagram.com\/detrailbikes\/"]}]}},"_links":{"self":[{"href":"https:\/\/www.detrailbikes.com\/sv\/wp-json\/wp\/v2\/pages\/10018","targetHints":{"allow":["GET"]}}],"collection":[{"href":"https:\/\/www.detrailbikes.com\/sv\/wp-json\/wp\/v2\/pages"}],"about":[{"href":"https:\/\/www.detrailbikes.com\/sv\/wp-json\/wp\/v2\/types\/page"}],"author":[{"embeddable":true,"href":"https:\/\/www.detrailbikes.com\/sv\/wp-json\/wp\/v2\/users\/2"}],"replies":[{"embeddable":true,"href":"https:\/\/www.detrailbikes.com\/sv\/wp-json\/wp\/v2\/comments?post=10018"}],"version-history":[{"count":1,"href":"https:\/\/www.detrailbikes.com\/sv\/wp-json\/wp\/v2\/pages\/10018\/revisions"}],"predecessor-version":[{"id":10019,"href":"https:\/\/www.detrailbikes.com\/sv\/wp-json\/wp\/v2\/pages\/10018\/revisions\/10019"}],"wp:attachment":[{"href":"https:\/\/www.detrailbikes.com\/sv\/wp-json\/wp\/v2\/media?parent=10018"}],"curies":[{"name":"wp","href":"https:\/\/api.w.org\/{rel}","templated":true}]}}